{"id":19,"date":"2022-11-28T16:31:35","date_gmt":"2022-11-28T15:31:35","guid":{"rendered":"https:\/\/dev.benbenben.fr\/autresmesures\/?page_id=19"},"modified":"2022-11-28T18:24:42","modified_gmt":"2022-11-28T17:24:42","slug":"accueil","status":"publish","type":"page","link":"https:\/\/dev.benbenben.fr\/autresmesures\/","title":{"rendered":"Accueil"},"content":{"rendered":"\n<div class=\"wp-block-media-text alignwide is-stacked-on-mobile\"><figure class=\"wp-block-media-text__media\"><img loading=\"lazy\" decoding=\"async\" width=\"698\" height=\"1024\" src=\"https:\/\/dev.benbenben.fr\/autresmesures\/wp-content\/uploads\/2022\/11\/visuel_2022-698x1024.jpg\" alt=\"\" class=\"wp-image-20 size-full\" srcset=\"https:\/\/dev.benbenben.fr\/autresmesures\/wp-content\/uploads\/2022\/11\/visuel_2022-698x1024.jpg 698w, https:\/\/dev.benbenben.fr\/autresmesures\/wp-content\/uploads\/2022\/11\/visuel_2022-205x300.jpg 205w, https:\/\/dev.benbenben.fr\/autresmesures\/wp-content\/uploads\/2022\/11\/visuel_2022-768x1126.jpg 768w, https:\/\/dev.benbenben.fr\/autresmesures\/wp-content\/uploads\/2022\/11\/visuel_2022-1047x1536.jpg 1047w, https:\/\/dev.benbenben.fr\/autresmesures\/wp-content\/uploads\/2022\/11\/visuel_2022.jpg 1280w\" sizes=\"auto, (max-width: 698px) 100vw, 698px\" \/><\/figure><div class=\"wp-block-media-text__content\">\n<h1 class=\"wp-block-heading\">autres mesures<\/h1>\n\n\n\n<hr class=\"wp-block-separator has-alpha-channel-opacity is-style-wide solid\"\/>\n\n\n\n<h2 class=\"cormorant wp-block-heading\">musique contemporaine in situ, Rennes<\/h2>\n\n\n\n<h3 class=\"wp-block-heading\">8\u00e8me \u00e9dition, du 22 janvier au 5 f\u00e9vrier 2023<\/h3>\n\n\n\n<p>Depuis sa premi\u00e8re \u00e9dition en janvier 2015, le festival Autres Mesures s\u2019est progressivement implant\u00e9 dans le paysage des \u00e9v\u00e9nements hivernaux de la ville de Rennes, offrant \u00e0 son public un panorama \u00e9clectique de la cr\u00e9ation musicale contemporaine.<\/p>\n\n\n\n<p>Comme \u00e0 son habitude, il offrira dans les principaux lieux d\u2019exposition de la ville des concerts libres d\u2019acc\u00e8s, et investira de nouveaux espaces, \u00e9largissant chaque ann\u00e9e ses partenariats: \u00e0 l\u2019image d\u2019une soir\u00e9e commune avec Waterproof, les Tomb\u00e9es de la Nuit, L\u2019Institut Franco-Americain ou Les Ateliers du Vent. Pour la deuxi\u00e8me ann\u00e9e cons\u00e9cutive, le festival proposera un temps de r\u00e9sidence pour les artistes, devenant ainsi rampe de lancement de nouveaux spectacles, tout en mettant l\u2019accent sur les actions de m\u00e9diation, \u00e0 travers des conf\u00e9rences et masterclasses.<\/p>\n\n\n\n<p>L\u2019audace, l\u2019exigence m\u00eal\u00e9e de fantaisie et le rapport de proximit\u00e9 avec l\u2019auditoire seront une nouvelle fois les ingr\u00e9dients de cette nouvelle \u00e9dition, \u00e0 laquelle nous vous attendons nombreux !<\/p>\n<\/div><\/div>\n","protected":false},"excerpt":{"rendered":"","protected":false},"author":1,"featured_media":0,"parent":0,"menu_order":0,"comment_status":"closed","ping_status":"closed","template":"","meta":{"_acf_changed":false,"footnotes":""},"class_list":["post-19","page","type-page","status-publish","hentry"],"acf":[],"_links":{"self":[{"href":"https:\/\/dev.benbenben.fr\/autresmesures\/wp-json\/wp\/v2\/pages\/19","targetHints":{"allow":["GET"]}}],"collection":[{"href":"https:\/\/dev.benbenben.fr\/autresmesures\/wp-json\/wp\/v2\/pages"}],"about":[{"href":"https:\/\/dev.benbenben.fr\/autresmesures\/wp-json\/wp\/v2\/types\/page"}],"author":[{"embeddable":true,"href":"https:\/\/dev.benbenben.fr\/autresmesures\/wp-json\/wp\/v2\/users\/1"}],"replies":[{"embeddable":true,"href":"https:\/\/dev.benbenben.fr\/autresmesures\/wp-json\/wp\/v2\/comments?post=19"}],"version-history":[{"count":12,"href":"https:\/\/dev.benbenben.fr\/autresmesures\/wp-json\/wp\/v2\/pages\/19\/revisions"}],"predecessor-version":[{"id":37,"href":"https:\/\/dev.benbenben.fr\/autresmesures\/wp-json\/wp\/v2\/pages\/19\/revisions\/37"}],"wp:attachment":[{"href":"https:\/\/dev.benbenben.fr\/autresmesures\/wp-json\/wp\/v2\/media?parent=19"}],"curies":[{"name":"wp","href":"https:\/\/api.w.org\/{rel}","templated":true}]}}