{"id":12,"date":"2021-04-22T10:20:50","date_gmt":"2021-04-22T08:20:50","guid":{"rendered":"http:\/\/dev.benbenben.fr\/celie2023\/?page_id=12"},"modified":"2021-05-28T17:15:29","modified_gmt":"2021-05-28T15:15:29","slug":"bibliographie","status":"publish","type":"page","link":"https:\/\/dev.benbenben.fr\/celie2023\/bibliographie\/","title":{"rendered":"Bibliographie"},"content":{"rendered":"\n<p><strong>Sophrologie<\/strong><\/p>\n\n\n\n<ul class=\"wp-block-list\"><li>PASCAL GAUTHIER,<em>\u00a0D\u00e9couvrir la sophrologie<\/em>, InterEditions Dunod, 2011<em>.<\/em><\/li><li>R. ESPOSITO D. AUBERT, P. GAUTIER, B. SANTERRE et 20 autres collaborateurs,\u00a0<em>Sophrologie, Lexique des concepts, techniques et champs d&rsquo;application<\/em>,\u00a0Ed. Elsevier Masson,\u00a02010.<\/li><li>RAYMOND ABREZOL<em>,\u00a0Tout savoir sur la sophrologie, <\/em>Ed. Randin Signal, 1994.<\/li><li>BERNARD ETCELLECOU, <em>Manuel de sophrologie p\u00e9dagogique et th\u00e9rapeutique<\/em>, Ed. Maloine, 1998.<\/li><\/ul>\n\n\n\n<p><strong>M\u00e9ditation de pleine conscience<\/strong><\/p>\n\n\n\n<ul class=\"wp-block-list\"><li>CHRISTOPHE ANDRE, MATTHIEU RICARD, ALEXANDRE JOLLIEN<em>,\u00a0Trois amis en qu\u00eate de sagesse, <\/em>Co-Ed. L\u2019iconoclaste, 2016.<\/li><li>DR JON KABAT-ZINN<em>, Au c\u0153ur de la tourmente, la pleine conscience<\/em>, Bien-\u00eatre j\u2019ai lu, 2012.<\/li><li>DR JON KABAT-ZINN, <em>108 le\u00e7ons de pleine conscience<\/em>, Ed. des Ar\u00e8nes, 2010.<\/li><li>THICH NHAT HANH, <em>La s\u00e9r\u00e9nit\u00e9 de l\u2019instant<\/em>, Ed. J\u2019ai lu, 2008.<\/li><li>MARTIN AYLWARD, <em>Ne te quitte pas<\/em>, Ed. Les Ar\u00e8nes, 2019.<\/li><li>ELLEN LANGER<em>, Pratiquer la pleine conscience au quotidien, ce que change la mindfullness dans notre vie<\/em>, InterEditions, 2015.<\/li><li>JEAN-PHILIPPE LACHAUX, <em>Le cerveau attentif, contr\u00f4le, ma\u00eetrise et l\u00e2cher-prise<\/em>, Ed. Odile Jacob, 2013.<\/li><\/ul>\n\n\n\n<p><strong>Conscience corporelle et mouvements<\/strong><\/p>\n\n\n\n<ul class=\"wp-block-list\"><li>BENOIT LESAGE, <em>Jalons pour une pratique psychocorporelle, Structures, \u00e9tayage, mouvement et relation<\/em>, Collection l\u2019Ailleurs du Corps, Ed. Eres, 2014.<\/li><li>BENOIT LESAGE, <em>La danse dans le processus th\u00e9rapeutique, Fondements, outils et clinique en danse-th\u00e9rapie<\/em>, Collection l\u2019Ailleurs du Corps, Ed. Eres, 2014.<\/li><li>ANNE LISE GALLAND-PEERBOOM, <em>Le travail corporel Peerboom, Un chemin vers l\u2019unit\u00e9 de l\u2019\u00eatre<\/em>, 2011.<\/li><li>JACQUES GARROS, <em>Corporellement, La conscience d\u2019\u00eatre un corps<\/em>, C\u00e9padu\u00e8s Editions du Midi, 2017.<\/li><li><em>JACQUES GARROS, Corporellement, Psychomotricit\u00e9 ou la non-s\u00e9parabilit\u00e9 des contraires, <\/em>C\u00e9padu\u00e8s Editions du midi, 2017.<\/li><li>JOEL CLERGET, <em>Corps, image et contact, Une pr\u00e9sence \u00e0 l\u2019intime<\/em>, Collection l\u2019Ailleurs du Corps, Ed. Eres, 2014.<\/li><\/ul>\n\n\n\n<p><strong>Th\u00e9matiques<\/strong><\/p>\n\n\n\n<ul class=\"wp-block-list\"><li>MARSHALL B. ROSENBERG<em>,\u00a0Les mots sont des fen\u00eatres (ou bien ce sont des murs), <\/em>Ed. La d\u00e9couverte, 2016.<\/li><li>DON MIGUEL RUIZ<em>,\u00a0Les quatre accords tolt\u00e8ques, <\/em>Ed. Jouvence, 2016.<\/li><li>PATRICK CLERVOY, <em>Les pouvoirs de l\u2019esprit sur le corps<\/em>, Ed. Odile Jacob, 2018.<\/li><li>DAVID SANDER, <em>Le monde des \u00e9motions<\/em>, Cerveau&amp;psycho, Ed. Belin, 2015.<\/li><li>DANIEL GOLEMAN, <em>L\u2019intelligence \u00e9motionnelle, Comment transformer ses \u00e9motions en intelligence<\/em>, Ed. France Loisirs, 1997.<\/li><li>ECKHART TOLLE, <em>Le pouvoir du moment pr\u00e9sent<\/em>, Ed. J\u2019ai lu, 1999.<\/li><li>ECKHART TOLLE, <em>Mettre en pratique le pouvoir du moment pr\u00e9sent<\/em>, Ed. J\u2019ai lu, 2001.<\/li><li>SAVERIO TOMASELLA, <em>Hypersensibles, trop sensibles pour \u00eatre heureux ?,<\/em>\u00a0 Ed. Eyrolles, 2013.<\/li><li>ELAINE N. ARON, <em>Ces gens qui ont peur d\u2019avoir peur, Mieux comprendre l\u2019hypersensibilit\u00e9<\/em>, Les Editions de l\u2019homme, 2013.<\/li><\/ul>\n\n\n\n<p><strong>D\u00e9veloppement personnel<\/strong><\/p>\n\n\n\n<ul class=\"wp-block-list\"><li>FLORENCE SERVAN-SCHREIBER,<em> 3 kifs par jour, Marabout, 2001.<\/em><\/li><li>FREDERIC LENOIR<em>,\u00a0Petit trait\u00e9 de vie int\u00e9rieure, <\/em>Ed. Pocket, 2012.<\/li><li>FABRICE MIDAL<em>, Foutez-vous la paix et commencez \u00e0 vivre, <\/em>Flammarion Versilio, 2017<\/li><li>MARK MANSON<em>, L\u2019art subtil de s\u2019en foutre, <\/em>Eyrolles, 2017.<\/li><li>LUC ODOUIN<em>,\u00a0Bien dans son corps au quotidien<\/em>, Les \u00e9ditions d&rsquo;Organisation, 2003.<\/li><\/ul>\n\n\n\n<p><strong>Romans &amp; D\u00e9veloppement personnel<\/strong><\/p>\n\n\n\n<ul class=\"wp-block-list\"><li>LAURENT GOUNELLE<em>,\u00a0L\u2019homme qui voulait \u00eatre heureux, <\/em>Ed. Pocket, 2010.<\/li><li>LAURENT GOUNELLE, <em>Les dieux voyagent toujours incognito<\/em>, Ed. Anne Carri\u00e8re, 2010.<\/li><li>LAURENT GOUNELLE, <em>Le jour o\u00f9 j\u2019ai appris \u00e0 vivre<\/em>, Ed. Kero, 2014.<\/li><li>LAURENT GOUNELLE, <em>Le philosophe qui n\u2019\u00e9tait pas sage<\/em>, Ed. Kero Plon, 2012.<\/li><li>RAPHAELLE GIORDANO, <em>Ta deuxi\u00e8me vie commence quand tu comprends que tu n\u2019en as qu\u2019une<\/em>, Ed. Eyrolles, 2015, Pocket 2017.<\/li><li>RAPHAELLE GIORDANO, <em>Cupidon a des ailes en carton<\/em>, Ed. Pocket, 2020.<\/li><li>RAPHAELLE GIORDANO, <em>Le jour o\u00f9 les lions mangeront de la salade verte<\/em>, Ed. Eyrolles, 2017, Pocket 2019.<\/li><li>RAPHAELLE GIORDANO, <em>Le bazar du z\u00e8bre \u00e0 pois<\/em>, Ed. Plon, 2021.<\/li><\/ul>\n","protected":false},"excerpt":{"rendered":"<p>Sophrologie PASCAL GAUTHIER,\u00a0D\u00e9couvrir la sophrologie, InterEditions Dunod, 2011. R. ESPOSITO D. AUBERT, P. GAUTIER, B. SANTERRE et 20 autres collaborateurs,\u00a0Sophrologie, Lexique des concepts, techniques et champs d&rsquo;application,\u00a0Ed. Elsevier Masson,\u00a02010. RAYMOND ABREZOL,\u00a0Tout savoir sur la sophrologie, Ed. Randin Signal, 1994. BERNARD ETCELLECOU, Manuel de sophrologie p\u00e9dagogique et th\u00e9rapeutique, Ed. Maloine, 1998. M\u00e9ditation de pleine conscience CHRISTOPHE [&hellip;]<\/p>\n","protected":false},"author":1,"featured_media":0,"parent":0,"menu_order":0,"comment_status":"closed","ping_status":"closed","template":"","meta":{"ub_ctt_via":"","footnotes":""},"class_list":["post-12","page","type-page","status-publish","hentry"],"acf":[],"featured_image_src":null,"_links":{"self":[{"href":"https:\/\/dev.benbenben.fr\/celie2023\/wp-json\/wp\/v2\/pages\/12","targetHints":{"allow":["GET"]}}],"collection":[{"href":"https:\/\/dev.benbenben.fr\/celie2023\/wp-json\/wp\/v2\/pages"}],"about":[{"href":"https:\/\/dev.benbenben.fr\/celie2023\/wp-json\/wp\/v2\/types\/page"}],"author":[{"embeddable":true,"href":"https:\/\/dev.benbenben.fr\/celie2023\/wp-json\/wp\/v2\/users\/1"}],"replies":[{"embeddable":true,"href":"https:\/\/dev.benbenben.fr\/celie2023\/wp-json\/wp\/v2\/comments?post=12"}],"version-history":[{"count":5,"href":"https:\/\/dev.benbenben.fr\/celie2023\/wp-json\/wp\/v2\/pages\/12\/revisions"}],"predecessor-version":[{"id":281,"href":"https:\/\/dev.benbenben.fr\/celie2023\/wp-json\/wp\/v2\/pages\/12\/revisions\/281"}],"wp:attachment":[{"href":"https:\/\/dev.benbenben.fr\/celie2023\/wp-json\/wp\/v2\/media?parent=12"}],"curies":[{"name":"wp","href":"https:\/\/api.w.org\/{rel}","templated":true}]}}