{"id":286,"date":"2021-05-28T17:51:03","date_gmt":"2021-05-28T15:51:03","guid":{"rendered":"http:\/\/dev.benbenben.fr\/celie2023\/?page_id=286"},"modified":"2021-07-26T10:31:26","modified_gmt":"2021-07-26T08:31:26","slug":"interventions-exterieures","status":"publish","type":"page","link":"https:\/\/dev.benbenben.fr\/celie2023\/interventions-exterieures\/","title":{"rendered":"Interventions ext\u00e9rieures"},"content":{"rendered":"\n<p><strong>Depuis le d\u00e9but de ma pratique, j\u2019interviens dans diff\u00e9rents \u00e9tablissements, structures et j\u2019accompagne de publics tr\u00e8s vari\u00e9s.<br>Les demandes sont pr\u00e9sent\u00e9es par les \u00e9quipes, analys\u00e9es par mes soins et les objectifs d\u2019accompagnement qui en d\u00e9coulent sont valid\u00e9s conjointement&nbsp;: chaque intervention est unique.<\/strong><\/p>\n\n\n\n<div class=\"wp-block-group\"><div class=\"wp-block-group__inner-container is-layout-flow wp-block-group-is-layout-flow\"><\/div><\/div>\n\n\n<div class=\"wp-block-ub-content-toggle\" id=\"ub-content-toggle-03608b1f-ace1-4d2a-88df-12ff312c2423\" data-mobilecollapse=\"false\" data-desktopcollapse=\"true\">\n<div class=\"no-border wp-block-ub-content-toggle-accordion\">\n                <div class=\"wp-block-ub-content-toggle-accordion-title-wrap\"\" aria-controls=\"ub-content-toggle-panel-0-03608b1f-ace1-4d2a-88df-12ff312c2423\" tabindex=\"0\">\n                    <h3 class=\"wp-block-ub-content-toggle-accordion-title ub-content-toggle-title-03608b1f-ace1-4d2a-88df-12ff312c2423\">Milieu Artistique<\/h3><div class=\"wp-block-ub-content-toggle-accordion-toggle-wrap right\"><span class=\"wp-block-ub-content-toggle-accordion-state-indicator wp-block-ub-chevron-down\"><\/span>\n                    <\/div><\/div><div role=\"region\" aria-expanded=\"false\" class=\"wp-block-ub-content-toggle-accordion-content-wrap ub-hide\" id=\"ub-content-toggle-panel-0-03608b1f-ace1-4d2a-88df-12ff312c2423\">\n\n<p>Issue du milieu culturel et artistique, j\u2019ai fait le choix d\u2019accompagner des \u00e9quipes artistiques en tant que \u00ab&nbsp;pr\u00e9paratrice\/ metteuse en condition&nbsp;\u00bb, contribuant modestement \u00e0 l\u2019espace de cr\u00e9ation, de (re)cr\u00e9ation, de construction collective.<br>Chaque accompagnement permet, individuellement ou collectivement, des temps de mise en condition, de pr\u00e9paration, de soutien, de regard ext\u00e9rieur.<br><br>Exemple de th\u00e9matiques abord\u00e9es&nbsp;:<\/p>\n\n\n\n<ul class=\"wp-block-list\"><li>Poser les bases de la respiration comme fil conducteur du jeu<\/li><li>Travailler le retour \u00e0 soi<\/li><li>Reconnecter le corps \u00e0 la sph\u00e8re \u00e9motionnelle<\/li><li>Retrouver l\u2019unit\u00e9 de soi tout en interpr\u00e9tant un \u00ab&nbsp;autre&nbsp;\u00bb<\/li><li>S\u2019appuyer sur sa propre histoire, son v\u00e9cu au service du jeu afin que chaque repr\u00e9sentation soit unique en lien avec l\u2019\u00e9tat physique, \u00e9motionnel et mental de l\u2019instant.<\/li><\/ul>\n\n\n\n<div style=\"height:20px\" aria-hidden=\"true\" class=\"wp-block-spacer\"><\/div>\n\n\n\n<p>J\u2019accompagne \u00e0 ce jour deux \u00e9quipes&nbsp;:<\/p>\n\n\n\n<div class=\"wp-block-columns is-layout-flex wp-container-core-columns-is-layout-9d6595d7 wp-block-columns-is-layout-flex\">\n<div class=\"wp-block-column is-layout-flow wp-block-column-is-layout-flow\">\n<p>Une \u00e9quipe de com\u00e9diens et des amateurs, pour la Compagnie bordelaise De Chair et d\u2019Os dirig\u00e9e par Caroline Melon.<\/p>\n\n\n\n<p class=\"has-text-align-right\"><a rel=\"noreferrer noopener\" href=\"https:\/\/www.dechairetdos.fr\/\" target=\"_blank\">dechairetdos.fr<\/a><\/p>\n<\/div>\n\n\n\n<div class=\"wp-block-column is-layout-flow wp-block-column-is-layout-flow\">\n<p>Une \u00e9quipe de danseurs pour la cr\u00e9ation RECOVERING de Linda Hayford, au sein du collectif FAIR-E du CCNRB de Rennes.<\/p>\n\n\n\n<p class=\"has-text-align-right\"><a rel=\"noreferrer noopener\" href=\"https:\/\/ccnrb.org\/collectif-fair-e\/membres\/linda-hayford\/?lang=fr\" target=\"_blank\">ccnrb.org<\/a><\/p>\n<\/div>\n<\/div>\n\n<\/div><\/div>\n\n<div class=\"no-border wp-block-ub-content-toggle-accordion\">\n                <div class=\"wp-block-ub-content-toggle-accordion-title-wrap\"\" aria-controls=\"ub-content-toggle-panel-1-03608b1f-ace1-4d2a-88df-12ff312c2423\" tabindex=\"0\">\n                    <h3 class=\"wp-block-ub-content-toggle-accordion-title ub-content-toggle-title-03608b1f-ace1-4d2a-88df-12ff312c2423\">Milieu Hospitalier<\/h3><div class=\"wp-block-ub-content-toggle-accordion-toggle-wrap right\"><span class=\"wp-block-ub-content-toggle-accordion-state-indicator wp-block-ub-chevron-down\"><\/span>\n                    <\/div><\/div><div role=\"region\" aria-expanded=\"false\" class=\"wp-block-ub-content-toggle-accordion-content-wrap ub-hide\" id=\"ub-content-toggle-panel-1-03608b1f-ace1-4d2a-88df-12ff312c2423\">\n\n<p>Depuis le d\u00e9but de ma pratique, j\u2019interviens au sein de CRCM (Centre de Ressources et de Comp\u00e9tences de la Mucoviscidose).<\/p>\n\n\n\n<h3 class=\"wp-block-heading\">Pour les patients<\/h3>\n\n\n\n<p>S\u00e9ances de sophrologie individuelles et pleine conscience pour les patients du CRCM, en p\u00e9diatrie et pour les adultes.<br><br>En compl\u00e9ment des traitements m\u00e9dicamenteux, la sophrologie vise le d\u00e9veloppement d\u2019un mieux-\u00eatre des patients en leur permettant d\u2019\u00eatre plus ancr\u00e9s, plus sereins. Je propose des pratiques pour leur permettre de se lib\u00e9rer des tensions existantes et de se r\u00e9approprier leur corps.<br>La sophrologie permet un v\u00e9ritable travail sur les douleurs physiques, mentales et \u00e9motionnelles et vise \u00e0 l\u2019autonomie du patient. Retrouver la confiance et l\u2019estime de soi et int\u00e9grer les sensations agr\u00e9ables leur permet de d\u00e9velopper une harmonie corps et esprit malgr\u00e9 la maladie.<\/p>\n\n\n\n<h3 class=\"wp-block-heading\">Pour les \u00e9quipes<\/h3>\n\n\n\n<p>Cycle de m\u00e9ditation de pleine conscience, 8 s\u00e9ances de d\u00e9couverte de la pratique pour le personnel du CRCM<br>Approfondissement possible sur les th\u00e9matiques souhait\u00e9es (gestion des douleurs physiques et\/ou \u00e9motionnelles, r\u00e9gulation \u00e9motionnelle, communication interpersonnelle etc.).<br>L\u2019entrainement \u00e0 l\u2019attention se d\u00e9veloppe sur une m\u00eame base : orienter l\u2019attention, d\u00e9lib\u00e9r\u00e9ment, sur les sensations, les perceptions. Dans ce contexte, les soignants partagent un m\u00eame acte profond\u00e9ment altruiste et r\u00e9g\u00e9n\u00e9rant : donner de l\u2019attention.<\/p>\n\n\n\n<p><a href=\"https:\/\/www.vaincrelamuco.org\/\">https:\/\/www.vaincrelamuco.org\/<\/a><br><a href=\"https:\/\/association-gregorylemarchal.org\/\">https:\/\/association-gregorylemarchal.org\/<\/a><\/p>\n\n<\/div><\/div>\n\n<div class=\"no-border wp-block-ub-content-toggle-accordion\">\n                <div class=\"wp-block-ub-content-toggle-accordion-title-wrap\"\" aria-controls=\"ub-content-toggle-panel-2-03608b1f-ace1-4d2a-88df-12ff312c2423\" tabindex=\"0\">\n                    <h3 class=\"wp-block-ub-content-toggle-accordion-title ub-content-toggle-title-03608b1f-ace1-4d2a-88df-12ff312c2423\">Milieu de l&rsquo;enseignement<\/h3><div class=\"wp-block-ub-content-toggle-accordion-toggle-wrap right\"><span class=\"wp-block-ub-content-toggle-accordion-state-indicator wp-block-ub-chevron-down\"><\/span>\n                    <\/div><\/div><div role=\"region\" aria-expanded=\"false\" class=\"wp-block-ub-content-toggle-accordion-content-wrap ub-hide\" id=\"ub-content-toggle-panel-2-03608b1f-ace1-4d2a-88df-12ff312c2423\">\n\n<p>Je suis intervenue dans plusieurs \u00e9tablissements scolaires, que ce soit lors d\u2019ateliers de TAP (Temps d\u2019Activit\u00e9s P\u00e9riscolaire) ou en parall\u00e8le du programme scolaire pendant les heures d\u2019enseignements (des enfants de la maternelle aux \u00e9l\u00e8ves de 3\u00e8me pour pr\u00e9parer le brevet).<\/p>\n\n\n\n<p>Ces interventions permettent aux enfants d\u2019avoir des espaces pour s\u2019exprimer autrement, se reconnecter \u00e0 eux et \u00e0 leur corps, comprendre et partager leurs \u00e9motions, leurs difficult\u00e9s, mais aussi leur permettre de mettre des mots sur ce qu\u2019ils appr\u00e9cient les uns des autres, identifier leurs valeurs et leur capacit\u00e9s. Nous travaillons aussi \u00e0 d\u00e9velopper et renforcer l\u2019attention, la concentration et le raisonnement.<\/p>\n\n\n\n<p>Pour les plus petits, j\u2019ai recours aux histoires, aux coloriages, aux mouvements en jeux, et j\u2019utilise des objets (balles, bulles, papier brouillon, coussins, cartes, vid\u00e9o anim\u00e9es de courts m\u00e9trages etc.).<\/p>\n\n\n\n<p>Pour les plus grands, j\u2019utilise l\u2019\u00e9criture parfois et le th\u00e9\u00e2tre, en association avec les techniques de la sophrologie et de la m\u00e9ditation de pleine conscience.<\/p>\n\n<\/div><\/div>\n\n<div class=\"no-border wp-block-ub-content-toggle-accordion\">\n                <div class=\"wp-block-ub-content-toggle-accordion-title-wrap\"\" aria-controls=\"ub-content-toggle-panel-3-03608b1f-ace1-4d2a-88df-12ff312c2423\" tabindex=\"0\">\n                    <h3 class=\"wp-block-ub-content-toggle-accordion-title ub-content-toggle-title-03608b1f-ace1-4d2a-88df-12ff312c2423\"><strong>Milieu Carc\u00e9ral<\/strong><\/h3><div class=\"wp-block-ub-content-toggle-accordion-toggle-wrap right\"><span class=\"wp-block-ub-content-toggle-accordion-state-indicator wp-block-ub-chevron-down\"><\/span>\n                    <\/div><\/div><div role=\"region\" aria-expanded=\"false\" class=\"wp-block-ub-content-toggle-accordion-content-wrap ub-hide\" id=\"ub-content-toggle-panel-3-03608b1f-ace1-4d2a-88df-12ff312c2423\">\n\n<p>J\u2019interviens depuis l\u2019ann\u00e9e 2021 au centre p\u00e9nitentiaire des hommes de Vezin le Coquet, dans l\u2019UDV (Unit\u00e9 des Grands Violents). Il s\u2019agit d\u2019un programme auquel je participe afin de permettre aux d\u00e9tenus de cette unit\u00e9 de d\u00e9couvrir et d\u2019avoir acc\u00e8s \u00e0 des temps de pratique de yoga, m\u00e9ditation, \u00e9criture par le RAP, psychologie, art th\u00e9rapie et sophrologie.<\/p>\n\n\n\n<p>En s\u00e9ances individuelles, il s\u2019agit d\u2019aborder la gestion des \u00e9motions pour faire face aux ph\u00e9nom\u00e8nes de violence travers\u00e9s par les d\u00e9tenus dans diff\u00e9rents contextes de leur incarc\u00e9ration.<br><br>J\u2019y propose des temps ax\u00e9s sur la confiance en soi, le retour et l\u2019apprentissage de la respiration, la visualisation d\u2019image positive, la relaxation\u2026<\/p>\n\n<\/div><\/div>\n\n<div class=\"no-border wp-block-ub-content-toggle-accordion\">\n                <div class=\"wp-block-ub-content-toggle-accordion-title-wrap\"\" aria-controls=\"ub-content-toggle-panel-4-03608b1f-ace1-4d2a-88df-12ff312c2423\" tabindex=\"0\">\n                    <h3 class=\"wp-block-ub-content-toggle-accordion-title ub-content-toggle-title-03608b1f-ace1-4d2a-88df-12ff312c2423\">Milieu de la parentalit\u00e9<\/h3><div class=\"wp-block-ub-content-toggle-accordion-toggle-wrap right\"><span class=\"wp-block-ub-content-toggle-accordion-state-indicator wp-block-ub-chevron-down\"><\/span>\n                    <\/div><\/div><div role=\"region\" aria-expanded=\"false\" class=\"wp-block-ub-content-toggle-accordion-content-wrap ub-hide\" id=\"ub-content-toggle-panel-4-03608b1f-ace1-4d2a-88df-12ff312c2423\">\n\n<p>J\u2019interviens depuis 2020 au centre de parentalit\u00e9 O\u2019nidou, quartier St H\u00e9lier \u00e0 Rennes.<br>Ce centre propose de nombreux ateliers collectifs aux femmes enceintes, aux jeunes mamans, aux futurs et jeunes papas et aux enfants en bas \u00e2ge. Y sont propos\u00e9s des ateliers de yoga, pilates, portage, langue des signes, danse, chant, cours de couture, ateliers couches lavables, massage, initiation aux gestes de premiers secours\u2026<\/p>\n\n\n\n<p>J\u2019y propose des ateliers de sophrologie pour futures et jeunes mamans. En tant que jeune maman, je consid\u00e8re plus qu\u2019essentiel d\u2019\u00eatre soutenue dans cette p\u00e9riode de grand chamboulement, qu\u2019il s\u2019agisse d\u2019un premier enfant ou du quatri\u00e8me. Trop de femmes et\/ou de parents se sentent seuls et d\u00e9bord\u00e9s par cette \u00e9tape de vie.<br><br>Les propositions permettent d\u2019avoir des espaces pour soi, o\u00f9 les femmes et\/ou les hommes se sentent soutenus, \u00e9cout\u00e9s, entour\u00e9s et repartent avec des outils de tous les jours.<\/p>\n\n\n\n<p><a href=\"http:\/\/www.rennes.onidou.fr\">www.rennes.onidou.fr<\/a><\/p>\n\n<\/div><\/div>\n<\/div>","protected":false},"excerpt":{"rendered":"<p>Depuis le d\u00e9but de ma pratique, j\u2019interviens dans diff\u00e9rents \u00e9tablissements, structures et j\u2019accompagne de publics tr\u00e8s vari\u00e9s.Les demandes sont pr\u00e9sent\u00e9es par les \u00e9quipes, analys\u00e9es par mes soins et les objectifs d\u2019accompagnement qui en d\u00e9coulent sont valid\u00e9s conjointement&nbsp;: chaque intervention est unique.<\/p>\n","protected":false},"author":1,"featured_media":304,"parent":0,"menu_order":0,"comment_status":"closed","ping_status":"closed","template":"","meta":{"ub_ctt_via":"","footnotes":""},"class_list":["post-286","page","type-page","status-publish","has-post-thumbnail","hentry"],"acf":[],"featured_image_src":"https:\/\/dev.benbenben.fr\/celie2023\/wp-content\/uploads\/2021\/05\/plume.jpeg","_links":{"self":[{"href":"https:\/\/dev.benbenben.fr\/celie2023\/wp-json\/wp\/v2\/pages\/286","targetHints":{"allow":["GET"]}}],"collection":[{"href":"https:\/\/dev.benbenben.fr\/celie2023\/wp-json\/wp\/v2\/pages"}],"about":[{"href":"https:\/\/dev.benbenben.fr\/celie2023\/wp-json\/wp\/v2\/types\/page"}],"author":[{"embeddable":true,"href":"https:\/\/dev.benbenben.fr\/celie2023\/wp-json\/wp\/v2\/users\/1"}],"replies":[{"embeddable":true,"href":"https:\/\/dev.benbenben.fr\/celie2023\/wp-json\/wp\/v2\/comments?post=286"}],"version-history":[{"count":20,"href":"https:\/\/dev.benbenben.fr\/celie2023\/wp-json\/wp\/v2\/pages\/286\/revisions"}],"predecessor-version":[{"id":390,"href":"https:\/\/dev.benbenben.fr\/celie2023\/wp-json\/wp\/v2\/pages\/286\/revisions\/390"}],"wp:featuredmedia":[{"embeddable":true,"href":"https:\/\/dev.benbenben.fr\/celie2023\/wp-json\/wp\/v2\/media\/304"}],"wp:attachment":[{"href":"https:\/\/dev.benbenben.fr\/celie2023\/wp-json\/wp\/v2\/media?parent=286"}],"curies":[{"name":"wp","href":"https:\/\/api.w.org\/{rel}","templated":true}]}}