{"id":294,"date":"2021-05-28T17:59:26","date_gmt":"2021-05-28T15:59:26","guid":{"rendered":"http:\/\/dev.benbenben.fr\/celie2023\/?page_id=294"},"modified":"2022-09-07T12:04:29","modified_gmt":"2022-09-07T10:04:29","slug":"ou-quand-comment","status":"publish","type":"page","link":"https:\/\/dev.benbenben.fr\/celie2023\/ou-quand-comment\/","title":{"rendered":"O\u00f9 ? Quand ? Comment ?"},"content":{"rendered":"\n<h2 class=\"wp-block-heading\"><strong>S\u00e9ances individuelles<\/strong><\/h2>\n\n\n\n<h3 class=\"wp-block-heading\"><strong>Au cabinet<\/strong><\/h3>\n\n\n\n<p>18 Square de la Rance (quartier Dinan St Malo, entre les stations de M\u00e9tro St Anne et Anatole France)<\/p>\n\n\n\n<figure class=\"wp-block-gallery has-nested-images columns-default is-cropped wp-block-gallery-1 is-layout-flex wp-block-gallery-is-layout-flex\">\n<figure class=\"wp-block-image size-large\"><img loading=\"lazy\" decoding=\"async\" width=\"1440\" height=\"1920\" data-id=\"1788\" src=\"http:\/\/dev.benbenben.fr\/celie2023\/wp-content\/uploads\/2022\/09\/atelier_3.jpg\" alt=\"\" class=\"wp-image-1788\" srcset=\"https:\/\/dev.benbenben.fr\/celie2023\/wp-content\/uploads\/2022\/09\/atelier_3.jpg 1440w, https:\/\/dev.benbenben.fr\/celie2023\/wp-content\/uploads\/2022\/09\/atelier_3-225x300.jpg 225w, https:\/\/dev.benbenben.fr\/celie2023\/wp-content\/uploads\/2022\/09\/atelier_3-768x1024.jpg 768w, https:\/\/dev.benbenben.fr\/celie2023\/wp-content\/uploads\/2022\/09\/atelier_3-1152x1536.jpg 1152w\" sizes=\"auto, (max-width: 1440px) 100vw, 1440px\" \/><\/figure>\n\n\n\n<figure class=\"wp-block-image size-large\"><img loading=\"lazy\" decoding=\"async\" width=\"1920\" height=\"1440\" data-id=\"1789\" src=\"http:\/\/dev.benbenben.fr\/celie2023\/wp-content\/uploads\/2022\/09\/atelier_1.jpg\" alt=\"\" class=\"wp-image-1789\" srcset=\"https:\/\/dev.benbenben.fr\/celie2023\/wp-content\/uploads\/2022\/09\/atelier_1.jpg 1920w, https:\/\/dev.benbenben.fr\/celie2023\/wp-content\/uploads\/2022\/09\/atelier_1-300x225.jpg 300w, https:\/\/dev.benbenben.fr\/celie2023\/wp-content\/uploads\/2022\/09\/atelier_1-1024x768.jpg 1024w, https:\/\/dev.benbenben.fr\/celie2023\/wp-content\/uploads\/2022\/09\/atelier_1-768x576.jpg 768w, https:\/\/dev.benbenben.fr\/celie2023\/wp-content\/uploads\/2022\/09\/atelier_1-1536x1152.jpg 1536w\" sizes=\"auto, (max-width: 1920px) 100vw, 1920px\" \/><\/figure>\n\n\n\n<figure class=\"wp-block-image size-large\"><img loading=\"lazy\" decoding=\"async\" width=\"1920\" height=\"1440\" data-id=\"1790\" src=\"http:\/\/dev.benbenben.fr\/celie2023\/wp-content\/uploads\/2022\/09\/atelier_2.jpg\" alt=\"\" class=\"wp-image-1790\" srcset=\"https:\/\/dev.benbenben.fr\/celie2023\/wp-content\/uploads\/2022\/09\/atelier_2.jpg 1920w, https:\/\/dev.benbenben.fr\/celie2023\/wp-content\/uploads\/2022\/09\/atelier_2-300x225.jpg 300w, https:\/\/dev.benbenben.fr\/celie2023\/wp-content\/uploads\/2022\/09\/atelier_2-1024x768.jpg 1024w, https:\/\/dev.benbenben.fr\/celie2023\/wp-content\/uploads\/2022\/09\/atelier_2-768x576.jpg 768w, https:\/\/dev.benbenben.fr\/celie2023\/wp-content\/uploads\/2022\/09\/atelier_2-1536x1152.jpg 1536w\" sizes=\"auto, (max-width: 1920px) 100vw, 1920px\" \/><\/figure>\n<\/figure>\n\n\n\n<p><strong>Tarifs :<\/strong><\/p>\n\n\n\n<ul class=\"wp-block-list\"><li>Premi\u00e8re s\u00e9ance de sophrologie adulte, 60\u20ac<\/li><li>Suivi, s\u00e9ance de sophrologie adulte, 55\u20ac<\/li><li>Premi\u00e8re s\u00e9ance de sophrologie enfant (de 8 ans \u00e0 14ans), 55\u20ac<\/li><li>Suivi, s\u00e9ance de sophrologie enfant (de 8 ans \u00e0 14ans), 50\u20ac<\/li><\/ul>\n\n\n\n<ul class=\"wp-block-list\"><li>Atelier de sophrologie femme enceinte, 15\u20ac<\/li><li>Atelier de sophrologie femme enceinte, pack de 5 s\u00e9ances, 60\u20ac<\/li><\/ul>\n\n\n\n<p>Atelier \u00e0 la P\u00e9niche La nouvelle Lune :<\/p>\n\n\n\n<ul class=\"wp-block-list\"><li>Cours d&rsquo;essai, 10\u20ac<\/li><li>Cours, 18\u20ac<\/li><li>10 cours, 150\u20ac<\/li><li>20 cours, 260\u20ac<\/li><li>30 cours, 360\u20ac<\/li><\/ul>\n\n\n\n<h3 class=\"wp-block-heading\"><strong>\u00c0 domicile<\/strong><\/h3>\n\n\n\n<p>Frais de d\u00e9placement \u00e0 partir de 5kms<\/p>\n\n\n\n<h2 class=\"wp-block-heading\"><strong>S\u00e9ances collectives<\/strong> (<a href=\"http:\/\/dev.benbenben.fr\/celie2023\/planning-des-ateliers-collectifs-2022-23\/\">Voir le planning des ateliers collectifs<\/a>)<\/h2>\n\n\n\n<h3 class=\"wp-block-heading\"><strong>\u00c0 domicile<\/strong><\/h3>\n\n\n\n<p>Pour un groupe d\u2019ami(e)s ou en famille, sophrologie, m\u00e9ditation ou conscience corporelle et mouvement.<br>Frais de d\u00e9placement \u00e0 pr\u00e9voir selon distance<\/p>\n\n\n\n<h2 class=\"wp-block-heading\"><strong>Atelier conscience corporelle et mouvements<\/strong><\/h2>\n\n\n\n<p>Sur une demi-journ\u00e9e, une journ\u00e9e, un weekend, 5 jours\u2026<br>Groupe de 6 \u00e0 15 personnes, th\u00e9, caf\u00e9 et collations sur place<br>Si nuit\u00e9e sur place, le prix des nuit\u00e9es et repas sera compris dans le prix total<br>Le lieu change \u00e0 chaque atelier\u2026<br><a href=\"http:\/\/dev.benbenben.fr\/celie2023\/blog-agenda\/\">Voir l\u2019agenda<\/a><br><br>Vous pouvez vous-m\u00eame constituer un groupe entre ami(e)s, famille, EVJF, pendant une r\u00e9sidence artistique, un \u00e9v\u00e9nement, un festival\u2026 Devis personnalis\u00e9, sur mesure.<\/p>\n\n\n\n<h2 class=\"wp-block-heading\"><strong>Intervention en entreprise<\/strong><\/h2>\n\n\n\n<p>Devis personnalis\u00e9, sur mesure.<\/p>\n","protected":false},"excerpt":{"rendered":"<p>S\u00e9ances individuelles Au cabinet 18 Square de la Rance (quartier Dinan St Malo, entre les stations de M\u00e9tro St Anne et Anatole France) Tarifs : Premi\u00e8re s\u00e9ance de sophrologie adulte, 60\u20ac Suivi, s\u00e9ance de sophrologie adulte, 55\u20ac Premi\u00e8re s\u00e9ance de sophrologie enfant (de 8 ans \u00e0 14ans), 55\u20ac Suivi, s\u00e9ance de sophrologie enfant (de 8 [&hellip;]<\/p>\n","protected":false},"author":1,"featured_media":302,"parent":0,"menu_order":0,"comment_status":"closed","ping_status":"closed","template":"","meta":{"ub_ctt_via":"","footnotes":""},"class_list":["post-294","page","type-page","status-publish","has-post-thumbnail","hentry"],"acf":[],"featured_image_src":"https:\/\/dev.benbenben.fr\/celie2023\/wp-content\/uploads\/2021\/05\/agenda.jpeg","_links":{"self":[{"href":"https:\/\/dev.benbenben.fr\/celie2023\/wp-json\/wp\/v2\/pages\/294","targetHints":{"allow":["GET"]}}],"collection":[{"href":"https:\/\/dev.benbenben.fr\/celie2023\/wp-json\/wp\/v2\/pages"}],"about":[{"href":"https:\/\/dev.benbenben.fr\/celie2023\/wp-json\/wp\/v2\/types\/page"}],"author":[{"embeddable":true,"href":"https:\/\/dev.benbenben.fr\/celie2023\/wp-json\/wp\/v2\/users\/1"}],"replies":[{"embeddable":true,"href":"https:\/\/dev.benbenben.fr\/celie2023\/wp-json\/wp\/v2\/comments?post=294"}],"version-history":[{"count":10,"href":"https:\/\/dev.benbenben.fr\/celie2023\/wp-json\/wp\/v2\/pages\/294\/revisions"}],"predecessor-version":[{"id":1794,"href":"https:\/\/dev.benbenben.fr\/celie2023\/wp-json\/wp\/v2\/pages\/294\/revisions\/1794"}],"wp:featuredmedia":[{"embeddable":true,"href":"https:\/\/dev.benbenben.fr\/celie2023\/wp-json\/wp\/v2\/media\/302"}],"wp:attachment":[{"href":"https:\/\/dev.benbenben.fr\/celie2023\/wp-json\/wp\/v2\/media?parent=294"}],"curies":[{"name":"wp","href":"https:\/\/api.w.org\/{rel}","templated":true}]}}