{"id":38,"date":"2021-04-22T10:23:45","date_gmt":"2021-04-22T08:23:45","guid":{"rendered":"http:\/\/dev.benbenben.fr\/celie2023\/?page_id=38"},"modified":"2021-05-27T09:50:24","modified_gmt":"2021-05-27T07:50:24","slug":"stages-retraites","status":"publish","type":"page","link":"https:\/\/dev.benbenben.fr\/celie2023\/stages-retraites\/","title":{"rendered":"Stages \u2022 Retraites"},"content":{"rendered":"\n<p><strong>D\u00e8s le d\u00e9but de mon activit\u00e9, j\u2019ai souhait\u00e9 proposer des temps d\u2019ateliers sur un weekend. Il est difficile d\u2019en parler, d\u2019en faire une pr\u00e9sentation qui reste simple et humble.<\/strong><\/p>\n\n\n\n<p>Ces moments sont propos\u00e9s comme des temps en suspension dans le quotidien, comme un retour \u00e0 soi avec pour fil conducteur la respiration. Un temps pour se (re)poser, se (re)centrer, retrouver une \u00e9coute fine, parfois se gu\u00e9rir un peu, se laisser porter par l\u2019instant pr\u00e9sent, par ce qui doit \u00eatre travers\u00e9.<\/p>\n\n\n\n<p>Ces ateliers sont le fruit de mes propres v\u00e9cus, de mes aspirations, des exp\u00e9riences travers\u00e9es, des enseignements que j\u2019ai re\u00e7u, de ce que j\u2019ai suivi aupr\u00e8s d\u2019artistes lorsque j\u2019accompagnais des projets artistiques avec de la pratique amateur.&nbsp;<\/p>\n\n\n\n<p>Le programme de ce qui y est propos\u00e9 n\u2019est pas d\u00e9voil\u00e9 en amont, afin que chacun se laisse porter par l\u2019instant pr\u00e9sent.&nbsp;<\/p>\n\n\n\n<p>Alors quoi de mieux que de d\u00e9couvrir un petit bout de ces ateliers en images\u2026&nbsp;<\/p>\n\n\n\n<figure class=\"wp-block-gallery columns-3 is-cropped wp-block-gallery-1 is-layout-flex wp-block-gallery-is-layout-flex\"><ul class=\"blocks-gallery-grid\"><li class=\"blocks-gallery-item\"><figure><img loading=\"lazy\" decoding=\"async\" width=\"1024\" height=\"683\" src=\"http:\/\/dev.benbenben.fr\/celie2023\/wp-content\/uploads\/2021\/05\/atelier_6483441-1-1024x683.jpg\" alt=\"\" data-id=\"265\" data-full-url=\"http:\/\/dev.benbenben.fr\/celie2023\/wp-content\/uploads\/2021\/05\/atelier_6483441-1.jpg\" data-link=\"http:\/\/dev.benbenben.fr\/celie2023\/stages-retraites\/atelier_6483441-1\/\" class=\"wp-image-265\" srcset=\"https:\/\/dev.benbenben.fr\/celie2023\/wp-content\/uploads\/2021\/05\/atelier_6483441-1-1024x683.jpg 1024w, https:\/\/dev.benbenben.fr\/celie2023\/wp-content\/uploads\/2021\/05\/atelier_6483441-1-300x200.jpg 300w, https:\/\/dev.benbenben.fr\/celie2023\/wp-content\/uploads\/2021\/05\/atelier_6483441-1-768x512.jpg 768w, https:\/\/dev.benbenben.fr\/celie2023\/wp-content\/uploads\/2021\/05\/atelier_6483441-1-1536x1024.jpg 1536w, https:\/\/dev.benbenben.fr\/celie2023\/wp-content\/uploads\/2021\/05\/atelier_6483441-1.jpg 1920w\" sizes=\"auto, (max-width: 1024px) 100vw, 1024px\" \/><\/figure><\/li><li class=\"blocks-gallery-item\"><figure><img loading=\"lazy\" decoding=\"async\" width=\"1024\" height=\"683\" src=\"http:\/\/dev.benbenben.fr\/celie2023\/wp-content\/uploads\/2021\/05\/atelier_6483441-2-1024x683.jpg\" alt=\"\" data-id=\"266\" data-full-url=\"http:\/\/dev.benbenben.fr\/celie2023\/wp-content\/uploads\/2021\/05\/atelier_6483441-2.jpg\" data-link=\"http:\/\/dev.benbenben.fr\/celie2023\/stages-retraites\/atelier_6483441-2\/\" class=\"wp-image-266\" srcset=\"https:\/\/dev.benbenben.fr\/celie2023\/wp-content\/uploads\/2021\/05\/atelier_6483441-2-1024x683.jpg 1024w, https:\/\/dev.benbenben.fr\/celie2023\/wp-content\/uploads\/2021\/05\/atelier_6483441-2-300x200.jpg 300w, https:\/\/dev.benbenben.fr\/celie2023\/wp-content\/uploads\/2021\/05\/atelier_6483441-2-768x512.jpg 768w, https:\/\/dev.benbenben.fr\/celie2023\/wp-content\/uploads\/2021\/05\/atelier_6483441-2-1536x1024.jpg 1536w, https:\/\/dev.benbenben.fr\/celie2023\/wp-content\/uploads\/2021\/05\/atelier_6483441-2.jpg 1920w\" sizes=\"auto, (max-width: 1024px) 100vw, 1024px\" \/><\/figure><\/li><li class=\"blocks-gallery-item\"><figure><img loading=\"lazy\" decoding=\"async\" width=\"1024\" height=\"683\" src=\"http:\/\/dev.benbenben.fr\/celie2023\/wp-content\/uploads\/2021\/05\/atelier_6483441-3-1024x683.jpg\" alt=\"\" data-id=\"267\" data-full-url=\"http:\/\/dev.benbenben.fr\/celie2023\/wp-content\/uploads\/2021\/05\/atelier_6483441-3.jpg\" data-link=\"http:\/\/dev.benbenben.fr\/celie2023\/stages-retraites\/atelier_6483441-3\/\" class=\"wp-image-267\" srcset=\"https:\/\/dev.benbenben.fr\/celie2023\/wp-content\/uploads\/2021\/05\/atelier_6483441-3-1024x683.jpg 1024w, https:\/\/dev.benbenben.fr\/celie2023\/wp-content\/uploads\/2021\/05\/atelier_6483441-3-300x200.jpg 300w, https:\/\/dev.benbenben.fr\/celie2023\/wp-content\/uploads\/2021\/05\/atelier_6483441-3-768x512.jpg 768w, https:\/\/dev.benbenben.fr\/celie2023\/wp-content\/uploads\/2021\/05\/atelier_6483441-3-1536x1024.jpg 1536w, https:\/\/dev.benbenben.fr\/celie2023\/wp-content\/uploads\/2021\/05\/atelier_6483441-3.jpg 1920w\" sizes=\"auto, (max-width: 1024px) 100vw, 1024px\" \/><\/figure><\/li><li class=\"blocks-gallery-item\"><figure><img loading=\"lazy\" decoding=\"async\" width=\"1024\" height=\"683\" src=\"http:\/\/dev.benbenben.fr\/celie2023\/wp-content\/uploads\/2021\/05\/atelier_6483441-4-1024x683.jpg\" alt=\"\" data-id=\"268\" data-full-url=\"http:\/\/dev.benbenben.fr\/celie2023\/wp-content\/uploads\/2021\/05\/atelier_6483441-4.jpg\" data-link=\"http:\/\/dev.benbenben.fr\/celie2023\/stages-retraites\/atelier_6483441-4\/\" class=\"wp-image-268\" srcset=\"https:\/\/dev.benbenben.fr\/celie2023\/wp-content\/uploads\/2021\/05\/atelier_6483441-4-1024x683.jpg 1024w, https:\/\/dev.benbenben.fr\/celie2023\/wp-content\/uploads\/2021\/05\/atelier_6483441-4-300x200.jpg 300w, https:\/\/dev.benbenben.fr\/celie2023\/wp-content\/uploads\/2021\/05\/atelier_6483441-4-768x512.jpg 768w, https:\/\/dev.benbenben.fr\/celie2023\/wp-content\/uploads\/2021\/05\/atelier_6483441-4-1536x1024.jpg 1536w, https:\/\/dev.benbenben.fr\/celie2023\/wp-content\/uploads\/2021\/05\/atelier_6483441-4.jpg 1920w\" sizes=\"auto, (max-width: 1024px) 100vw, 1024px\" \/><\/figure><\/li><li class=\"blocks-gallery-item\"><figure><img loading=\"lazy\" decoding=\"async\" width=\"1024\" height=\"683\" src=\"http:\/\/dev.benbenben.fr\/celie2023\/wp-content\/uploads\/2021\/05\/atelier_6483441-1024x683.jpg\" alt=\"\" data-id=\"269\" data-full-url=\"http:\/\/dev.benbenben.fr\/celie2023\/wp-content\/uploads\/2021\/05\/atelier_6483441.jpg\" data-link=\"http:\/\/dev.benbenben.fr\/celie2023\/stages-retraites\/atelier_6483441\/\" class=\"wp-image-269\" srcset=\"https:\/\/dev.benbenben.fr\/celie2023\/wp-content\/uploads\/2021\/05\/atelier_6483441-1024x683.jpg 1024w, https:\/\/dev.benbenben.fr\/celie2023\/wp-content\/uploads\/2021\/05\/atelier_6483441-300x200.jpg 300w, https:\/\/dev.benbenben.fr\/celie2023\/wp-content\/uploads\/2021\/05\/atelier_6483441-768x512.jpg 768w, https:\/\/dev.benbenben.fr\/celie2023\/wp-content\/uploads\/2021\/05\/atelier_6483441-1536x1024.jpg 1536w, https:\/\/dev.benbenben.fr\/celie2023\/wp-content\/uploads\/2021\/05\/atelier_6483441.jpg 1920w\" sizes=\"auto, (max-width: 1024px) 100vw, 1024px\" \/><\/figure><\/li><\/ul><\/figure>\n","protected":false},"excerpt":{"rendered":"<p>D\u00e8s le d\u00e9but de mon activit\u00e9, j\u2019ai souhait\u00e9 proposer des temps d\u2019ateliers sur un weekend. Il est difficile d\u2019en parler, d\u2019en faire une pr\u00e9sentation qui reste simple et humble. Ces moments sont propos\u00e9s comme des temps en suspension dans le quotidien, comme un retour \u00e0 soi avec pour fil conducteur la respiration. Un temps pour [&hellip;]<\/p>\n","protected":false},"author":1,"featured_media":258,"parent":0,"menu_order":0,"comment_status":"closed","ping_status":"closed","template":"","meta":{"ub_ctt_via":"","footnotes":""},"class_list":["post-38","page","type-page","status-publish","has-post-thumbnail","hentry"],"acf":[],"featured_image_src":"https:\/\/dev.benbenben.fr\/celie2023\/wp-content\/uploads\/2021\/05\/image-atelier.jpeg","_links":{"self":[{"href":"https:\/\/dev.benbenben.fr\/celie2023\/wp-json\/wp\/v2\/pages\/38","targetHints":{"allow":["GET"]}}],"collection":[{"href":"https:\/\/dev.benbenben.fr\/celie2023\/wp-json\/wp\/v2\/pages"}],"about":[{"href":"https:\/\/dev.benbenben.fr\/celie2023\/wp-json\/wp\/v2\/types\/page"}],"author":[{"embeddable":true,"href":"https:\/\/dev.benbenben.fr\/celie2023\/wp-json\/wp\/v2\/users\/1"}],"replies":[{"embeddable":true,"href":"https:\/\/dev.benbenben.fr\/celie2023\/wp-json\/wp\/v2\/comments?post=38"}],"version-history":[{"count":9,"href":"https:\/\/dev.benbenben.fr\/celie2023\/wp-json\/wp\/v2\/pages\/38\/revisions"}],"predecessor-version":[{"id":271,"href":"https:\/\/dev.benbenben.fr\/celie2023\/wp-json\/wp\/v2\/pages\/38\/revisions\/271"}],"wp:featuredmedia":[{"embeddable":true,"href":"https:\/\/dev.benbenben.fr\/celie2023\/wp-json\/wp\/v2\/media\/258"}],"wp:attachment":[{"href":"https:\/\/dev.benbenben.fr\/celie2023\/wp-json\/wp\/v2\/media?parent=38"}],"curies":[{"name":"wp","href":"https:\/\/api.w.org\/{rel}","templated":true}]}}