{"id":101,"date":"2026-01-12T18:01:14","date_gmt":"2026-01-12T17:01:14","guid":{"rendered":"https:\/\/dev.benbenben.fr\/fgc\/?page_id=101"},"modified":"2026-01-15T16:23:54","modified_gmt":"2026-01-15T15:23:54","slug":"liens","status":"publish","type":"page","link":"https:\/\/dev.benbenben.fr\/fgc\/liens\/","title":{"rendered":"Liens"},"content":{"rendered":"\n<div class=\"wp-block-uagb-container uagb-block-c95239ac alignfull uagb-is-root-container\">\n<div class=\"wp-block-uagb-container uagb-block-e5f42f0e\">\n<div class=\"wp-block-uagb-advanced-heading uagb-block-b5b1dc0b\"><h1 class=\"uagb-heading-text\">Nos partenaires<\/h1><\/div>\n\n\n\n<div class=\"wp-block-uagb-advanced-heading uagb-block-aaeae36f\"><h2 class=\"uagb-heading-text\">Les associations de guides conf\u00e9renciers,&nbsp;<br>ailleurs en France<\/h2><\/div>\n<\/div>\n<\/div>\n\n\n\n<div class=\"wp-block-uagb-container uagb-block-98d2750a alignfull uagb-is-root-container\"><div class=\"yoast-breadcrumbs\"><span><span><a href=\"https:\/\/dev.benbenben.fr\/fgc\/\">Accueil<\/a><\/span> \u00bb <span class=\"breadcrumb_last\" aria-current=\"page\">Liens<\/span><\/span><\/div><\/div>\n\n\n\n<div class=\"wp-block-uagb-container uagb-block-394a881e alignfull uagb-is-root-container\"><div class=\"uagb-container-inner-blocks-wrap\">\n<figure class=\"wp-block-gallery has-nested-images columns-4 wp-block-gallery-1 is-layout-flex wp-block-gallery-is-layout-flex\">\n<figure class=\"wp-block-image size-full\"><a href=\"http:\/\/provenceguideinterprete.com\/\" target=\"_blank\" rel=\" noreferrer noopener\"><img loading=\"lazy\" decoding=\"async\" width=\"400\" height=\"400\" data-id=\"185\" src=\"https:\/\/dev.benbenben.fr\/fgc\/wp-content\/uploads\/2026\/01\/provence-guide-interprete.jpg\" alt=\"\" class=\"wp-image-185\" srcset=\"https:\/\/dev.benbenben.fr\/fgc\/wp-content\/uploads\/2026\/01\/provence-guide-interprete.jpg 400w, https:\/\/dev.benbenben.fr\/fgc\/wp-content\/uploads\/2026\/01\/provence-guide-interprete-300x300.jpg 300w, https:\/\/dev.benbenben.fr\/fgc\/wp-content\/uploads\/2026\/01\/provence-guide-interprete-150x150.jpg 150w\" sizes=\"auto, (max-width: 400px) 100vw, 400px\" \/><\/a><\/figure>\n\n\n\n<figure class=\"wp-block-image size-full\"><a href=\"https:\/\/guide-sudprovence.com\/\" target=\"_blank\" rel=\" noreferrer noopener\"><img loading=\"lazy\" decoding=\"async\" width=\"400\" height=\"400\" data-id=\"186\" src=\"https:\/\/dev.benbenben.fr\/fgc\/wp-content\/uploads\/2026\/01\/guides-conferenciers-sud-provence.jpg\" alt=\"\" class=\"wp-image-186\" srcset=\"https:\/\/dev.benbenben.fr\/fgc\/wp-content\/uploads\/2026\/01\/guides-conferenciers-sud-provence.jpg 400w, https:\/\/dev.benbenben.fr\/fgc\/wp-content\/uploads\/2026\/01\/guides-conferenciers-sud-provence-300x300.jpg 300w, https:\/\/dev.benbenben.fr\/fgc\/wp-content\/uploads\/2026\/01\/guides-conferenciers-sud-provence-150x150.jpg 150w\" sizes=\"auto, (max-width: 400px) 100vw, 400px\" \/><\/a><\/figure>\n\n\n\n<figure class=\"wp-block-image size-full\"><a href=\"https:\/\/www.lesguidesdutarn.com\/\"><img loading=\"lazy\" decoding=\"async\" width=\"400\" height=\"400\" data-id=\"187\" src=\"https:\/\/dev.benbenben.fr\/fgc\/wp-content\/uploads\/2026\/01\/agit.jpg\" alt=\"\" class=\"wp-image-187\" srcset=\"https:\/\/dev.benbenben.fr\/fgc\/wp-content\/uploads\/2026\/01\/agit.jpg 400w, https:\/\/dev.benbenben.fr\/fgc\/wp-content\/uploads\/2026\/01\/agit-300x300.jpg 300w, https:\/\/dev.benbenben.fr\/fgc\/wp-content\/uploads\/2026\/01\/agit-150x150.jpg 150w\" sizes=\"auto, (max-width: 400px) 100vw, 400px\" \/><\/a><\/figure>\n\n\n\n<figure class=\"wp-block-image size-full\"><a href=\"https:\/\/guidesentreloireetocean.wordpress.com\/\" target=\"_blank\" rel=\" noreferrer noopener\"><img loading=\"lazy\" decoding=\"async\" width=\"400\" height=\"400\" data-id=\"188\" src=\"https:\/\/dev.benbenben.fr\/fgc\/wp-content\/uploads\/2026\/01\/geleo.jpg\" alt=\"\" class=\"wp-image-188\" srcset=\"https:\/\/dev.benbenben.fr\/fgc\/wp-content\/uploads\/2026\/01\/geleo.jpg 400w, https:\/\/dev.benbenben.fr\/fgc\/wp-content\/uploads\/2026\/01\/geleo-300x300.jpg 300w, https:\/\/dev.benbenben.fr\/fgc\/wp-content\/uploads\/2026\/01\/geleo-150x150.jpg 150w\" sizes=\"auto, (max-width: 400px) 100vw, 400px\" \/><\/a><\/figure>\n<\/figure>\n<\/div><\/div>\n","protected":false},"excerpt":{"rendered":"<p>Nos partenaires Les associations de guides conf\u00e9renciers,&nbsp;ailleurs en France<\/p>\n","protected":false},"author":1,"featured_media":0,"parent":0,"menu_order":0,"comment_status":"closed","ping_status":"closed","template":"","meta":{"_acf_changed":false,"_uag_custom_page_level_css":"","footnotes":""},"class_list":["post-101","page","type-page","status-publish","hentry"],"acf":[],"yoast_head":"<!-- This site is optimized with the Yoast SEO plugin v27.5 - https:\/\/yoast.com\/product\/yoast-seo-wordpress\/ -->\n<title>Liens - F\u00e9d\u00e9ration des Guides Conf\u00e9renciers de Bretagne<\/title>\n<meta name=\"robots\" content=\"noindex, follow, max-snippet:-1, max-image-preview:large, max-video-preview:-1\" \/>\n<meta property=\"og:locale\" content=\"fr_FR\" \/>\n<meta property=\"og:type\" content=\"article\" \/>\n<meta property=\"og:title\" content=\"Liens - F\u00e9d\u00e9ration des Guides Conf\u00e9renciers de Bretagne\" \/>\n<meta property=\"og:description\" content=\"Nos partenaires Les associations de guides conf\u00e9renciers,&nbsp;ailleurs en France\" \/>\n<meta property=\"og:url\" content=\"https:\/\/dev.benbenben.fr\/fgc\/liens\/\" \/>\n<meta property=\"og:site_name\" content=\"F\u00e9d\u00e9ration des Guides Conf\u00e9renciers de Bretagne\" \/>\n<meta property=\"article:modified_time\" content=\"2026-01-15T15:23:54+00:00\" \/>\n<meta property=\"og:image\" content=\"https:\/\/dev.benbenben.fr\/fgc\/wp-content\/uploads\/2026\/01\/provence-guide-interprete.jpg\" \/>\n\t<meta property=\"og:image:width\" content=\"400\" \/>\n\t<meta property=\"og:image:height\" content=\"400\" \/>\n\t<meta property=\"og:image:type\" content=\"image\/jpeg\" \/>\n<meta name=\"twitter:card\" content=\"summary_large_image\" \/>\n<meta name=\"twitter:label1\" content=\"Dur\u00e9e de lecture estim\u00e9e\" \/>\n\t<meta name=\"twitter:data1\" content=\"1 minute\" \/>\n<script type=\"application\/ld+json\" class=\"yoast-schema-graph\">{\"@context\":\"https:\\\/\\\/schema.org\",\"@graph\":[{\"@type\":\"WebPage\",\"@id\":\"https:\\\/\\\/dev.benbenben.fr\\\/fgc\\\/liens\\\/\",\"url\":\"https:\\\/\\\/dev.benbenben.fr\\\/fgc\\\/liens\\\/\",\"name\":\"Liens - F\u00e9d\u00e9ration des Guides Conf\u00e9renciers de Bretagne\",\"isPartOf\":{\"@id\":\"https:\\\/\\\/dev.benbenben.fr\\\/fgc\\\/#website\"},\"primaryImageOfPage\":{\"@id\":\"https:\\\/\\\/dev.benbenben.fr\\\/fgc\\\/liens\\\/#primaryimage\"},\"image\":{\"@id\":\"https:\\\/\\\/dev.benbenben.fr\\\/fgc\\\/liens\\\/#primaryimage\"},\"thumbnailUrl\":\"https:\\\/\\\/dev.benbenben.fr\\\/fgc\\\/wp-content\\\/uploads\\\/2026\\\/01\\\/provence-guide-interprete.jpg\",\"datePublished\":\"2026-01-12T17:01:14+00:00\",\"dateModified\":\"2026-01-15T15:23:54+00:00\",\"breadcrumb\":{\"@id\":\"https:\\\/\\\/dev.benbenben.fr\\\/fgc\\\/liens\\\/#breadcrumb\"},\"inLanguage\":\"fr-FR\",\"potentialAction\":[{\"@type\":\"ReadAction\",\"target\":[\"https:\\\/\\\/dev.benbenben.fr\\\/fgc\\\/liens\\\/\"]}]},{\"@type\":\"ImageObject\",\"inLanguage\":\"fr-FR\",\"@id\":\"https:\\\/\\\/dev.benbenben.fr\\\/fgc\\\/liens\\\/#primaryimage\",\"url\":\"https:\\\/\\\/dev.benbenben.fr\\\/fgc\\\/wp-content\\\/uploads\\\/2026\\\/01\\\/provence-guide-interprete.jpg\",\"contentUrl\":\"https:\\\/\\\/dev.benbenben.fr\\\/fgc\\\/wp-content\\\/uploads\\\/2026\\\/01\\\/provence-guide-interprete.jpg\",\"width\":400,\"height\":400},{\"@type\":\"BreadcrumbList\",\"@id\":\"https:\\\/\\\/dev.benbenben.fr\\\/fgc\\\/liens\\\/#breadcrumb\",\"itemListElement\":[{\"@type\":\"ListItem\",\"position\":1,\"name\":\"Accueil\",\"item\":\"https:\\\/\\\/dev.benbenben.fr\\\/fgc\\\/\"},{\"@type\":\"ListItem\",\"position\":2,\"name\":\"Liens\"}]},{\"@type\":\"WebSite\",\"@id\":\"https:\\\/\\\/dev.benbenben.fr\\\/fgc\\\/#website\",\"url\":\"https:\\\/\\\/dev.benbenben.fr\\\/fgc\\\/\",\"name\":\"F\u00e9d\u00e9ration des Guides Conf\u00e9renciers de Bretagne\",\"description\":\"\",\"potentialAction\":[{\"@type\":\"SearchAction\",\"target\":{\"@type\":\"EntryPoint\",\"urlTemplate\":\"https:\\\/\\\/dev.benbenben.fr\\\/fgc\\\/?s={search_term_string}\"},\"query-input\":{\"@type\":\"PropertyValueSpecification\",\"valueRequired\":true,\"valueName\":\"search_term_string\"}}],\"inLanguage\":\"fr-FR\"}]}<\/script>\n<!-- \/ Yoast SEO plugin. -->","yoast_head_json":{"title":"Liens - F\u00e9d\u00e9ration des Guides Conf\u00e9renciers de Bretagne","robots":{"index":"noindex","follow":"follow","max-snippet":"max-snippet:-1","max-image-preview":"max-image-preview:large","max-video-preview":"max-video-preview:-1"},"og_locale":"fr_FR","og_type":"article","og_title":"Liens - F\u00e9d\u00e9ration des Guides Conf\u00e9renciers de Bretagne","og_description":"Nos partenaires Les associations de guides conf\u00e9renciers,&nbsp;ailleurs en France","og_url":"https:\/\/dev.benbenben.fr\/fgc\/liens\/","og_site_name":"F\u00e9d\u00e9ration des Guides Conf\u00e9renciers de Bretagne","article_modified_time":"2026-01-15T15:23:54+00:00","og_image":[{"width":400,"height":400,"url":"https:\/\/dev.benbenben.fr\/fgc\/wp-content\/uploads\/2026\/01\/provence-guide-interprete.jpg","type":"image\/jpeg"}],"twitter_card":"summary_large_image","twitter_misc":{"Dur\u00e9e de lecture estim\u00e9e":"1 minute"},"schema":{"@context":"https:\/\/schema.org","@graph":[{"@type":"WebPage","@id":"https:\/\/dev.benbenben.fr\/fgc\/liens\/","url":"https:\/\/dev.benbenben.fr\/fgc\/liens\/","name":"Liens - F\u00e9d\u00e9ration des Guides Conf\u00e9renciers de Bretagne","isPartOf":{"@id":"https:\/\/dev.benbenben.fr\/fgc\/#website"},"primaryImageOfPage":{"@id":"https:\/\/dev.benbenben.fr\/fgc\/liens\/#primaryimage"},"image":{"@id":"https:\/\/dev.benbenben.fr\/fgc\/liens\/#primaryimage"},"thumbnailUrl":"https:\/\/dev.benbenben.fr\/fgc\/wp-content\/uploads\/2026\/01\/provence-guide-interprete.jpg","datePublished":"2026-01-12T17:01:14+00:00","dateModified":"2026-01-15T15:23:54+00:00","breadcrumb":{"@id":"https:\/\/dev.benbenben.fr\/fgc\/liens\/#breadcrumb"},"inLanguage":"fr-FR","potentialAction":[{"@type":"ReadAction","target":["https:\/\/dev.benbenben.fr\/fgc\/liens\/"]}]},{"@type":"ImageObject","inLanguage":"fr-FR","@id":"https:\/\/dev.benbenben.fr\/fgc\/liens\/#primaryimage","url":"https:\/\/dev.benbenben.fr\/fgc\/wp-content\/uploads\/2026\/01\/provence-guide-interprete.jpg","contentUrl":"https:\/\/dev.benbenben.fr\/fgc\/wp-content\/uploads\/2026\/01\/provence-guide-interprete.jpg","width":400,"height":400},{"@type":"BreadcrumbList","@id":"https:\/\/dev.benbenben.fr\/fgc\/liens\/#breadcrumb","itemListElement":[{"@type":"ListItem","position":1,"name":"Accueil","item":"https:\/\/dev.benbenben.fr\/fgc\/"},{"@type":"ListItem","position":2,"name":"Liens"}]},{"@type":"WebSite","@id":"https:\/\/dev.benbenben.fr\/fgc\/#website","url":"https:\/\/dev.benbenben.fr\/fgc\/","name":"F\u00e9d\u00e9ration des Guides Conf\u00e9renciers de Bretagne","description":"","potentialAction":[{"@type":"SearchAction","target":{"@type":"EntryPoint","urlTemplate":"https:\/\/dev.benbenben.fr\/fgc\/?s={search_term_string}"},"query-input":{"@type":"PropertyValueSpecification","valueRequired":true,"valueName":"search_term_string"}}],"inLanguage":"fr-FR"}]}},"uagb_featured_image_src":{"full":false,"thumbnail":false,"medium":false,"medium_large":false,"large":false,"1536x1536":false,"2048x2048":false},"uagb_author_info":{"display_name":"admin","author_link":"https:\/\/dev.benbenben.fr\/fgc\/author\/admin\/"},"uagb_comment_info":0,"uagb_excerpt":"Nos partenaires Les associations de guides conf\u00e9renciers,&nbsp;ailleurs en France","_links":{"self":[{"href":"https:\/\/dev.benbenben.fr\/fgc\/wp-json\/wp\/v2\/pages\/101","targetHints":{"allow":["GET"]}}],"collection":[{"href":"https:\/\/dev.benbenben.fr\/fgc\/wp-json\/wp\/v2\/pages"}],"about":[{"href":"https:\/\/dev.benbenben.fr\/fgc\/wp-json\/wp\/v2\/types\/page"}],"author":[{"embeddable":true,"href":"https:\/\/dev.benbenben.fr\/fgc\/wp-json\/wp\/v2\/users\/1"}],"replies":[{"embeddable":true,"href":"https:\/\/dev.benbenben.fr\/fgc\/wp-json\/wp\/v2\/comments?post=101"}],"version-history":[{"count":9,"href":"https:\/\/dev.benbenben.fr\/fgc\/wp-json\/wp\/v2\/pages\/101\/revisions"}],"predecessor-version":[{"id":194,"href":"https:\/\/dev.benbenben.fr\/fgc\/wp-json\/wp\/v2\/pages\/101\/revisions\/194"}],"wp:attachment":[{"href":"https:\/\/dev.benbenben.fr\/fgc\/wp-json\/wp\/v2\/media?parent=101"}],"curies":[{"name":"wp","href":"https:\/\/api.w.org\/{rel}","templated":true}]}}