{"id":18,"date":"2024-04-30T16:53:45","date_gmt":"2024-04-30T14:53:45","guid":{"rendered":"https:\/\/dev.benbenben.fr\/fgc\/?page_id=18"},"modified":"2026-02-05T12:08:14","modified_gmt":"2026-02-05T11:08:14","slug":"accueil","status":"publish","type":"page","link":"https:\/\/dev.benbenben.fr\/fgc\/","title":{"rendered":"Accueil"},"content":{"rendered":"\n<div class=\"wp-block-uagb-container uagb-block-c95239ac alignfull uagb-is-root-container\">\n<div class=\"wp-block-uagb-container uagb-block-e5f42f0e\">\n<div class=\"wp-block-uagb-image uagb-block-54f4b635 wp-block-uagb-image--layout-default wp-block-uagb-image--effect-static wp-block-uagb-image--align-none\"><figure class=\"wp-block-uagb-image__figure\"><img decoding=\"async\" srcset=\"https:\/\/dev.benbenben.fr\/fgc\/wp-content\/uploads\/2026\/01\/fgc-logo-blanc.png ,https:\/\/dev.benbenben.fr\/fgc\/wp-content\/uploads\/2026\/01\/fgc-logo-blanc.png 780w, https:\/\/dev.benbenben.fr\/fgc\/wp-content\/uploads\/2026\/01\/fgc-logo-blanc.png 360w\" sizes=\"auto, (max-width: 480px) 150px\" src=\"https:\/\/dev.benbenben.fr\/fgc\/wp-content\/uploads\/2026\/01\/fgc-logo-blanc.png\" alt=\"\" class=\"uag-image-93\" width=\"1670\" height=\"661\" title=\"fgc-logo-blanc\" loading=\"lazy\" role=\"img\"\/><\/figure><\/div>\n<\/div>\n<\/div>\n\n\n\n<div data-aos= \"fade\" data-aos-duration=\"400\" data-aos-delay=\"0\" data-aos-easing=\"ease\" data-aos-once=\"true\" class=\"wp-block-uagb-container uagb-block-ad9812fe alignfull uagb-is-root-container\"><div class=\"uagb-container-inner-blocks-wrap\">\n<div class=\"wp-block-uagb-container uagb-block-5f1ec146 alignfull uagb-is-root-container\"><div class=\"uagb-container-inner-blocks-wrap\">\n<div class=\"wp-block-uagb-container uagb-block-c05fec1b\">\n<div class=\"wp-block-uagb-image uagb-block-3ed62350 wp-block-uagb-image--layout-default wp-block-uagb-image--effect-static wp-block-uagb-image--align-none\"><figure class=\"wp-block-uagb-image__figure\"><img decoding=\"async\" srcset=\"https:\/\/dev.benbenben.fr\/fgc\/wp-content\/uploads\/2026\/01\/visite.jpg ,https:\/\/dev.benbenben.fr\/fgc\/wp-content\/uploads\/2026\/01\/visite.jpg 780w, https:\/\/dev.benbenben.fr\/fgc\/wp-content\/uploads\/2026\/01\/visite.jpg 360w\" sizes=\"auto, (max-width: 480px) 150px\" src=\"https:\/\/dev.benbenben.fr\/fgc\/wp-content\/uploads\/2026\/01\/visite.jpg\" alt=\"\" class=\"uag-image-148\" width=\"1024\" height=\"768\" title=\"visite\" loading=\"lazy\" role=\"img\"\/><\/figure><\/div>\n<\/div>\n\n\n\n<div class=\"wp-block-uagb-container uagb-block-d1469b76\">\n<div class=\"wp-block-uagb-advanced-heading uagb-block-03d08dc7\"><h2 class=\"uagb-heading-text\">Qui sommes nous ?<\/h2><\/div>\n\n\n\n<p>La <strong>F\u00e9d\u00e9ration des Guides Conf\u00e9renciers de Bretagne<\/strong> a \u00e9t\u00e9 cr\u00e9\u00e9e en 2018. C&rsquo;est une association qui f\u00e9d\u00e8re des guides conf\u00e9renciers de la r\u00e9gion Bretagne (historique).<br><\/p>\n\n\n\n<p>Les guides de la <strong>F\u00e9d\u00e9ration des Guides Conf\u00e9renciers de Bretagne<\/strong> sont tous titulaires d&rsquo;une carte professionnelle d\u00e9livr\u00e9e par le minist\u00e8re de la culture et du tourisme. Ils parlent plusieurs langues et ont diff\u00e9rents domaines et\/ou secteurs de comp\u00e9tence.<br><\/p>\n\n\n\n<p>La vocation premi\u00e8re de l&rsquo;association est de promouvoir le m\u00e9tier et les qualifications des guides conf\u00e9renciers et de d\u00e9fendre leurs int\u00e9r\u00eats. En ce sens, <strong>La F\u00e9d\u00e9ration des Guides Conf\u00e9renciers de Bretagne<\/strong> propose des actions de formation \u00e0 ses adh\u00e9rents en vue de continuer d&rsquo;enrichir leurs connaissances.<br><\/p>\n\n\n\n<p>Gr\u00e2ce \u00e0 son annuaire de guides, l&rsquo;association sert \u00e9galement de liens entre particuliers, associations, op\u00e9rateurs touristiques, etc. et ses adh\u00e9rents.<\/p>\n<\/div>\n<\/div><\/div>\n<\/div><\/div>\n\n\n\n<div data-aos= \"fade\" data-aos-duration=\"400\" data-aos-delay=\"0\" data-aos-easing=\"ease\" data-aos-once=\"true\" class=\"wp-block-uagb-container uagb-block-a9e12ee8 alignfull uagb-is-root-container\"><div class=\"uagb-container-inner-blocks-wrap\">\n<div class=\"wp-block-uagb-container uagb-block-d8956ca8 alignfull uagb-is-root-container\"><div class=\"uagb-container-inner-blocks-wrap\">\n<div class=\"wp-block-uagb-container uagb-block-0519b492\">\n<div class=\"wp-block-uagb-advanced-heading uagb-block-00fd4c00\"><h2 class=\"uagb-heading-text\">Entraide, mutualisation, formation, \u00e9changes<\/h2><\/div>\n\n\n\n<p>Voici quelques-uns des mots qui nous ont guid\u00e9s dans la cr\u00e9ation de cette association.<\/p>\n\n\n\n<p>La&nbsp;<strong>F\u00e9d\u00e9ration des Guides Conf\u00e9renciers de Bretagne&nbsp;<\/strong>est destin\u00e9e \u00e0 regrouper des guides conf\u00e9renciers agr\u00e9\u00e9s, c&rsquo;est-\u00e0-dire des guides ayant pass\u00e9 des examens ou des dipl\u00f4mes leur donnant acc\u00e8s \u00e0 une carte d\u00e9livr\u00e9e par la Pr\u00e9fecture. Cette carte de guide conf\u00e9rencier autorise son titulaire \u00e0 fournir des prestations de visites guid\u00e9es (mais aussi conf\u00e9rences, randonn\u00e9es, animations scolaires, etc) aux professionnels du tourisme, entreprises et particuliers, leur assurant une qualit\u00e9 de service et une s\u00e9curit\u00e9.<\/p>\n\n\n\n<p>Nous regrouper nous permet de former un r\u00e9seau d&rsquo;entraide entre guides et nous permet \u00e9galement d&rsquo;avoir plus de poids pour nous faire conna\u00eetre.<\/p>\n\n\n\n<p>Le m\u00e9tier de guide conf\u00e9rencier est menac\u00e9 aujourd&rsquo;hui par l&rsquo;ub\u00e9risation de la soci\u00e9t\u00e9 en g\u00e9n\u00e9ral et il est plus que jamais important de rester group\u00e9s pour faire front en mettant en avant nos savoir-faire et nos savoirs-\u00eatre et pour se faire conna\u00eetre. C&rsquo;est ainsi qu&rsquo;une des missions de la F\u00e9d\u00e9ration est de r\u00e9aliser un fichier des guides conf\u00e9renciers avec notamment les langues pratiqu\u00e9es pour r\u00e9pondre aux demandes des professionnels du tourisme.&nbsp;<\/p>\n<\/div>\n\n\n\n<div class=\"wp-block-uagb-container uagb-block-3ea3ce51\">\n<div class=\"wp-block-uagb-image uagb-block-21b0ecec wp-block-uagb-image--layout-default wp-block-uagb-image--effect-static wp-block-uagb-image--align-none\"><figure class=\"wp-block-uagb-image__figure\"><img decoding=\"async\" srcset=\"https:\/\/dev.benbenben.fr\/fgc\/wp-content\/uploads\/2024\/03\/fgc-c-dr-1024x683.jpg ,https:\/\/dev.benbenben.fr\/fgc\/wp-content\/uploads\/2024\/03\/fgc-c-dr.jpg 780w, https:\/\/dev.benbenben.fr\/fgc\/wp-content\/uploads\/2024\/03\/fgc-c-dr.jpg 360w\" sizes=\"auto, (max-width: 480px) 150px\" src=\"https:\/\/dev.benbenben.fr\/fgc\/wp-content\/uploads\/2024\/03\/fgc-c-dr-1024x683.jpg\" alt=\"\" class=\"uag-image-6\" width=\"1024\" height=\"683\" title=\"fgc-c-dr\" loading=\"lazy\" role=\"img\"\/><\/figure><\/div>\n<\/div>\n<\/div><\/div>\n<\/div><\/div>\n","protected":false},"excerpt":{"rendered":"<p>Qui sommes nous ? La F\u00e9d\u00e9ration des Guides Conf\u00e9renciers de Bretagne a \u00e9t\u00e9 cr\u00e9\u00e9e en 2018. C&rsquo;est une association qui f\u00e9d\u00e8re des guides conf\u00e9renciers de la r\u00e9gion Bretagne (historique). Les guides de la F\u00e9d\u00e9ration des Guides Conf\u00e9renciers de Bretagne sont tous titulaires d&rsquo;une carte professionnelle d\u00e9livr\u00e9e par le minist\u00e8re de la culture et du tourisme. [&hellip;]<\/p>\n","protected":false},"author":1,"featured_media":6,"parent":0,"menu_order":0,"comment_status":"closed","ping_status":"closed","template":"accueil.php","meta":{"_acf_changed":false,"_uag_custom_page_level_css":"","footnotes":""},"class_list":["post-18","page","type-page","status-publish","has-post-thumbnail","hentry"],"acf":[],"yoast_head":"<!-- This site is optimized with the Yoast SEO plugin v27.3 - https:\/\/yoast.com\/product\/yoast-seo-wordpress\/ -->\n<title>Accueil - F\u00e9d\u00e9ration des Guides Conf\u00e9renciers de Bretagne<\/title>\n<meta name=\"robots\" content=\"noindex, follow, max-snippet:-1, max-image-preview:large, max-video-preview:-1\" \/>\n<meta property=\"og:locale\" content=\"fr_FR\" \/>\n<meta property=\"og:type\" content=\"article\" \/>\n<meta property=\"og:title\" content=\"Accueil - F\u00e9d\u00e9ration des Guides Conf\u00e9renciers de Bretagne\" \/>\n<meta property=\"og:description\" content=\"Qui sommes nous ? La F\u00e9d\u00e9ration des Guides Conf\u00e9renciers de Bretagne a \u00e9t\u00e9 cr\u00e9\u00e9e en 2018. C&rsquo;est une association qui f\u00e9d\u00e8re des guides conf\u00e9renciers de la r\u00e9gion Bretagne (historique). Les guides de la F\u00e9d\u00e9ration des Guides Conf\u00e9renciers de Bretagne sont tous titulaires d&rsquo;une carte professionnelle d\u00e9livr\u00e9e par le minist\u00e8re de la culture et du tourisme. [&hellip;]\" \/>\n<meta property=\"og:url\" content=\"https:\/\/dev.benbenben.fr\/fgc\/\" \/>\n<meta property=\"og:site_name\" content=\"F\u00e9d\u00e9ration des Guides Conf\u00e9renciers de Bretagne\" \/>\n<meta property=\"article:modified_time\" content=\"2026-02-05T11:08:14+00:00\" \/>\n<meta property=\"og:image\" content=\"https:\/\/dev.benbenben.fr\/fgc\/wp-content\/uploads\/2024\/03\/fgc-c-dr.jpg\" \/>\n\t<meta property=\"og:image:width\" content=\"1920\" \/>\n\t<meta property=\"og:image:height\" content=\"1280\" \/>\n\t<meta property=\"og:image:type\" content=\"image\/jpeg\" \/>\n<meta name=\"twitter:card\" content=\"summary_large_image\" \/>\n<meta name=\"twitter:label1\" content=\"Dur\u00e9e de lecture estim\u00e9e\" \/>\n\t<meta name=\"twitter:data1\" content=\"3 minutes\" \/>\n<script type=\"application\/ld+json\" class=\"yoast-schema-graph\">{\"@context\":\"https:\\\/\\\/schema.org\",\"@graph\":[{\"@type\":\"WebPage\",\"@id\":\"https:\\\/\\\/dev.benbenben.fr\\\/fgc\\\/\",\"url\":\"https:\\\/\\\/dev.benbenben.fr\\\/fgc\\\/\",\"name\":\"Accueil - F\u00e9d\u00e9ration des Guides Conf\u00e9renciers de Bretagne\",\"isPartOf\":{\"@id\":\"https:\\\/\\\/dev.benbenben.fr\\\/fgc\\\/#website\"},\"primaryImageOfPage\":{\"@id\":\"https:\\\/\\\/dev.benbenben.fr\\\/fgc\\\/#primaryimage\"},\"image\":{\"@id\":\"https:\\\/\\\/dev.benbenben.fr\\\/fgc\\\/#primaryimage\"},\"thumbnailUrl\":\"https:\\\/\\\/dev.benbenben.fr\\\/fgc\\\/wp-content\\\/uploads\\\/2024\\\/03\\\/fgc-c-dr.jpg\",\"datePublished\":\"2024-04-30T14:53:45+00:00\",\"dateModified\":\"2026-02-05T11:08:14+00:00\",\"breadcrumb\":{\"@id\":\"https:\\\/\\\/dev.benbenben.fr\\\/fgc\\\/#breadcrumb\"},\"inLanguage\":\"fr-FR\",\"potentialAction\":[{\"@type\":\"ReadAction\",\"target\":[\"https:\\\/\\\/dev.benbenben.fr\\\/fgc\\\/\"]}]},{\"@type\":\"ImageObject\",\"inLanguage\":\"fr-FR\",\"@id\":\"https:\\\/\\\/dev.benbenben.fr\\\/fgc\\\/#primaryimage\",\"url\":\"https:\\\/\\\/dev.benbenben.fr\\\/fgc\\\/wp-content\\\/uploads\\\/2024\\\/03\\\/fgc-c-dr.jpg\",\"contentUrl\":\"https:\\\/\\\/dev.benbenben.fr\\\/fgc\\\/wp-content\\\/uploads\\\/2024\\\/03\\\/fgc-c-dr.jpg\",\"width\":1920,\"height\":1280},{\"@type\":\"BreadcrumbList\",\"@id\":\"https:\\\/\\\/dev.benbenben.fr\\\/fgc\\\/#breadcrumb\",\"itemListElement\":[{\"@type\":\"ListItem\",\"position\":1,\"name\":\"Accueil\",\"item\":\"https:\\\/\\\/dev.benbenben.fr\\\/fgc\\\/\"},{\"@type\":\"ListItem\",\"position\":2,\"name\":\"Accueil\"}]},{\"@type\":\"WebSite\",\"@id\":\"https:\\\/\\\/dev.benbenben.fr\\\/fgc\\\/#website\",\"url\":\"https:\\\/\\\/dev.benbenben.fr\\\/fgc\\\/\",\"name\":\"F\u00e9d\u00e9ration des Guides Conf\u00e9renciers de Bretagne\",\"description\":\"\",\"potentialAction\":[{\"@type\":\"SearchAction\",\"target\":{\"@type\":\"EntryPoint\",\"urlTemplate\":\"https:\\\/\\\/dev.benbenben.fr\\\/fgc\\\/?s={search_term_string}\"},\"query-input\":{\"@type\":\"PropertyValueSpecification\",\"valueRequired\":true,\"valueName\":\"search_term_string\"}}],\"inLanguage\":\"fr-FR\"}]}<\/script>\n<!-- \/ Yoast SEO plugin. -->","yoast_head_json":{"title":"Accueil - F\u00e9d\u00e9ration des Guides Conf\u00e9renciers de Bretagne","robots":{"index":"noindex","follow":"follow","max-snippet":"max-snippet:-1","max-image-preview":"max-image-preview:large","max-video-preview":"max-video-preview:-1"},"og_locale":"fr_FR","og_type":"article","og_title":"Accueil - F\u00e9d\u00e9ration des Guides Conf\u00e9renciers de Bretagne","og_description":"Qui sommes nous ? La F\u00e9d\u00e9ration des Guides Conf\u00e9renciers de Bretagne a \u00e9t\u00e9 cr\u00e9\u00e9e en 2018. C&rsquo;est une association qui f\u00e9d\u00e8re des guides conf\u00e9renciers de la r\u00e9gion Bretagne (historique). Les guides de la F\u00e9d\u00e9ration des Guides Conf\u00e9renciers de Bretagne sont tous titulaires d&rsquo;une carte professionnelle d\u00e9livr\u00e9e par le minist\u00e8re de la culture et du tourisme. [&hellip;]","og_url":"https:\/\/dev.benbenben.fr\/fgc\/","og_site_name":"F\u00e9d\u00e9ration des Guides Conf\u00e9renciers de Bretagne","article_modified_time":"2026-02-05T11:08:14+00:00","og_image":[{"width":1920,"height":1280,"url":"https:\/\/dev.benbenben.fr\/fgc\/wp-content\/uploads\/2024\/03\/fgc-c-dr.jpg","type":"image\/jpeg"}],"twitter_card":"summary_large_image","twitter_misc":{"Dur\u00e9e de lecture estim\u00e9e":"3 minutes"},"schema":{"@context":"https:\/\/schema.org","@graph":[{"@type":"WebPage","@id":"https:\/\/dev.benbenben.fr\/fgc\/","url":"https:\/\/dev.benbenben.fr\/fgc\/","name":"Accueil - F\u00e9d\u00e9ration des Guides Conf\u00e9renciers de Bretagne","isPartOf":{"@id":"https:\/\/dev.benbenben.fr\/fgc\/#website"},"primaryImageOfPage":{"@id":"https:\/\/dev.benbenben.fr\/fgc\/#primaryimage"},"image":{"@id":"https:\/\/dev.benbenben.fr\/fgc\/#primaryimage"},"thumbnailUrl":"https:\/\/dev.benbenben.fr\/fgc\/wp-content\/uploads\/2024\/03\/fgc-c-dr.jpg","datePublished":"2024-04-30T14:53:45+00:00","dateModified":"2026-02-05T11:08:14+00:00","breadcrumb":{"@id":"https:\/\/dev.benbenben.fr\/fgc\/#breadcrumb"},"inLanguage":"fr-FR","potentialAction":[{"@type":"ReadAction","target":["https:\/\/dev.benbenben.fr\/fgc\/"]}]},{"@type":"ImageObject","inLanguage":"fr-FR","@id":"https:\/\/dev.benbenben.fr\/fgc\/#primaryimage","url":"https:\/\/dev.benbenben.fr\/fgc\/wp-content\/uploads\/2024\/03\/fgc-c-dr.jpg","contentUrl":"https:\/\/dev.benbenben.fr\/fgc\/wp-content\/uploads\/2024\/03\/fgc-c-dr.jpg","width":1920,"height":1280},{"@type":"BreadcrumbList","@id":"https:\/\/dev.benbenben.fr\/fgc\/#breadcrumb","itemListElement":[{"@type":"ListItem","position":1,"name":"Accueil","item":"https:\/\/dev.benbenben.fr\/fgc\/"},{"@type":"ListItem","position":2,"name":"Accueil"}]},{"@type":"WebSite","@id":"https:\/\/dev.benbenben.fr\/fgc\/#website","url":"https:\/\/dev.benbenben.fr\/fgc\/","name":"F\u00e9d\u00e9ration des Guides Conf\u00e9renciers de Bretagne","description":"","potentialAction":[{"@type":"SearchAction","target":{"@type":"EntryPoint","urlTemplate":"https:\/\/dev.benbenben.fr\/fgc\/?s={search_term_string}"},"query-input":{"@type":"PropertyValueSpecification","valueRequired":true,"valueName":"search_term_string"}}],"inLanguage":"fr-FR"}]}},"uagb_featured_image_src":{"full":["https:\/\/dev.benbenben.fr\/fgc\/wp-content\/uploads\/2024\/03\/fgc-c-dr.jpg",1920,1280,false],"thumbnail":["https:\/\/dev.benbenben.fr\/fgc\/wp-content\/uploads\/2024\/03\/fgc-c-dr-150x150.jpg",150,150,true],"medium":["https:\/\/dev.benbenben.fr\/fgc\/wp-content\/uploads\/2024\/03\/fgc-c-dr-300x200.jpg",300,200,true],"medium_large":["https:\/\/dev.benbenben.fr\/fgc\/wp-content\/uploads\/2024\/03\/fgc-c-dr-768x512.jpg",768,512,true],"large":["https:\/\/dev.benbenben.fr\/fgc\/wp-content\/uploads\/2024\/03\/fgc-c-dr-1024x683.jpg",1024,683,true],"1536x1536":["https:\/\/dev.benbenben.fr\/fgc\/wp-content\/uploads\/2024\/03\/fgc-c-dr-1536x1024.jpg",1536,1024,true],"2048x2048":["https:\/\/dev.benbenben.fr\/fgc\/wp-content\/uploads\/2024\/03\/fgc-c-dr.jpg",1920,1280,false]},"uagb_author_info":{"display_name":"admin","author_link":"https:\/\/dev.benbenben.fr\/fgc\/author\/admin\/"},"uagb_comment_info":0,"uagb_excerpt":"Qui sommes nous ? La F\u00e9d\u00e9ration des Guides Conf\u00e9renciers de Bretagne a \u00e9t\u00e9 cr\u00e9\u00e9e en 2018. C&rsquo;est une association qui f\u00e9d\u00e8re des guides conf\u00e9renciers de la r\u00e9gion Bretagne (historique). Les guides de la F\u00e9d\u00e9ration des Guides Conf\u00e9renciers de Bretagne sont tous titulaires d&rsquo;une carte professionnelle d\u00e9livr\u00e9e par le minist\u00e8re de la culture et du tourisme.\u2026","_links":{"self":[{"href":"https:\/\/dev.benbenben.fr\/fgc\/wp-json\/wp\/v2\/pages\/18","targetHints":{"allow":["GET"]}}],"collection":[{"href":"https:\/\/dev.benbenben.fr\/fgc\/wp-json\/wp\/v2\/pages"}],"about":[{"href":"https:\/\/dev.benbenben.fr\/fgc\/wp-json\/wp\/v2\/types\/page"}],"author":[{"embeddable":true,"href":"https:\/\/dev.benbenben.fr\/fgc\/wp-json\/wp\/v2\/users\/1"}],"replies":[{"embeddable":true,"href":"https:\/\/dev.benbenben.fr\/fgc\/wp-json\/wp\/v2\/comments?post=18"}],"version-history":[{"count":38,"href":"https:\/\/dev.benbenben.fr\/fgc\/wp-json\/wp\/v2\/pages\/18\/revisions"}],"predecessor-version":[{"id":294,"href":"https:\/\/dev.benbenben.fr\/fgc\/wp-json\/wp\/v2\/pages\/18\/revisions\/294"}],"wp:featuredmedia":[{"embeddable":true,"href":"https:\/\/dev.benbenben.fr\/fgc\/wp-json\/wp\/v2\/media\/6"}],"wp:attachment":[{"href":"https:\/\/dev.benbenben.fr\/fgc\/wp-json\/wp\/v2\/media?parent=18"}],"curies":[{"name":"wp","href":"https:\/\/api.w.org\/{rel}","templated":true}]}}