{"id":83,"date":"2026-01-09T15:34:51","date_gmt":"2026-01-09T14:34:51","guid":{"rendered":"https:\/\/dev.benbenben.fr\/fgc\/?page_id=83"},"modified":"2026-05-11T11:31:00","modified_gmt":"2026-05-11T09:31:00","slug":"vous-etes-guide","status":"publish","type":"page","link":"https:\/\/dev.benbenben.fr\/fgc\/vous-etes-guide\/","title":{"rendered":"Vous \u00eates guide"},"content":{"rendered":"\n<div class=\"wp-block-uagb-container uagb-block-c95239ac alignfull uagb-is-root-container\">\n<div class=\"wp-block-uagb-container uagb-block-e5f42f0e\">\n<div class=\"wp-block-uagb-advanced-heading uagb-block-b5b1dc0b\"><h1 class=\"uagb-heading-text\">Vous \u00eates guide<\/h1><\/div>\n<\/div>\n<\/div>\n\n\n\n<div class=\"wp-block-uagb-container uagb-block-98d2750a alignfull uagb-is-root-container\"><div class=\"yoast-breadcrumbs\"><span><span><a href=\"https:\/\/dev.benbenben.fr\/fgc\/\">Accueil<\/a><\/span> \u00bb <span class=\"breadcrumb_last\" aria-current=\"page\">Vous \u00eates guide<\/span><\/span><\/div><\/div>\n\n\n\n<div class=\"wp-block-uagb-container uagb-block-a1af75be alignfull uagb-is-root-container\"><div class=\"uagb-container-inner-blocks-wrap\">\n<div class=\"wp-block-uagb-container uagb-block-54955556\">\n<div class=\"wp-block-uagb-advanced-heading uagb-block-ec98f067\"><h2 class=\"uagb-heading-text\">Pourquoi adh\u00e9rer ?<\/h2><\/div>\n\n\n\n<p>Pour partager notre passion, nos interrogations, nos d\u00e9marches,&nbsp;<br>Pour aider les jeunes guides \u00e0 commencer leur carri\u00e8re sereinement,<br>Pour partager les missions et les savoirs,<br>Pour \u00eatre plus visibles aupr\u00e8s des professionnels du tourisme,<br>Pour participer \u00e0 des moments d&rsquo;\u00e9changes conviviaux tou\u00b7te\u00b7s ensemble lors de l&rsquo;Assembl\u00e9e G\u00e9n\u00e9rale annuelle ou lors de formations.<\/p>\n\n\n\n<p><strong>La F\u00e9d\u00e9ration des Guides Conf\u00e9renciers de Bretagne<\/strong> est avant tout un r\u00e9seau n\u00e9 de la volont\u00e9 de f\u00e9d\u00e9rer des guides agr\u00e9\u00e9\u00b7e\u00b7s.<\/p>\n\n\n\n<p><strong>En nous rejoignant, vous pourrez :<\/strong><\/p>\n\n\n\n<ul class=\"wp-block-list\">\n<li>Partager des conseils, s\u2019entraider,<\/li>\n\n\n\n<li>B\u00e9n\u00e9ficier d\u2019actions de formation,<\/li>\n\n\n\n<li>Recevoir des offres de guidage sur la r\u00e9gion Bretagne,<\/li>\n\n\n\n<li>Relayer aupr\u00e8s des guides membres de l\u2019association les guidages auxquels vous ne pouvez pas r\u00e9pondre.<\/li>\n<\/ul>\n\n\n\n<p><strong>Les plus :<\/strong><\/p>\n\n\n\n<ul class=\"wp-block-list\">\n<li>Faire partie d&rsquo;une \u00e9quipe.<\/li>\n\n\n\n<li>Partager des informations.<\/li>\n\n\n\n<li>\u00catre ambassadeur ou ambassadrice de l\u2019association.<\/li>\n\n\n\n<li>S\u2019impliquer dans la vie d\u2019une association collaborative.<\/li>\n\n\n\n<li>La FGCB \u00e9tant membre de la FNGIC, votre adh\u00e9sion \u00e0 la f\u00e9d\u00e9ration bretonne vous permet de b\u00e9n\u00e9ficier d&rsquo;un tarif avantageux \u00e0 la FNGIC si vous souhaitez y adh\u00e9rer \u00e0 titre personnel.<\/li>\n<\/ul>\n<\/div>\n<\/div><\/div>\n\n\n\n<div class=\"wp-block-uagb-container uagb-block-fe20a5bb alignfull uagb-is-root-container\"><div class=\"uagb-container-inner-blocks-wrap\">\n<div class=\"wp-block-uagb-container uagb-block-cdb9333a\">\n<div class=\"wp-block-uagb-call-to-action uagb-block-1652af08 wp-block-button\"><div class=\"uagb-cta__wrap\"><h2 class=\"uagb-cta__title\">Adh\u00e9rer<\/h2><p class=\"uagb-cta__desc\">T\u00e9l\u00e9chargez directement ci-dessous le formulaire d&rsquo;adh\u00e9sion ou vous pouvez le demander en nous contactant par email :&nbsp;<a href=\"mailto:fgc.bretagne@gmail.com\"><em>fgc.bretagne@gmail.com<\/em>&nbsp;<\/a><\/p><\/div><div class=\"uagb-cta__buttons\"><a href=\"#\" class=\"uagb-cta__button-link-wrapper wp-block-button__link\" target=\"_self\" rel=\"noopener noreferrer\">Bulletin d&rsquo;adh\u00e9sion<svg xmlns=\"https:\/\/www.w3.org\/2000\/svg\" viewBox=\"0 0 384 512\"><path d=\"M336 64h-53.88C268.9 26.8 233.7 0 192 0S115.1 26.8 101.9 64H48C21.5 64 0 85.48 0 112v352C0 490.5 21.5 512 48 512h288c26.5 0 48-21.48 48-48v-352C384 85.48 362.5 64 336 64zM192 64c17.67 0 32 14.33 32 32c0 17.67-14.33 32-32 32S160 113.7 160 96C160 78.33 174.3 64 192 64zM192 192c35.35 0 64 28.65 64 64s-28.65 64-64 64S128 291.3 128 256S156.7 192 192 192zM288 448H96c-8.836 0-16-7.164-16-16C80 387.8 115.8 352 160 352h64c44.18 0 80 35.82 80 80C304 440.8 296.8 448 288 448z\"><\/path><\/svg><\/a><\/div><\/div>\n<\/div>\n<\/div><\/div>\n\n\n\n<div class=\"wp-block-uagb-container uagb-block-7df1b9ac alignfull uagb-is-root-container\"><div class=\"uagb-container-inner-blocks-wrap\">\n<div class=\"wp-block-uagb-container uagb-block-a53dacc3\">\n<div class=\"wp-block-uagb-advanced-heading uagb-block-0ccf5fec\"><h3 class=\"uagb-heading-text\"><strong>Respect des donn\u00e9es personnelles<\/strong><\/h3><\/div>\n\n\n\n<p>Les informations recueillies sont n\u00e9cessaires \u00e0 votre adh\u00e9sion. Elles font l&rsquo;objet d&rsquo;un traitement informatique et sont destin\u00e9es au secr\u00e9tariat de l&rsquo;association. Elles ne seront en aucun cas transmises \u00e0 des tiers.<\/p>\n\n\n\n<div class=\"wp-block-uagb-advanced-heading uagb-block-55901aa9\"><h3 class=\"uagb-heading-text\"><strong>Visibilit\u00e9 dans l&rsquo;annuaire en ligne<\/strong><\/h3><\/div>\n\n\n\n<p>Une fois votre adh\u00e9sion effective, vous aurez le choix d\u2019appara\u00eetre ou non dans l&rsquo;annuaire en ligne de la f\u00e9d\u00e9ration.<br>En application des articles 39 et suivants de la loi \u00ab informatique et libert\u00e9s \u00bb du 6 janvier 1978 modifi\u00e9e en 2004, vous b\u00e9n\u00e9ficiez d&rsquo;un droit d&rsquo;opposition, d&rsquo;acc\u00e8s et de rectification aux informations qui vous concernent.<br>Si vous souhaitez exercer ce droit, veuillez vous adresser \u00e0 madame la Pr\u00e9sidente par mail&nbsp;<a href=\"mailto:fgc.bretagne@gmail.com\">fgc.bretagne@gmail.com<\/a><\/p>\n\n\n\n<div class=\"wp-block-uagb-advanced-heading uagb-block-72e91b0d\"><h3 class=\"uagb-heading-text\"><strong>Conditions d&rsquo;adh\u00e9sion<\/strong><\/h3><\/div>\n\n\n\n<p>Votre adh\u00e9sion est strictement personnelle. Les informations que vous recevrez de la part de la FGCB sont confidentielles et vous vous engagez \u00e0 ne pas les diffuser sans autorisation de notre part. Seuls les sites personnels seront admis dans notre annuaire.<br>En adh\u00e9rant \u00e0 la f\u00e9d\u00e9ration, vous vous engagez \u00e0 fournir des informations exactes concernant votre profil.<\/p>\n<\/div>\n<\/div><\/div>\n","protected":false},"excerpt":{"rendered":"<p>Vous \u00eates guide Pourquoi adh\u00e9rer ? Pour partager notre passion, nos interrogations, nos d\u00e9marches,&nbsp;Pour aider les jeunes guides \u00e0 commencer leur carri\u00e8re sereinement,Pour partager les missions et les savoirs,Pour \u00eatre plus visibles aupr\u00e8s des professionnels du tourisme,Pour participer \u00e0 des moments d&rsquo;\u00e9changes conviviaux tou\u00b7te\u00b7s ensemble lors de l&rsquo;Assembl\u00e9e G\u00e9n\u00e9rale annuelle ou lors de formations. La [&hellip;]<\/p>\n","protected":false},"author":1,"featured_media":6,"parent":0,"menu_order":0,"comment_status":"closed","ping_status":"closed","template":"","meta":{"_acf_changed":false,"_uag_custom_page_level_css":"","footnotes":""},"class_list":["post-83","page","type-page","status-publish","has-post-thumbnail","hentry"],"acf":[],"yoast_head":"<!-- This site is optimized with the Yoast SEO plugin v27.5 - https:\/\/yoast.com\/product\/yoast-seo-wordpress\/ -->\n<title>Vous \u00eates guide - F\u00e9d\u00e9ration des Guides Conf\u00e9renciers de Bretagne<\/title>\n<meta name=\"robots\" content=\"noindex, follow, max-snippet:-1, max-image-preview:large, max-video-preview:-1\" \/>\n<meta property=\"og:locale\" content=\"fr_FR\" \/>\n<meta property=\"og:type\" content=\"article\" \/>\n<meta property=\"og:title\" content=\"Vous \u00eates guide - F\u00e9d\u00e9ration des Guides Conf\u00e9renciers de Bretagne\" \/>\n<meta property=\"og:description\" content=\"Vous \u00eates guide Pourquoi adh\u00e9rer ? Pour partager notre passion, nos interrogations, nos d\u00e9marches,&nbsp;Pour aider les jeunes guides \u00e0 commencer leur carri\u00e8re sereinement,Pour partager les missions et les savoirs,Pour \u00eatre plus visibles aupr\u00e8s des professionnels du tourisme,Pour participer \u00e0 des moments d&rsquo;\u00e9changes conviviaux tou\u00b7te\u00b7s ensemble lors de l&rsquo;Assembl\u00e9e G\u00e9n\u00e9rale annuelle ou lors de formations. La [&hellip;]\" \/>\n<meta property=\"og:url\" content=\"https:\/\/dev.benbenben.fr\/fgc\/vous-etes-guide\/\" \/>\n<meta property=\"og:site_name\" content=\"F\u00e9d\u00e9ration des Guides Conf\u00e9renciers de Bretagne\" \/>\n<meta property=\"article:modified_time\" content=\"2026-05-11T09:31:00+00:00\" \/>\n<meta property=\"og:image\" content=\"https:\/\/dev.benbenben.fr\/fgc\/wp-content\/uploads\/2024\/03\/fgc-c-dr.jpg\" \/>\n\t<meta property=\"og:image:width\" content=\"1920\" \/>\n\t<meta property=\"og:image:height\" content=\"1280\" \/>\n\t<meta property=\"og:image:type\" content=\"image\/jpeg\" \/>\n<meta name=\"twitter:card\" content=\"summary_large_image\" \/>\n<meta name=\"twitter:label1\" content=\"Dur\u00e9e de lecture estim\u00e9e\" \/>\n\t<meta name=\"twitter:data1\" content=\"3 minutes\" \/>\n<script type=\"application\/ld+json\" class=\"yoast-schema-graph\">{\"@context\":\"https:\\\/\\\/schema.org\",\"@graph\":[{\"@type\":\"WebPage\",\"@id\":\"https:\\\/\\\/dev.benbenben.fr\\\/fgc\\\/vous-etes-guide\\\/\",\"url\":\"https:\\\/\\\/dev.benbenben.fr\\\/fgc\\\/vous-etes-guide\\\/\",\"name\":\"Vous \u00eates guide - F\u00e9d\u00e9ration des Guides Conf\u00e9renciers de Bretagne\",\"isPartOf\":{\"@id\":\"https:\\\/\\\/dev.benbenben.fr\\\/fgc\\\/#website\"},\"primaryImageOfPage\":{\"@id\":\"https:\\\/\\\/dev.benbenben.fr\\\/fgc\\\/vous-etes-guide\\\/#primaryimage\"},\"image\":{\"@id\":\"https:\\\/\\\/dev.benbenben.fr\\\/fgc\\\/vous-etes-guide\\\/#primaryimage\"},\"thumbnailUrl\":\"https:\\\/\\\/dev.benbenben.fr\\\/fgc\\\/wp-content\\\/uploads\\\/2024\\\/03\\\/fgc-c-dr.jpg\",\"datePublished\":\"2026-01-09T14:34:51+00:00\",\"dateModified\":\"2026-05-11T09:31:00+00:00\",\"breadcrumb\":{\"@id\":\"https:\\\/\\\/dev.benbenben.fr\\\/fgc\\\/vous-etes-guide\\\/#breadcrumb\"},\"inLanguage\":\"fr-FR\",\"potentialAction\":[{\"@type\":\"ReadAction\",\"target\":[\"https:\\\/\\\/dev.benbenben.fr\\\/fgc\\\/vous-etes-guide\\\/\"]}]},{\"@type\":\"ImageObject\",\"inLanguage\":\"fr-FR\",\"@id\":\"https:\\\/\\\/dev.benbenben.fr\\\/fgc\\\/vous-etes-guide\\\/#primaryimage\",\"url\":\"https:\\\/\\\/dev.benbenben.fr\\\/fgc\\\/wp-content\\\/uploads\\\/2024\\\/03\\\/fgc-c-dr.jpg\",\"contentUrl\":\"https:\\\/\\\/dev.benbenben.fr\\\/fgc\\\/wp-content\\\/uploads\\\/2024\\\/03\\\/fgc-c-dr.jpg\",\"width\":1920,\"height\":1280},{\"@type\":\"BreadcrumbList\",\"@id\":\"https:\\\/\\\/dev.benbenben.fr\\\/fgc\\\/vous-etes-guide\\\/#breadcrumb\",\"itemListElement\":[{\"@type\":\"ListItem\",\"position\":1,\"name\":\"Accueil\",\"item\":\"https:\\\/\\\/dev.benbenben.fr\\\/fgc\\\/\"},{\"@type\":\"ListItem\",\"position\":2,\"name\":\"Vous \u00eates guide\"}]},{\"@type\":\"WebSite\",\"@id\":\"https:\\\/\\\/dev.benbenben.fr\\\/fgc\\\/#website\",\"url\":\"https:\\\/\\\/dev.benbenben.fr\\\/fgc\\\/\",\"name\":\"F\u00e9d\u00e9ration des Guides Conf\u00e9renciers de Bretagne\",\"description\":\"\",\"potentialAction\":[{\"@type\":\"SearchAction\",\"target\":{\"@type\":\"EntryPoint\",\"urlTemplate\":\"https:\\\/\\\/dev.benbenben.fr\\\/fgc\\\/?s={search_term_string}\"},\"query-input\":{\"@type\":\"PropertyValueSpecification\",\"valueRequired\":true,\"valueName\":\"search_term_string\"}}],\"inLanguage\":\"fr-FR\"}]}<\/script>\n<!-- \/ Yoast SEO plugin. -->","yoast_head_json":{"title":"Vous \u00eates guide - F\u00e9d\u00e9ration des Guides Conf\u00e9renciers de Bretagne","robots":{"index":"noindex","follow":"follow","max-snippet":"max-snippet:-1","max-image-preview":"max-image-preview:large","max-video-preview":"max-video-preview:-1"},"og_locale":"fr_FR","og_type":"article","og_title":"Vous \u00eates guide - F\u00e9d\u00e9ration des Guides Conf\u00e9renciers de Bretagne","og_description":"Vous \u00eates guide Pourquoi adh\u00e9rer ? Pour partager notre passion, nos interrogations, nos d\u00e9marches,&nbsp;Pour aider les jeunes guides \u00e0 commencer leur carri\u00e8re sereinement,Pour partager les missions et les savoirs,Pour \u00eatre plus visibles aupr\u00e8s des professionnels du tourisme,Pour participer \u00e0 des moments d&rsquo;\u00e9changes conviviaux tou\u00b7te\u00b7s ensemble lors de l&rsquo;Assembl\u00e9e G\u00e9n\u00e9rale annuelle ou lors de formations. La [&hellip;]","og_url":"https:\/\/dev.benbenben.fr\/fgc\/vous-etes-guide\/","og_site_name":"F\u00e9d\u00e9ration des Guides Conf\u00e9renciers de Bretagne","article_modified_time":"2026-05-11T09:31:00+00:00","og_image":[{"width":1920,"height":1280,"url":"https:\/\/dev.benbenben.fr\/fgc\/wp-content\/uploads\/2024\/03\/fgc-c-dr.jpg","type":"image\/jpeg"}],"twitter_card":"summary_large_image","twitter_misc":{"Dur\u00e9e de lecture estim\u00e9e":"3 minutes"},"schema":{"@context":"https:\/\/schema.org","@graph":[{"@type":"WebPage","@id":"https:\/\/dev.benbenben.fr\/fgc\/vous-etes-guide\/","url":"https:\/\/dev.benbenben.fr\/fgc\/vous-etes-guide\/","name":"Vous \u00eates guide - F\u00e9d\u00e9ration des Guides Conf\u00e9renciers de Bretagne","isPartOf":{"@id":"https:\/\/dev.benbenben.fr\/fgc\/#website"},"primaryImageOfPage":{"@id":"https:\/\/dev.benbenben.fr\/fgc\/vous-etes-guide\/#primaryimage"},"image":{"@id":"https:\/\/dev.benbenben.fr\/fgc\/vous-etes-guide\/#primaryimage"},"thumbnailUrl":"https:\/\/dev.benbenben.fr\/fgc\/wp-content\/uploads\/2024\/03\/fgc-c-dr.jpg","datePublished":"2026-01-09T14:34:51+00:00","dateModified":"2026-05-11T09:31:00+00:00","breadcrumb":{"@id":"https:\/\/dev.benbenben.fr\/fgc\/vous-etes-guide\/#breadcrumb"},"inLanguage":"fr-FR","potentialAction":[{"@type":"ReadAction","target":["https:\/\/dev.benbenben.fr\/fgc\/vous-etes-guide\/"]}]},{"@type":"ImageObject","inLanguage":"fr-FR","@id":"https:\/\/dev.benbenben.fr\/fgc\/vous-etes-guide\/#primaryimage","url":"https:\/\/dev.benbenben.fr\/fgc\/wp-content\/uploads\/2024\/03\/fgc-c-dr.jpg","contentUrl":"https:\/\/dev.benbenben.fr\/fgc\/wp-content\/uploads\/2024\/03\/fgc-c-dr.jpg","width":1920,"height":1280},{"@type":"BreadcrumbList","@id":"https:\/\/dev.benbenben.fr\/fgc\/vous-etes-guide\/#breadcrumb","itemListElement":[{"@type":"ListItem","position":1,"name":"Accueil","item":"https:\/\/dev.benbenben.fr\/fgc\/"},{"@type":"ListItem","position":2,"name":"Vous \u00eates guide"}]},{"@type":"WebSite","@id":"https:\/\/dev.benbenben.fr\/fgc\/#website","url":"https:\/\/dev.benbenben.fr\/fgc\/","name":"F\u00e9d\u00e9ration des Guides Conf\u00e9renciers de Bretagne","description":"","potentialAction":[{"@type":"SearchAction","target":{"@type":"EntryPoint","urlTemplate":"https:\/\/dev.benbenben.fr\/fgc\/?s={search_term_string}"},"query-input":{"@type":"PropertyValueSpecification","valueRequired":true,"valueName":"search_term_string"}}],"inLanguage":"fr-FR"}]}},"uagb_featured_image_src":{"full":["https:\/\/dev.benbenben.fr\/fgc\/wp-content\/uploads\/2024\/03\/fgc-c-dr.jpg",1920,1280,false],"thumbnail":["https:\/\/dev.benbenben.fr\/fgc\/wp-content\/uploads\/2024\/03\/fgc-c-dr-150x150.jpg",150,150,true],"medium":["https:\/\/dev.benbenben.fr\/fgc\/wp-content\/uploads\/2024\/03\/fgc-c-dr-300x200.jpg",300,200,true],"medium_large":["https:\/\/dev.benbenben.fr\/fgc\/wp-content\/uploads\/2024\/03\/fgc-c-dr-768x512.jpg",768,512,true],"large":["https:\/\/dev.benbenben.fr\/fgc\/wp-content\/uploads\/2024\/03\/fgc-c-dr-1024x683.jpg",1024,683,true],"1536x1536":["https:\/\/dev.benbenben.fr\/fgc\/wp-content\/uploads\/2024\/03\/fgc-c-dr-1536x1024.jpg",1536,1024,true],"2048x2048":["https:\/\/dev.benbenben.fr\/fgc\/wp-content\/uploads\/2024\/03\/fgc-c-dr.jpg",1920,1280,false]},"uagb_author_info":{"display_name":"admin","author_link":"https:\/\/dev.benbenben.fr\/fgc\/author\/admin\/"},"uagb_comment_info":0,"uagb_excerpt":"Vous \u00eates guide Pourquoi adh\u00e9rer ? Pour partager notre passion, nos interrogations, nos d\u00e9marches,&nbsp;Pour aider les jeunes guides \u00e0 commencer leur carri\u00e8re sereinement,Pour partager les missions et les savoirs,Pour \u00eatre plus visibles aupr\u00e8s des professionnels du tourisme,Pour participer \u00e0 des moments d&rsquo;\u00e9changes conviviaux tou\u00b7te\u00b7s ensemble lors de l&rsquo;Assembl\u00e9e G\u00e9n\u00e9rale annuelle ou lors de formations. La\u2026","_links":{"self":[{"href":"https:\/\/dev.benbenben.fr\/fgc\/wp-json\/wp\/v2\/pages\/83","targetHints":{"allow":["GET"]}}],"collection":[{"href":"https:\/\/dev.benbenben.fr\/fgc\/wp-json\/wp\/v2\/pages"}],"about":[{"href":"https:\/\/dev.benbenben.fr\/fgc\/wp-json\/wp\/v2\/types\/page"}],"author":[{"embeddable":true,"href":"https:\/\/dev.benbenben.fr\/fgc\/wp-json\/wp\/v2\/users\/1"}],"replies":[{"embeddable":true,"href":"https:\/\/dev.benbenben.fr\/fgc\/wp-json\/wp\/v2\/comments?post=83"}],"version-history":[{"count":39,"href":"https:\/\/dev.benbenben.fr\/fgc\/wp-json\/wp\/v2\/pages\/83\/revisions"}],"predecessor-version":[{"id":356,"href":"https:\/\/dev.benbenben.fr\/fgc\/wp-json\/wp\/v2\/pages\/83\/revisions\/356"}],"wp:featuredmedia":[{"embeddable":true,"href":"https:\/\/dev.benbenben.fr\/fgc\/wp-json\/wp\/v2\/media\/6"}],"wp:attachment":[{"href":"https:\/\/dev.benbenben.fr\/fgc\/wp-json\/wp\/v2\/media?parent=83"}],"curies":[{"name":"wp","href":"https:\/\/api.w.org\/{rel}","templated":true}]}}