{"id":98,"date":"2026-01-12T18:00:41","date_gmt":"2026-01-12T17:00:41","guid":{"rendered":"https:\/\/dev.benbenben.fr\/fgc\/?page_id=98"},"modified":"2026-05-11T11:07:28","modified_gmt":"2026-05-11T09:07:28","slug":"contact","status":"publish","type":"page","link":"https:\/\/dev.benbenben.fr\/fgc\/contact\/","title":{"rendered":"Contact"},"content":{"rendered":"\n<div class=\"wp-block-uagb-container uagb-block-c95239ac alignfull uagb-is-root-container\">\n<div class=\"wp-block-uagb-container uagb-block-e5f42f0e\">\n<div class=\"wp-block-uagb-advanced-heading uagb-block-b5b1dc0b\"><h1 class=\"uagb-heading-text\">Contact<\/h1><\/div>\n<\/div>\n<\/div>\n\n\n\n<div class=\"wp-block-uagb-container uagb-block-98d2750a alignfull uagb-is-root-container\"><div class=\"yoast-breadcrumbs\"><span><span><a href=\"https:\/\/dev.benbenben.fr\/fgc\/\">Accueil<\/a><\/span> \u00bb <span class=\"breadcrumb_last\" aria-current=\"page\">Contact<\/span><\/span><\/div><\/div>\n\n\n\n<div class=\"wp-block-uagb-container uagb-block-b3bfb47f alignfull uagb-is-root-container\"><div class=\"uagb-container-inner-blocks-wrap\">\n<div class=\"wp-block-uagb-container uagb-block-8b46af15\">\n<div class=\"wp-block-uagb-advanced-heading uagb-block-892ee6cd\"><h2 class=\"uagb-heading-text\"><strong>Comment nous <\/strong><br><strong>contacter ?<\/strong><\/h2><\/div>\n\n\n\n<p><strong>Vous pouvez nous contacter en utilisant le formulaire ci-contre.<br>Vous pouvez \u00e9galement nous \u00e9crire directement \u00e0&nbsp;<\/strong><\/p>\n\n\n\n<div class=\"wp-block-uagb-marketing-button uagb-marketing-btn__align-left uagb-marketing-btn__align-text-center uagb-marketing-btn__icon-before uagb-block-84937215 wp-block-button\"><a href=\"mailto:fgc.bretagne@gmail.com\" class=\"uagb-marketing-btn__link wp-block-button__link\" target=\"_blank\" rel=\"noopener noreferrer\"><svg xmlns=\"https:\/\/www.w3.org\/2000\/svg\" viewBox=\"0 0 512 512\"><path d=\"M464 64C490.5 64 512 85.49 512 112C512 127.1 504.9 141.3 492.8 150.4L275.2 313.6C263.8 322.1 248.2 322.1 236.8 313.6L19.2 150.4C7.113 141.3 0 127.1 0 112C0 85.49 21.49 64 48 64H464zM217.6 339.2C240.4 356.3 271.6 356.3 294.4 339.2L512 176V384C512 419.3 483.3 448 448 448H64C28.65 448 0 419.3 0 384V176L217.6 339.2z\"><\/path><\/svg><span class=\"uagb-marketing-btn__title\">fgc.bretagne@gmail.com<\/span><\/a><\/div>\n<\/div>\n\n\n\n<div class=\"wp-block-uagb-container uagb-block-35c6a6a8\">\n<div class=\"wp-block-uagb-advanced-heading uagb-block-6b74298d\"><h2 class=\"uagb-heading-text\">Formulaire de contact<\/h2><\/div>\n\n\n\n<div class=\"wpcf7 no-js\" id=\"wpcf7-f115-o1\" lang=\"fr-FR\" dir=\"ltr\" data-wpcf7-id=\"115\">\n<div class=\"screen-reader-response\"><p role=\"status\" aria-live=\"polite\" aria-atomic=\"true\"><\/p> <ul><\/ul><\/div>\n<form action=\"\/fgc\/wp-json\/wp\/v2\/pages\/98#wpcf7-f115-o1\" method=\"post\" class=\"wpcf7-form init\" aria-label=\"Formulaire de contact\" novalidate=\"novalidate\" data-status=\"init\">\n<fieldset class=\"hidden-fields-container\"><input type=\"hidden\" name=\"_wpcf7\" value=\"115\" \/><input type=\"hidden\" name=\"_wpcf7_version\" value=\"6.1.5\" \/><input type=\"hidden\" name=\"_wpcf7_locale\" value=\"fr_FR\" \/><input type=\"hidden\" name=\"_wpcf7_unit_tag\" value=\"wpcf7-f115-o1\" \/><input type=\"hidden\" name=\"_wpcf7_container_post\" value=\"0\" \/><input type=\"hidden\" name=\"_wpcf7_posted_data_hash\" value=\"\" \/>\n<\/fieldset>\n<p><label> Votre nom<br \/>\n<span class=\"wpcf7-form-control-wrap\" data-name=\"your-name\"><input size=\"40\" maxlength=\"400\" class=\"wpcf7-form-control wpcf7-text wpcf7-validates-as-required\" autocomplete=\"name\" aria-required=\"true\" aria-invalid=\"false\" value=\"\" type=\"text\" name=\"your-name\" \/><\/span> <\/label>\n<\/p>\n<p><label> Votre e-mail<br \/>\n<span class=\"wpcf7-form-control-wrap\" data-name=\"your-email\"><input size=\"40\" maxlength=\"400\" class=\"wpcf7-form-control wpcf7-email wpcf7-validates-as-required wpcf7-text wpcf7-validates-as-email\" autocomplete=\"email\" aria-required=\"true\" aria-invalid=\"false\" value=\"\" type=\"email\" name=\"your-email\" \/><\/span> <\/label>\n<\/p>\n<p><label> Objet<br \/>\n<span class=\"wpcf7-form-control-wrap\" data-name=\"your-subject\"><input size=\"40\" maxlength=\"400\" class=\"wpcf7-form-control wpcf7-text wpcf7-validates-as-required\" aria-required=\"true\" aria-invalid=\"false\" value=\"\" type=\"text\" name=\"your-subject\" \/><\/span> <\/label>\n<\/p>\n<p><label> Votre message (facultatif)<br \/>\n<span class=\"wpcf7-form-control-wrap\" data-name=\"your-message\"><textarea cols=\"40\" rows=\"10\" maxlength=\"2000\" class=\"wpcf7-form-control wpcf7-textarea\" aria-invalid=\"false\" name=\"your-message\"><\/textarea><\/span> <\/label>\n<\/p>\n<p><input class=\"wpcf7-form-control wpcf7-submit has-spinner\" type=\"submit\" value=\"Envoyer\" \/>\n<\/p><div class=\"wpcf7-response-output\" aria-hidden=\"true\"><\/div>\n<\/form>\n<\/div>\n\n<\/div>\n<\/div><\/div>\n","protected":false},"excerpt":{"rendered":"<p>Contact Comment nous contacter ? Vous pouvez nous contacter en utilisant le formulaire ci-contre.Vous pouvez \u00e9galement nous \u00e9crire directement \u00e0&nbsp; Formulaire de contact<\/p>\n","protected":false},"author":1,"featured_media":6,"parent":0,"menu_order":0,"comment_status":"closed","ping_status":"closed","template":"","meta":{"_acf_changed":false,"_uag_custom_page_level_css":"","footnotes":""},"class_list":["post-98","page","type-page","status-publish","has-post-thumbnail","hentry"],"acf":[],"yoast_head":"<!-- This site is optimized with the Yoast SEO plugin v27.5 - https:\/\/yoast.com\/product\/yoast-seo-wordpress\/ -->\n<title>Contact - F\u00e9d\u00e9ration des Guides Conf\u00e9renciers de Bretagne<\/title>\n<meta name=\"robots\" content=\"noindex, follow, max-snippet:-1, max-image-preview:large, max-video-preview:-1\" \/>\n<meta property=\"og:locale\" content=\"fr_FR\" \/>\n<meta property=\"og:type\" content=\"article\" \/>\n<meta property=\"og:title\" content=\"Contact - F\u00e9d\u00e9ration des Guides Conf\u00e9renciers de Bretagne\" \/>\n<meta property=\"og:description\" content=\"Contact Comment nous contacter ? Vous pouvez nous contacter en utilisant le formulaire ci-contre.Vous pouvez \u00e9galement nous \u00e9crire directement \u00e0&nbsp; Formulaire de contact\" \/>\n<meta property=\"og:url\" content=\"https:\/\/dev.benbenben.fr\/fgc\/contact\/\" \/>\n<meta property=\"og:site_name\" content=\"F\u00e9d\u00e9ration des Guides Conf\u00e9renciers de Bretagne\" \/>\n<meta property=\"article:modified_time\" content=\"2026-05-11T09:07:28+00:00\" \/>\n<meta property=\"og:image\" content=\"https:\/\/dev.benbenben.fr\/fgc\/wp-content\/uploads\/2024\/03\/fgc-c-dr.jpg\" \/>\n\t<meta property=\"og:image:width\" content=\"1920\" \/>\n\t<meta property=\"og:image:height\" content=\"1280\" \/>\n\t<meta property=\"og:image:type\" content=\"image\/jpeg\" \/>\n<meta name=\"twitter:card\" content=\"summary_large_image\" \/>\n<meta name=\"twitter:label1\" content=\"Dur\u00e9e de lecture estim\u00e9e\" \/>\n\t<meta name=\"twitter:data1\" content=\"1 minute\" \/>\n<script type=\"application\/ld+json\" class=\"yoast-schema-graph\">{\"@context\":\"https:\\\/\\\/schema.org\",\"@graph\":[{\"@type\":\"WebPage\",\"@id\":\"https:\\\/\\\/dev.benbenben.fr\\\/fgc\\\/contact\\\/\",\"url\":\"https:\\\/\\\/dev.benbenben.fr\\\/fgc\\\/contact\\\/\",\"name\":\"Contact - F\u00e9d\u00e9ration des Guides Conf\u00e9renciers de Bretagne\",\"isPartOf\":{\"@id\":\"https:\\\/\\\/dev.benbenben.fr\\\/fgc\\\/#website\"},\"primaryImageOfPage\":{\"@id\":\"https:\\\/\\\/dev.benbenben.fr\\\/fgc\\\/contact\\\/#primaryimage\"},\"image\":{\"@id\":\"https:\\\/\\\/dev.benbenben.fr\\\/fgc\\\/contact\\\/#primaryimage\"},\"thumbnailUrl\":\"https:\\\/\\\/dev.benbenben.fr\\\/fgc\\\/wp-content\\\/uploads\\\/2024\\\/03\\\/fgc-c-dr.jpg\",\"datePublished\":\"2026-01-12T17:00:41+00:00\",\"dateModified\":\"2026-05-11T09:07:28+00:00\",\"breadcrumb\":{\"@id\":\"https:\\\/\\\/dev.benbenben.fr\\\/fgc\\\/contact\\\/#breadcrumb\"},\"inLanguage\":\"fr-FR\",\"potentialAction\":[{\"@type\":\"ReadAction\",\"target\":[\"https:\\\/\\\/dev.benbenben.fr\\\/fgc\\\/contact\\\/\"]}]},{\"@type\":\"ImageObject\",\"inLanguage\":\"fr-FR\",\"@id\":\"https:\\\/\\\/dev.benbenben.fr\\\/fgc\\\/contact\\\/#primaryimage\",\"url\":\"https:\\\/\\\/dev.benbenben.fr\\\/fgc\\\/wp-content\\\/uploads\\\/2024\\\/03\\\/fgc-c-dr.jpg\",\"contentUrl\":\"https:\\\/\\\/dev.benbenben.fr\\\/fgc\\\/wp-content\\\/uploads\\\/2024\\\/03\\\/fgc-c-dr.jpg\",\"width\":1920,\"height\":1280},{\"@type\":\"BreadcrumbList\",\"@id\":\"https:\\\/\\\/dev.benbenben.fr\\\/fgc\\\/contact\\\/#breadcrumb\",\"itemListElement\":[{\"@type\":\"ListItem\",\"position\":1,\"name\":\"Accueil\",\"item\":\"https:\\\/\\\/dev.benbenben.fr\\\/fgc\\\/\"},{\"@type\":\"ListItem\",\"position\":2,\"name\":\"Contact\"}]},{\"@type\":\"WebSite\",\"@id\":\"https:\\\/\\\/dev.benbenben.fr\\\/fgc\\\/#website\",\"url\":\"https:\\\/\\\/dev.benbenben.fr\\\/fgc\\\/\",\"name\":\"F\u00e9d\u00e9ration des Guides Conf\u00e9renciers de Bretagne\",\"description\":\"\",\"potentialAction\":[{\"@type\":\"SearchAction\",\"target\":{\"@type\":\"EntryPoint\",\"urlTemplate\":\"https:\\\/\\\/dev.benbenben.fr\\\/fgc\\\/?s={search_term_string}\"},\"query-input\":{\"@type\":\"PropertyValueSpecification\",\"valueRequired\":true,\"valueName\":\"search_term_string\"}}],\"inLanguage\":\"fr-FR\"}]}<\/script>\n<!-- \/ Yoast SEO plugin. -->","yoast_head_json":{"title":"Contact - F\u00e9d\u00e9ration des Guides Conf\u00e9renciers de Bretagne","robots":{"index":"noindex","follow":"follow","max-snippet":"max-snippet:-1","max-image-preview":"max-image-preview:large","max-video-preview":"max-video-preview:-1"},"og_locale":"fr_FR","og_type":"article","og_title":"Contact - F\u00e9d\u00e9ration des Guides Conf\u00e9renciers de Bretagne","og_description":"Contact Comment nous contacter ? Vous pouvez nous contacter en utilisant le formulaire ci-contre.Vous pouvez \u00e9galement nous \u00e9crire directement \u00e0&nbsp; Formulaire de contact","og_url":"https:\/\/dev.benbenben.fr\/fgc\/contact\/","og_site_name":"F\u00e9d\u00e9ration des Guides Conf\u00e9renciers de Bretagne","article_modified_time":"2026-05-11T09:07:28+00:00","og_image":[{"width":1920,"height":1280,"url":"https:\/\/dev.benbenben.fr\/fgc\/wp-content\/uploads\/2024\/03\/fgc-c-dr.jpg","type":"image\/jpeg"}],"twitter_card":"summary_large_image","twitter_misc":{"Dur\u00e9e de lecture estim\u00e9e":"1 minute"},"schema":{"@context":"https:\/\/schema.org","@graph":[{"@type":"WebPage","@id":"https:\/\/dev.benbenben.fr\/fgc\/contact\/","url":"https:\/\/dev.benbenben.fr\/fgc\/contact\/","name":"Contact - F\u00e9d\u00e9ration des Guides Conf\u00e9renciers de Bretagne","isPartOf":{"@id":"https:\/\/dev.benbenben.fr\/fgc\/#website"},"primaryImageOfPage":{"@id":"https:\/\/dev.benbenben.fr\/fgc\/contact\/#primaryimage"},"image":{"@id":"https:\/\/dev.benbenben.fr\/fgc\/contact\/#primaryimage"},"thumbnailUrl":"https:\/\/dev.benbenben.fr\/fgc\/wp-content\/uploads\/2024\/03\/fgc-c-dr.jpg","datePublished":"2026-01-12T17:00:41+00:00","dateModified":"2026-05-11T09:07:28+00:00","breadcrumb":{"@id":"https:\/\/dev.benbenben.fr\/fgc\/contact\/#breadcrumb"},"inLanguage":"fr-FR","potentialAction":[{"@type":"ReadAction","target":["https:\/\/dev.benbenben.fr\/fgc\/contact\/"]}]},{"@type":"ImageObject","inLanguage":"fr-FR","@id":"https:\/\/dev.benbenben.fr\/fgc\/contact\/#primaryimage","url":"https:\/\/dev.benbenben.fr\/fgc\/wp-content\/uploads\/2024\/03\/fgc-c-dr.jpg","contentUrl":"https:\/\/dev.benbenben.fr\/fgc\/wp-content\/uploads\/2024\/03\/fgc-c-dr.jpg","width":1920,"height":1280},{"@type":"BreadcrumbList","@id":"https:\/\/dev.benbenben.fr\/fgc\/contact\/#breadcrumb","itemListElement":[{"@type":"ListItem","position":1,"name":"Accueil","item":"https:\/\/dev.benbenben.fr\/fgc\/"},{"@type":"ListItem","position":2,"name":"Contact"}]},{"@type":"WebSite","@id":"https:\/\/dev.benbenben.fr\/fgc\/#website","url":"https:\/\/dev.benbenben.fr\/fgc\/","name":"F\u00e9d\u00e9ration des Guides Conf\u00e9renciers de Bretagne","description":"","potentialAction":[{"@type":"SearchAction","target":{"@type":"EntryPoint","urlTemplate":"https:\/\/dev.benbenben.fr\/fgc\/?s={search_term_string}"},"query-input":{"@type":"PropertyValueSpecification","valueRequired":true,"valueName":"search_term_string"}}],"inLanguage":"fr-FR"}]}},"uagb_featured_image_src":{"full":["https:\/\/dev.benbenben.fr\/fgc\/wp-content\/uploads\/2024\/03\/fgc-c-dr.jpg",1920,1280,false],"thumbnail":["https:\/\/dev.benbenben.fr\/fgc\/wp-content\/uploads\/2024\/03\/fgc-c-dr-150x150.jpg",150,150,true],"medium":["https:\/\/dev.benbenben.fr\/fgc\/wp-content\/uploads\/2024\/03\/fgc-c-dr-300x200.jpg",300,200,true],"medium_large":["https:\/\/dev.benbenben.fr\/fgc\/wp-content\/uploads\/2024\/03\/fgc-c-dr-768x512.jpg",768,512,true],"large":["https:\/\/dev.benbenben.fr\/fgc\/wp-content\/uploads\/2024\/03\/fgc-c-dr-1024x683.jpg",1024,683,true],"1536x1536":["https:\/\/dev.benbenben.fr\/fgc\/wp-content\/uploads\/2024\/03\/fgc-c-dr-1536x1024.jpg",1536,1024,true],"2048x2048":["https:\/\/dev.benbenben.fr\/fgc\/wp-content\/uploads\/2024\/03\/fgc-c-dr.jpg",1920,1280,false]},"uagb_author_info":{"display_name":"admin","author_link":"https:\/\/dev.benbenben.fr\/fgc\/author\/admin\/"},"uagb_comment_info":0,"uagb_excerpt":"Contact Comment nous contacter ? Vous pouvez nous contacter en utilisant le formulaire ci-contre.Vous pouvez \u00e9galement nous \u00e9crire directement \u00e0&nbsp; Formulaire de contact","_links":{"self":[{"href":"https:\/\/dev.benbenben.fr\/fgc\/wp-json\/wp\/v2\/pages\/98","targetHints":{"allow":["GET"]}}],"collection":[{"href":"https:\/\/dev.benbenben.fr\/fgc\/wp-json\/wp\/v2\/pages"}],"about":[{"href":"https:\/\/dev.benbenben.fr\/fgc\/wp-json\/wp\/v2\/types\/page"}],"author":[{"embeddable":true,"href":"https:\/\/dev.benbenben.fr\/fgc\/wp-json\/wp\/v2\/users\/1"}],"replies":[{"embeddable":true,"href":"https:\/\/dev.benbenben.fr\/fgc\/wp-json\/wp\/v2\/comments?post=98"}],"version-history":[{"count":20,"href":"https:\/\/dev.benbenben.fr\/fgc\/wp-json\/wp\/v2\/pages\/98\/revisions"}],"predecessor-version":[{"id":347,"href":"https:\/\/dev.benbenben.fr\/fgc\/wp-json\/wp\/v2\/pages\/98\/revisions\/347"}],"wp:featuredmedia":[{"embeddable":true,"href":"https:\/\/dev.benbenben.fr\/fgc\/wp-json\/wp\/v2\/media\/6"}],"wp:attachment":[{"href":"https:\/\/dev.benbenben.fr\/fgc\/wp-json\/wp\/v2\/media?parent=98"}],"curies":[{"name":"wp","href":"https:\/\/api.w.org\/{rel}","templated":true}]}}