{"id":399,"date":"2022-10-14T10:12:28","date_gmt":"2022-10-14T08:12:28","guid":{"rendered":"https:\/\/dev.benbenben.fr\/letondor\/?page_id=399"},"modified":"2022-10-14T10:14:23","modified_gmt":"2022-10-14T08:14:23","slug":"conditions-generales-de-vente","status":"publish","type":"page","link":"https:\/\/dev.benbenben.fr\/letondor\/conditions-generales-de-vente\/","title":{"rendered":"Conditions g\u00e9n\u00e9rales de vente"},"content":{"rendered":"\n<h1 class=\"has-text-align-center wp-block-heading\">Conditions g\u00e9n\u00e9rales de vente<\/h1>\n\n\n\n<h2 class=\"wp-block-heading\">Article 1 &#8211; D\u00e9finitions<\/h2>\n\n\n\n<p>Dans les pr\u00e9sentes CGV, les termes et expressions d\u00e9butant par une majuscule, qu\u2019ils soient employ\u00e9s au singulier ou au pluriel, au masculin ou au f\u00e9minin, ont la signification qui leur est donn\u00e9e ci-apr\u00e8s&nbsp;:<\/p>\n\n\n\n<h2 class=\"wp-block-heading\">Article 2 &#8211; Objet<\/h2>\n\n\n\n<p>Les pr\u00e9sentes CGV s\u2019appliquent de fa\u00e7on exclusive aux relations commerciales actuelles et futures existant entre&nbsp;<strong>LETONDOR D\u00e9coration<\/strong>&nbsp;et le Client.<\/p>\n\n\n\n<p>Toute Commande implique l\u2019acceptation des CGV et, le cas \u00e9ch\u00e9ant, des conditions particuli\u00e8res pr\u00e9cis\u00e9es au moment de la Commande. Le Client reconna\u00eet express\u00e9ment que toute stipulation contraire sera inopposable \u00e0&nbsp;<strong>LETONDOR D\u00e9coration.<\/strong><\/p>\n\n\n\n<p>Les CGV peuvent faire l\u2019objet de modifications ult\u00e9rieures, la version applicable \u00e9tant celle en vigueur \u00e0 la date de validation d\u2019une Commande par le Client.<\/p>\n\n\n\n<p>Les CGV sont la propri\u00e9t\u00e9 de&nbsp;<strong>LETONDOR D\u00e9coration.<\/strong> Toute reproduction, m\u00eame partielle est interdite.<\/p>\n\n\n\n<h2 class=\"wp-block-heading\">Article 3 &#8211; Domaine d&rsquo;application<\/h2>\n\n\n\n<p>Les dispositions des CGV annulent et remplacent toutes conventions pr\u00e9alables, de quelque nature et sous quelle que forme que ce soit, intervenues entre le Client et&nbsp;<strong>LETONDOR D\u00e9coration<\/strong> et qui se rapporteraient au m\u00eame objet ou Prestations.<\/p>\n\n\n\n<p>Le Client reconna\u00eet avoir eu une parfaite information concernant les Prestations pr\u00e9vues \u00e0 la Commande, notamment leurs caract\u00e9ristiques essentielles.<\/p>\n\n\n\n<p>Le Client reconna\u00eet \u00e9galement avoir lu et accept\u00e9 les pr\u00e9sentes dispositions. Pour autant, conform\u00e9ment aux dispositions de l\u2019article 1110 du Code civil, si les termes des CGV ne sont pas n\u00e9gociables en l\u2019\u00e9tat, les Parties sont libres de n\u00e9gocier et de pr\u00e9voir express\u00e9ment et par \u00e9crit des d\u00e9rogations aux pr\u00e9sentes dispositions avant la Commande.<\/p>\n\n\n\n<p>En cons\u00e9quence, l\u2019engagement du Client au titre du Contrat emporte renonciation \u00e0 ses \u00e9ventuelles conditions g\u00e9n\u00e9rales et\/ou particuli\u00e8res d\u2019achat ou \u00e0 tout autre document similaire.<\/p>\n\n\n\n<h2 class=\"wp-block-heading\">Article 4 &#8211; Prestations &amp; produits<\/h2>\n\n\n\n<p>Les Prestations de<strong> LETONDOR D\u00e9coration<\/strong>&nbsp;sont d\u00e9crites dans le Bon de commande.<\/p>\n\n\n\n<h3 class=\"wp-block-heading\">Description des Prestations<\/h3>\n\n\n\n<p><strong>LETONDOR D\u00e9coration<\/strong> s\u2019attache \u00e0 donner au Client la meilleure repr\u00e9sentation possible des coloris, mati\u00e8res et mod\u00e8les utilis\u00e9es dans le cadre des Prestations, sans pouvoir en garantir la fid\u00e8le reproduction. Les descriptions se r\u00e9f\u00e8rent aux descriptions faites par chacun des fournisseurs et prestataires de<strong> LETONDOR D\u00e9coration.<\/strong><\/p>\n\n\n\n<h3 class=\"wp-block-heading\">Description des Produits<\/h3>\n\n\n\n<p><strong>LETONDOR D\u00e9coration<\/strong> transmet au Client les Produits propos\u00e9s par des Fournisseurs avec le plus d\u2019exactitude possible. Ceux-ci sont pr\u00e9sent\u00e9s sous forme de fiche descriptive contenant, le cas \u00e9ch\u00e9ant, des illustrations<br>sous forme de photos.<\/p>\n\n\n\n<p>La fiche descriptive comprend les \u00e9l\u00e9ments essentiels du Produit tel que le pr\u00e9voit l\u2019article L.111-1 du Code de la consommation permettant au Client de l\u2019identifier et de conna\u00eetre ses principales caract\u00e9ristiques.<\/p>\n\n\n\n<p>La fiche descriptive devra comprendre \u00e0 minima&nbsp;:<\/p>\n\n\n\n<ul class=\"wp-block-list\"><li>L\u2019identit\u00e9 du fabricant du Produit&nbsp;;<\/li><li>La description du Produit&nbsp;;<\/li><li>Le prix du Produit toutes taxes comprises pour un Client particulier avec et sans Prestations d\u2019installation&nbsp;;<\/li><\/ul>\n\n\n\n<p><strong>LETONDOR D\u00e9coration<\/strong> s\u2019engage \u00e0 agir de bonne foi dans la description des Produits. Elle est seule responsable de l\u2019exactitude des mentions y figurant et s\u2019engage \u00e0 ce qu\u2019elles ne risquent pas d\u2019induire en erreur le Client, tant sur les caract\u00e9ristiques des articles, les garanties associ\u00e9s, que sur le prix.<\/p>\n\n\n\n<h2 class=\"wp-block-heading\">Article 5 &#8211; Commandes<\/h2>\n\n\n\n<p>Toute Commande, pour \u00eatre valable, doit \u00eatre \u00e9tablie sur la base du Bon de commande de&nbsp;<strong>LETONDOR D\u00e9coration<\/strong> valable pour une dur\u00e9e d\u2019un (1) mois \u00e0 compter de son envoi au Client.<\/p>\n\n\n\n<p>Toute Prestation fait l\u2019objet d\u2019un contrat entre le Client et&nbsp;<strong>LETONDOR D\u00e9coration<\/strong> compos\u00e9 des pr\u00e9sentes CGV et d\u2019un Bon de commande.<\/p>\n\n\n\n<p>Toute Commande parvenue \u00e0&nbsp;<strong>LETONDOR D\u00e9coration<\/strong> est r\u00e9put\u00e9e ferme et d\u00e9finitive.<\/p>\n\n\n\n<p>La vente est r\u00e9put\u00e9e conclue \u00e0 la date d\u2019acceptation de la Commande par&nbsp;<strong>LETONDOR D\u00e9coration<\/strong><\/p>\n\n\n\n<h2 class=\"wp-block-heading\">Article 6 &#8211; Prix<\/h2>\n\n\n\n<p>Les prix des Prestations sont formul\u00e9s en euros et s\u2019entendent toutes taxes comprises (TTC), sauf mention contraire.<\/p>\n\n\n\n<p>Le prix des Prestations est celui en vigueur au jour de la Commande et d\u00e9pend des Prestations demand\u00e9es.<\/p>\n\n\n\n<p><strong>LETONDOR D\u00e9coration<\/strong> se r\u00e9serve le droit de modifier les prix de vente des Prestations \u00e0 tout moment, mais les Prestations sont factur\u00e9es au Client sur la base des prix en vigueur au moment de la validation de la Commande.<\/p>\n\n\n\n<p>Toutes modifications d\u00e9sir\u00e9es par le Client apr\u00e8s validation de la Commande n\u00e9cessitera un avenant au Contrat qui devra \u00eatre accept\u00e9 par le Client.<\/p>\n\n\n\n<h2 class=\"wp-block-heading\">Article 7 &#8211; Paiement<\/h2>\n\n\n\n<p>Le r\u00e8glement s\u2019effectue selon les modalit\u00e9s indiqu\u00e9es sur le Bon de commande.<\/p>\n\n\n\n<p>Pour certaines Prestations et\/ou Produits, un acompte pourra \u00eatre exig\u00e9. Il fera l\u2019objet d\u2019une facture interm\u00e9diaire et sera d\u00e9duit de la facture globale. L\u2019acompte, d\u2019un montant allant de trente pour cent (30 %) \u00e0 cinquante pour cent (50%) de la somme totale des Prestations et\/ou Produits, sera calcul\u00e9 en fonction des usages pratiqu\u00e9s par les diff\u00e9rents artisans et commer\u00e7ants intervenants sur les Prestations.<\/p>\n\n\n\n<p>Les factures \u00e9mises au titre des Prestations et\/ou Produits sont r\u00e9gl\u00e9es par ch\u00e8que ou virement bancaire sur le compte de&nbsp;<strong>LETONDOR D\u00e9coration<\/strong> dont les coordonn\u00e9es sont jointes \u00e0 la facture, par le Client \u00e0 r\u00e9ception de leur envoi par&nbsp;<strong>LETONDOR D\u00e9coration.<\/strong><\/p>\n\n\n\n<p>Tout retard ou d\u00e9faut de paiement entrainera de plein droit&nbsp;:<\/p>\n\n\n\n<ul class=\"wp-block-list\"><li>L\u2019exigibilit\u00e9 imm\u00e9diate de toute somme restante due<\/li><li>Le droit pour&nbsp;<strong>LETONDOR D\u00e9coration<\/strong> de suspendre l\u2019ex\u00e9cution des Prestations en cours et de surseoir \u00e0 toute nouvelle Commande.<\/li><\/ul>\n","protected":false},"excerpt":{"rendered":"<p>Conditions g\u00e9n\u00e9rales de vente Article 1 &#8211; D\u00e9finitions Dans les pr\u00e9sentes CGV, les termes et expressions d\u00e9butant par une majuscule, qu\u2019ils soient employ\u00e9s au singulier ou au pluriel, au masculin ou au f\u00e9minin, ont la signification qui leur est donn\u00e9e ci-apr\u00e8s&nbsp;: Article 2 &#8211; Objet Les pr\u00e9sentes CGV s\u2019appliquent de fa\u00e7on exclusive aux relations commerciales [&hellip;]<\/p>\n","protected":false},"author":1,"featured_media":0,"parent":0,"menu_order":0,"comment_status":"closed","ping_status":"closed","template":"","meta":{"footnotes":""},"class_list":["post-399","page","type-page","status-publish","hentry"],"featured_image_src":null,"_links":{"self":[{"href":"https:\/\/dev.benbenben.fr\/letondor\/wp-json\/wp\/v2\/pages\/399","targetHints":{"allow":["GET"]}}],"collection":[{"href":"https:\/\/dev.benbenben.fr\/letondor\/wp-json\/wp\/v2\/pages"}],"about":[{"href":"https:\/\/dev.benbenben.fr\/letondor\/wp-json\/wp\/v2\/types\/page"}],"author":[{"embeddable":true,"href":"https:\/\/dev.benbenben.fr\/letondor\/wp-json\/wp\/v2\/users\/1"}],"replies":[{"embeddable":true,"href":"https:\/\/dev.benbenben.fr\/letondor\/wp-json\/wp\/v2\/comments?post=399"}],"version-history":[{"count":5,"href":"https:\/\/dev.benbenben.fr\/letondor\/wp-json\/wp\/v2\/pages\/399\/revisions"}],"predecessor-version":[{"id":404,"href":"https:\/\/dev.benbenben.fr\/letondor\/wp-json\/wp\/v2\/pages\/399\/revisions\/404"}],"wp:attachment":[{"href":"https:\/\/dev.benbenben.fr\/letondor\/wp-json\/wp\/v2\/media?parent=399"}],"curies":[{"name":"wp","href":"https:\/\/api.w.org\/{rel}","templated":true}]}}