{"id":154,"date":"2024-03-04T15:17:04","date_gmt":"2024-03-04T14:17:04","guid":{"rendered":"https:\/\/dev.benbenben.fr\/nouvellelune\/?page_id=154"},"modified":"2024-05-28T21:57:28","modified_gmt":"2024-05-28T19:57:28","slug":"ateliers-stages","status":"publish","type":"page","link":"https:\/\/dev.benbenben.fr\/nouvellelune\/ateliers-stages\/","title":{"rendered":"Ateliers &#038; Stages"},"content":{"rendered":"\n<div class=\"wp-block-columns is-layout-flex wp-container-core-columns-is-layout-9d6595d7 wp-block-columns-is-layout-flex\">\n<div class=\"wp-block-column is-layout-flow wp-block-column-is-layout-flow\">\n<p class=\"has-text-align-center has-medium-font-size\">Le vendredi soir et pendant les weekends, des intervenant.e.s vous proposent des ateliers\/stages\/workshops sp\u00e9cifiques et ponctuels, sur des th\u00e9matiques qui changent r\u00e9guli\u00e8rement.<\/p>\n\n\n\n<p class=\"has-text-align-center has-medium-font-size\">Venez profiter d&rsquo;une magnifique salle \u00e0 l&rsquo;ambiance coocooning et laissez-vous bercer par les subtiles mouvements de l&rsquo;eau<\/p>\n\n\n\n<p class=\"has-text-align-center has-medium-font-size\">Retrouvez le programme ci-dessous tous les mois !<\/p>\n<\/div>\n<\/div>\n","protected":false},"excerpt":{"rendered":"<p>Le vendredi soir et pendant les weekends, des intervenant.e.s vous proposent des ateliers\/stages\/workshops sp\u00e9cifiques et ponctuels, sur des th\u00e9matiques qui changent r\u00e9guli\u00e8rement. Venez profiter d&rsquo;une magnifique salle \u00e0 l&rsquo;ambiance coocooning et laissez-vous bercer par les subtiles mouvements de l&rsquo;eau Retrouvez le programme ci-dessous tous les mois !<\/p>\n","protected":false},"author":1,"featured_media":0,"parent":0,"menu_order":0,"comment_status":"closed","ping_status":"closed","template":"evenements.php","meta":{"_acf_changed":false,"footnotes":""},"class_list":["post-154","page","type-page","status-publish","hentry"],"acf":[],"_links":{"self":[{"href":"https:\/\/dev.benbenben.fr\/nouvellelune\/wp-json\/wp\/v2\/pages\/154","targetHints":{"allow":["GET"]}}],"collection":[{"href":"https:\/\/dev.benbenben.fr\/nouvellelune\/wp-json\/wp\/v2\/pages"}],"about":[{"href":"https:\/\/dev.benbenben.fr\/nouvellelune\/wp-json\/wp\/v2\/types\/page"}],"author":[{"embeddable":true,"href":"https:\/\/dev.benbenben.fr\/nouvellelune\/wp-json\/wp\/v2\/users\/1"}],"replies":[{"embeddable":true,"href":"https:\/\/dev.benbenben.fr\/nouvellelune\/wp-json\/wp\/v2\/comments?post=154"}],"version-history":[{"count":6,"href":"https:\/\/dev.benbenben.fr\/nouvellelune\/wp-json\/wp\/v2\/pages\/154\/revisions"}],"predecessor-version":[{"id":355,"href":"https:\/\/dev.benbenben.fr\/nouvellelune\/wp-json\/wp\/v2\/pages\/154\/revisions\/355"}],"wp:attachment":[{"href":"https:\/\/dev.benbenben.fr\/nouvellelune\/wp-json\/wp\/v2\/media?parent=154"}],"curies":[{"name":"wp","href":"https:\/\/api.w.org\/{rel}","templated":true}]}}