{"id":156,"date":"2024-03-04T15:15:13","date_gmt":"2024-03-04T14:15:13","guid":{"rendered":"https:\/\/dev.benbenben.fr\/nouvellelune\/?page_id=156"},"modified":"2024-04-19T11:50:48","modified_gmt":"2024-04-19T09:50:48","slug":"privatisation","status":"publish","type":"page","link":"https:\/\/dev.benbenben.fr\/nouvellelune\/privatisation\/","title":{"rendered":"Privatisation"},"content":{"rendered":"\n<div class=\"wp-block-media-text is-stacked-on-mobile\"><figure class=\"wp-block-media-text__media\"><img loading=\"lazy\" decoding=\"async\" width=\"1024\" height=\"1024\" src=\"http:\/\/dev.benbenben.fr\/nouvellelune\/wp-content\/uploads\/2024\/04\/privatisation-1024x1024.jpeg\" alt=\"\" class=\"wp-image-280 size-full\" srcset=\"https:\/\/dev.benbenben.fr\/nouvellelune\/wp-content\/uploads\/2024\/04\/privatisation-1024x1024.jpeg 1024w, https:\/\/dev.benbenben.fr\/nouvellelune\/wp-content\/uploads\/2024\/04\/privatisation-300x300.jpeg 300w, https:\/\/dev.benbenben.fr\/nouvellelune\/wp-content\/uploads\/2024\/04\/privatisation-150x150.jpeg 150w, https:\/\/dev.benbenben.fr\/nouvellelune\/wp-content\/uploads\/2024\/04\/privatisation-768x768.jpeg 768w, https:\/\/dev.benbenben.fr\/nouvellelune\/wp-content\/uploads\/2024\/04\/privatisation.jpeg 1512w\" sizes=\"auto, (max-width: 1024px) 100vw, 1024px\" \/><\/figure><div class=\"wp-block-media-text__content\">\n<p>Sur La Nouvelle Lune, il est possible de vous accueillir pour des \u00e9v\u00e9nements sp\u00e9cifiques et priv\u00e9s.<\/p>\n\n\n\n<p><strong>Qu\u2019est-ce qui fait la diff\u00e9rence&nbsp;?<\/strong><\/p>\n\n\n\n<p>Un lieu atypique &amp; insolite, un cocon intimiste berc\u00e9 par les mouvements subtils de l\u2019eau.<br>Un espace adapt\u00e9 \u00e0 vos pratiques et une \u00e9quipe pr\u00e9sente \u00e0 vos c\u00f4t\u00e9s pour vous soutenir, vous conseiller et vous accompagner.<\/p>\n\n\n\n<p><strong>Pratiques bien-\u00eatre et sportives \u00e0 destination de vos salari\u00e9s<\/strong><\/p>\n\n\n\n<p>Nous mettons \u00e0 votre disposition la grande salle de pratique avec tout le mat\u00e9riel sur place.<br>Pour du mat\u00e9riel sp\u00e9cifique, nous contacter&nbsp;!<br>Attention, il n\u2019est pas possible de faire une pratique avec chaussures dans la salle.<\/p>\n\n\n\n<p><strong>Le +&nbsp;?<\/strong><\/p>\n\n\n\n<p>L\u2019\u00e9quipage de la p\u00e9niche se mobilise pour vous et est disponible pour accompagner vos pratiques de bien-\u00eatre. Demandez-nous&nbsp;!<\/p>\n\n\n\n<p><strong>S\u00e9minaire de travail<\/strong><\/p>\n\n\n\n<p>Vous voulez sortir de vos espaces habituels&nbsp;? Vous souhaitez vous retrouver en petits groupes et travailler de mani\u00e8re diff\u00e9rente&nbsp;?<br>Nous mettons \u00e0 votre disposition la grande salle de pratique avec tout le mat\u00e9riel sur place.<br>Vous pourrez \u00e9galement avoir \u00e0 votre disposition du th\u00e9, un paper board avec feutres, un mini vid\u00e9o projecteur.<br>Pour du mat\u00e9riel sp\u00e9cifique ou des conseils, nous contacter&nbsp;!<br><br><strong>EVJF, EVG, Anniversaire<\/strong><\/p>\n\n\n\n<p>Si vous souhaitez contacter un moment entre ami.e.s, famille, la p\u00e9niche est l\u00e0 pour vous accueillir&nbsp;! Nous mettons \u00e0 votre disposition la grande salle de pratique avec tout le mat\u00e9riel sur place.<\/p>\n\n\n\n<p>Notre \u00e9quipage est \u00e9galement l\u00e0 pour vous accompagner dans ces moments pr\u00e9cieux de partage.<\/p>\n\n\n\n<div class=\"wp-block-buttons is-content-justification-center is-layout-flex wp-container-core-buttons-is-layout-16018d1d wp-block-buttons-is-layout-flex\">\n<div class=\"wp-block-button is-style-fill\"><a class=\"wp-block-button__link has-white-color has-text-color has-background has-link-color wp-element-button\" href=\"https:\/\/dev.benbenben.fr\/nouvellelune\/contact\/\" style=\"background-color:#34108f\">Devis sur mesure \/ Nous contacter<\/a><\/div>\n<\/div>\n<\/div><\/div>\n\n\n\n<div style=\"height:100px\" aria-hidden=\"true\" class=\"wp-block-spacer\"><\/div>\n","protected":false},"excerpt":{"rendered":"","protected":false},"author":1,"featured_media":0,"parent":0,"menu_order":0,"comment_status":"closed","ping_status":"closed","template":"","meta":{"_acf_changed":false,"footnotes":""},"class_list":["post-156","page","type-page","status-publish","hentry"],"acf":[],"_links":{"self":[{"href":"https:\/\/dev.benbenben.fr\/nouvellelune\/wp-json\/wp\/v2\/pages\/156","targetHints":{"allow":["GET"]}}],"collection":[{"href":"https:\/\/dev.benbenben.fr\/nouvellelune\/wp-json\/wp\/v2\/pages"}],"about":[{"href":"https:\/\/dev.benbenben.fr\/nouvellelune\/wp-json\/wp\/v2\/types\/page"}],"author":[{"embeddable":true,"href":"https:\/\/dev.benbenben.fr\/nouvellelune\/wp-json\/wp\/v2\/users\/1"}],"replies":[{"embeddable":true,"href":"https:\/\/dev.benbenben.fr\/nouvellelune\/wp-json\/wp\/v2\/comments?post=156"}],"version-history":[{"count":8,"href":"https:\/\/dev.benbenben.fr\/nouvellelune\/wp-json\/wp\/v2\/pages\/156\/revisions"}],"predecessor-version":[{"id":320,"href":"https:\/\/dev.benbenben.fr\/nouvellelune\/wp-json\/wp\/v2\/pages\/156\/revisions\/320"}],"wp:attachment":[{"href":"https:\/\/dev.benbenben.fr\/nouvellelune\/wp-json\/wp\/v2\/media?parent=156"}],"curies":[{"name":"wp","href":"https:\/\/api.w.org\/{rel}","templated":true}]}}