{"id":158,"date":"2024-03-04T15:16:18","date_gmt":"2024-03-04T14:16:18","guid":{"rendered":"https:\/\/dev.benbenben.fr\/nouvellelune\/?page_id=158"},"modified":"2024-05-21T16:16:26","modified_gmt":"2024-05-21T14:16:26","slug":"capitaines","status":"publish","type":"page","link":"https:\/\/dev.benbenben.fr\/nouvellelune\/capitaines\/","title":{"rendered":"Capitaines"},"content":{"rendered":"\n<p class=\"has-text-align-center\">Tout cela ne serait pas possible sans un \u00e9quipage hors pair&nbsp;!<\/p>\n\n\n\n<p class=\"has-text-align-center\">La Nouvelle Lune, c\u2019est aussi la rencontre de Maja &amp; C\u00e9lie, deux jeunes femmes passionn\u00e9es par l\u2019humain.<\/p>\n\n\n\n<p class=\"has-text-align-center\">Au quotidien, elles r\u00e9pondent \u00e0 vos questions, pr\u00e9parent les contrats, votre communication, g\u00e8rent les planning, r\u00e9fl\u00e9chissent \u00e0 comment am\u00e9liorer votre accueil sur la p\u00e9niche, repensent la d\u00e9co etc.<\/p>\n\n\n\n<p class=\"has-text-align-center\">Leur but&nbsp;? Prendre soin de chacun de ses occupant pour rendre leur venue sur la p\u00e9niche la plus douce et joyeuse possible et les soutenir dans leurs activit\u00e9s.<\/p>\n\n\n\n<div class=\"wp-block-columns is-layout-flex wp-container-core-columns-is-layout-9d6595d7 wp-block-columns-is-layout-flex\">\n<div class=\"wp-block-column is-layout-flow wp-block-column-is-layout-flow\">\n<h2 class=\"wp-block-heading has-text-align-center\">\u2693 Capitaine Maja \u2693<\/h2>\n\n\n\n<hr class=\"wp-block-separator has-alpha-channel-opacity\"\/>\n\n\n\n<figure class=\"wp-block-image size-large\"><img loading=\"lazy\" decoding=\"async\" width=\"1024\" height=\"1024\" src=\"http:\/\/dev.benbenben.fr\/nouvellelune\/wp-content\/uploads\/2024\/02\/maja-1024x1024.jpg\" alt=\"\" class=\"wp-image-97\" srcset=\"https:\/\/dev.benbenben.fr\/nouvellelune\/wp-content\/uploads\/2024\/02\/maja-1024x1024.jpg 1024w, https:\/\/dev.benbenben.fr\/nouvellelune\/wp-content\/uploads\/2024\/02\/maja-300x300.jpg 300w, https:\/\/dev.benbenben.fr\/nouvellelune\/wp-content\/uploads\/2024\/02\/maja-150x150.jpg 150w, https:\/\/dev.benbenben.fr\/nouvellelune\/wp-content\/uploads\/2024\/02\/maja-768x768.jpg 768w, https:\/\/dev.benbenben.fr\/nouvellelune\/wp-content\/uploads\/2024\/02\/maja.jpg 1280w\" sizes=\"auto, (max-width: 1024px) 100vw, 1024px\" \/><\/figure>\n\n\n\n<p>Maja est une professeur de yoga et capitaine de la p\u00e9niche La Nouvelle Lune \ud83c\udf1b<\/p>\n\n\n\n<p>Elle est n\u00e9e dans une toute petite ville de Pologne en montagne, dans une maison en bois entour\u00e9e d&rsquo;une belle for\u00eat. Elle a grandi \u00e0 Wroclaw, o\u00f9 elle a commenc\u00e9 \u00e0 \u00e9tudier la psychologie\u2026. Apr\u00e8s la premi\u00e8re ann\u00e9e, elle a d\u00e9cid\u00e9 de partir quelques mois en Irlande. C&rsquo;est l\u00e0 que son premier r\u00eave s&rsquo;est r\u00e9alis\u00e9 : voyage en Inde et au N\u00e9pal o\u00f9 elle d\u00e9couvre le Yoga pour la premi\u00e8re fois. Ce fut un voyage qui, a chang\u00e9 toute sa vie et la change encore aujourd&rsquo;hui. Ensuite elle a continu\u00e9 \u00e0 voyager\u2026 Irlande et en France.<\/p>\n\n\n\n<p>En 2011, elle est arriv\u00e9e \u00e0 Rennes. M\u00eame ann\u00e9e, elle a d\u00e9cid\u00e9 de s&rsquo;inscrire \u00e0 l&rsquo;Universit\u00e9 Occidentale de Yoga et de devenir professeur de Hatha Yoga. En 2013, elle s&rsquo;est lanc\u00e9e dans une nouvelle aventure, elle a r\u00e9alis\u00e9 un autre r\u00eave &#8211; elle a ouvert sa premi\u00e8re entreprise \u00ab\u00a0Maja Yoga\u00a0\u00bb, elle a commenc\u00e9 \u00e0 enseigner le yoga aux autres, \u00e0 partager sa passion et ses exp\u00e9riences. En 2017, elle a suivi une formation d&rsquo;un mois \u00e0 Mysore, en Inde &#8211; cette partie du monde est d\u00e9finitivement sa deuxi\u00e8me maison !<br>Elle est initi\u00e9e aux soins \u00e9nerg\u00e9tiques Reiki avec Virginie Simard en Bretagne. Assoiff\u00e9e d&rsquo;apprendre davantage, elle a suivi en 2021 une formation en Thai Yoga Massage avec Yohann Guichard.<br>Et comme elle aime r\u00eaver, elle a r\u00eav\u00e9 d&rsquo;avoir ma propre salle de yoga. En 2019, elle r\u00e9ponds \u00e0 un appel \u00e0 projets de la ville de Rennes et en 2021, elle a construit (au sens propre et figur\u00e9) un bateau que vous pouvez visiter au c\u0153ur de Rennes \u00ab\u00a0La Nouvelle Lune YOGA &amp; SOINS\u00a0\u00bb @la_nouvelle_lune_yoga_et_soins , qui accueille de merveilleux professionnels de bien-\u00eatre et professeur de yoga. Elle est fi\u00e8re et reconnaissante d&rsquo;avoir eu cette opportunit\u00e9 de suivre ses r\u00eaves.<\/p>\n\n\n\n<p>Elle vous invite \u00e0 voyager ensemble, quelle que soit votre flexibilit\u00e9, votre \u00e2ge ou vos capacit\u00e9s physiques.<\/p>\n<\/div>\n\n\n\n<div class=\"wp-block-column is-layout-flow wp-block-column-is-layout-flow\" style=\"flex-basis:130px\"><\/div>\n\n\n\n<div class=\"wp-block-column is-layout-flow wp-block-column-is-layout-flow\">\n<h2 class=\"wp-block-heading has-text-align-center\">\u2693 Commandante C\u00e9lie \u2693<\/h2>\n\n\n\n<hr class=\"wp-block-separator has-alpha-channel-opacity\"\/>\n\n\n\n<figure class=\"wp-block-image size-large\"><img loading=\"lazy\" decoding=\"async\" width=\"1024\" height=\"1024\" src=\"http:\/\/dev.benbenben.fr\/nouvellelune\/wp-content\/uploads\/2024\/04\/celie-portrait-1024x1024.jpg\" alt=\"\" class=\"wp-image-286\" srcset=\"https:\/\/dev.benbenben.fr\/nouvellelune\/wp-content\/uploads\/2024\/04\/celie-portrait-1024x1024.jpg 1024w, https:\/\/dev.benbenben.fr\/nouvellelune\/wp-content\/uploads\/2024\/04\/celie-portrait-300x300.jpg 300w, https:\/\/dev.benbenben.fr\/nouvellelune\/wp-content\/uploads\/2024\/04\/celie-portrait-150x150.jpg 150w, https:\/\/dev.benbenben.fr\/nouvellelune\/wp-content\/uploads\/2024\/04\/celie-portrait-768x768.jpg 768w, https:\/\/dev.benbenben.fr\/nouvellelune\/wp-content\/uploads\/2024\/04\/celie-portrait.jpg 1080w\" sizes=\"auto, (max-width: 1024px) 100vw, 1024px\" \/><\/figure>\n\n\n\n<p>C\u00e9lie a rejoint l&rsquo;\u00e9quipe de La Nouvelle Lune d&rsquo;abord comme intervenante en pratiques psychocorporelles.<\/p>\n\n\n\n<p>Multi-casquette, rempli d&rsquo;un dynamisme que peu de choses arr\u00eatent et port\u00e9e par l&rsquo;\u00e9vidence d&rsquo;\u00eatre au bon endroit au bon moment, son parcours professionnel l&rsquo;a amen\u00e9 \u00e0 conjuguer sa pratique somatique \u00e0 celle de coordinatrice de projet.<\/p>\n\n\n\n<p>C\u2019est donc tout naturellement qu&rsquo;elle a enfil\u00e9 la tenue de Commandant de bord, pour accompagner Maja \u00e0 la coordination de La Nouvelle Lune.<\/p>\n\n\n\n<p>Prise de contact, planning, contrat, communication et lien au quotidien avec la cinquantaine d&rsquo;intervenant.e.s du bateau, C\u00e9lie a \u00e0 c\u0153ur d\u2019accueillir les intervenants dans les meilleures conditions possibles, et de rendre leur venue au bateau, la plus agr\u00e9able et douce qui soit.&nbsp;<\/p>\n<\/div>\n<\/div>\n","protected":false},"excerpt":{"rendered":"<p>Tout cela ne serait pas possible sans un \u00e9quipage hors pair&nbsp;! La Nouvelle Lune, c\u2019est aussi la rencontre de Maja &amp; C\u00e9lie, deux jeunes femmes passionn\u00e9es par l\u2019humain. Au quotidien, elles r\u00e9pondent \u00e0 vos questions, pr\u00e9parent les contrats, votre communication, g\u00e8rent les planning, r\u00e9fl\u00e9chissent \u00e0 comment am\u00e9liorer votre accueil sur la p\u00e9niche, repensent la d\u00e9co [&hellip;]<\/p>\n","protected":false},"author":1,"featured_media":0,"parent":0,"menu_order":0,"comment_status":"closed","ping_status":"closed","template":"","meta":{"_acf_changed":false,"footnotes":""},"class_list":["post-158","page","type-page","status-publish","hentry"],"acf":[],"_links":{"self":[{"href":"https:\/\/dev.benbenben.fr\/nouvellelune\/wp-json\/wp\/v2\/pages\/158","targetHints":{"allow":["GET"]}}],"collection":[{"href":"https:\/\/dev.benbenben.fr\/nouvellelune\/wp-json\/wp\/v2\/pages"}],"about":[{"href":"https:\/\/dev.benbenben.fr\/nouvellelune\/wp-json\/wp\/v2\/types\/page"}],"author":[{"embeddable":true,"href":"https:\/\/dev.benbenben.fr\/nouvellelune\/wp-json\/wp\/v2\/users\/1"}],"replies":[{"embeddable":true,"href":"https:\/\/dev.benbenben.fr\/nouvellelune\/wp-json\/wp\/v2\/comments?post=158"}],"version-history":[{"count":10,"href":"https:\/\/dev.benbenben.fr\/nouvellelune\/wp-json\/wp\/v2\/pages\/158\/revisions"}],"predecessor-version":[{"id":341,"href":"https:\/\/dev.benbenben.fr\/nouvellelune\/wp-json\/wp\/v2\/pages\/158\/revisions\/341"}],"wp:attachment":[{"href":"https:\/\/dev.benbenben.fr\/nouvellelune\/wp-json\/wp\/v2\/media?parent=158"}],"curies":[{"name":"wp","href":"https:\/\/api.w.org\/{rel}","templated":true}]}}