{"id":16,"date":"2024-01-29T17:24:18","date_gmt":"2024-01-29T16:24:18","guid":{"rendered":"https:\/\/dev.benbenben.fr\/nouvellelune\/?page_id=16"},"modified":"2024-05-16T10:38:54","modified_gmt":"2024-05-16T08:38:54","slug":"bateau","status":"publish","type":"page","link":"https:\/\/dev.benbenben.fr\/nouvellelune\/bateau\/","title":{"rendered":"L&rsquo;histoire du bateau"},"content":{"rendered":"\n<div class=\"wp-block-media-text is-stacked-on-mobile\"><figure class=\"wp-block-media-text__media\"><img loading=\"lazy\" decoding=\"async\" width=\"1080\" height=\"1080\" src=\"https:\/\/dev.benbenben.fr\/nouvellelune\/wp-content\/uploads\/2024\/03\/maja.jpg\" alt=\"\" class=\"wp-image-168 size-full\" srcset=\"https:\/\/dev.benbenben.fr\/nouvellelune\/wp-content\/uploads\/2024\/03\/maja.jpg 1080w, https:\/\/dev.benbenben.fr\/nouvellelune\/wp-content\/uploads\/2024\/03\/maja-300x300.jpg 300w, https:\/\/dev.benbenben.fr\/nouvellelune\/wp-content\/uploads\/2024\/03\/maja-1024x1024.jpg 1024w, https:\/\/dev.benbenben.fr\/nouvellelune\/wp-content\/uploads\/2024\/03\/maja-150x150.jpg 150w, https:\/\/dev.benbenben.fr\/nouvellelune\/wp-content\/uploads\/2024\/03\/maja-768x768.jpg 768w\" sizes=\"auto, (max-width: 1080px) 100vw, 1080px\" \/><\/figure><div class=\"wp-block-media-text__content\">\n<p>Bonjour! &nbsp;<\/p>\n\n\n\n<p>Je suis Maja, la capitaine et la cr\u00e9atrice de&nbsp;\u00ab\u00a0La Nouvelle Lune YOGA &amp; SOINS\u00a0\u00bb.&nbsp;<\/p>\n\n\n\n<p>Ce bateau, pour moi, c\u2019est un r\u00eave qui s\u2019est r\u00e9alis\u00e9.&nbsp;<\/p>\n\n\n\n<p>L\u2019id\u00e9e d\u2019une p\u00e9niche yoga m\u2019est venue pour la premi\u00e8re fois en 2014 &#8211; l&rsquo;ann\u00e9e d&rsquo;ouverture du salon de coiffure sur l&rsquo;eau \u00ab Salon &lsquo;Mouch \u00bb install\u00e9 sur le quai Saint- Cast. Ce projet m\u2019a tout de suite s\u00e9duit et \u00e0 ce moment-l\u00e0 un r\u00eave est n\u00e9&nbsp;: ouvrir ma salle de yoga sur une p\u00e9niche.&nbsp;<\/p>\n<\/div><\/div>\n\n\n\n<div class=\"wp-block-media-text has-media-on-the-right is-stacked-on-mobile\"><div class=\"wp-block-media-text__content\">\n<p>En 2019 la Ville de Rennes, Rennes&nbsp;M\u00e9tropole&nbsp;et la R\u00e9gion Bretagne ont lanc\u00e9 un appel \u00e0 projets pour l\u2019installation des \u00ab\u00a0bateaux-activit\u00e9s\u00a0\u00bb sur le quai d&rsquo;Ille et Rance et Saint Cast.<\/p>\n\n\n\n<p>J&rsquo;ai&nbsp;r\u00e9pondu&nbsp;\u00e0 cet appel et j&rsquo;ai \u00e9t\u00e9&nbsp;s\u00e9lectionn\u00e9e parmi d&rsquo;autres candidats. Quelle joie! Quelques mois plus tard, la ville m&rsquo;attribue un emplacement. Le bonheur est \u00e0 son comble&nbsp;!<\/p>\n\n\n\n<p>\u00c0 ce moment-l\u00e0 mon id\u00e9e \u00e9volue &#8211; je d\u00e9cide de cr\u00e9er deux espaces&nbsp;:&nbsp; un espace de pratique en collectif &amp; une petite salle pouvant accueillir des accompagnements individuels.&nbsp;<\/p>\n<\/div><figure class=\"wp-block-media-text__media\"><img loading=\"lazy\" decoding=\"async\" width=\"1080\" height=\"1080\" src=\"https:\/\/dev.benbenben.fr\/nouvellelune\/wp-content\/uploads\/2024\/03\/bateau-vilaine.jpg\" alt=\"\" class=\"wp-image-169 size-full\" srcset=\"https:\/\/dev.benbenben.fr\/nouvellelune\/wp-content\/uploads\/2024\/03\/bateau-vilaine.jpg 1080w, https:\/\/dev.benbenben.fr\/nouvellelune\/wp-content\/uploads\/2024\/03\/bateau-vilaine-300x300.jpg 300w, https:\/\/dev.benbenben.fr\/nouvellelune\/wp-content\/uploads\/2024\/03\/bateau-vilaine-1024x1024.jpg 1024w, https:\/\/dev.benbenben.fr\/nouvellelune\/wp-content\/uploads\/2024\/03\/bateau-vilaine-150x150.jpg 150w, https:\/\/dev.benbenben.fr\/nouvellelune\/wp-content\/uploads\/2024\/03\/bateau-vilaine-768x768.jpg 768w\" sizes=\"auto, (max-width: 1080px) 100vw, 1080px\" \/><\/figure><\/div>\n\n\n\n<div class=\"wp-block-media-text is-stacked-on-mobile\"><figure class=\"wp-block-media-text__media\"><img loading=\"lazy\" decoding=\"async\" width=\"1024\" height=\"1024\" src=\"https:\/\/dev.benbenben.fr\/nouvellelune\/wp-content\/uploads\/2024\/03\/bateau-construction-1024x1024.jpg\" alt=\"\" class=\"wp-image-170 size-full\" srcset=\"https:\/\/dev.benbenben.fr\/nouvellelune\/wp-content\/uploads\/2024\/03\/bateau-construction-1024x1024.jpg 1024w, https:\/\/dev.benbenben.fr\/nouvellelune\/wp-content\/uploads\/2024\/03\/bateau-construction-300x300.jpg 300w, https:\/\/dev.benbenben.fr\/nouvellelune\/wp-content\/uploads\/2024\/03\/bateau-construction-150x150.jpg 150w, https:\/\/dev.benbenben.fr\/nouvellelune\/wp-content\/uploads\/2024\/03\/bateau-construction-768x768.jpg 768w, https:\/\/dev.benbenben.fr\/nouvellelune\/wp-content\/uploads\/2024\/03\/bateau-construction.jpg 1080w\" sizes=\"auto, (max-width: 1024px) 100vw, 1024px\" \/><\/figure><div class=\"wp-block-media-text__content\">\n<p>De septembre 2019 \u00e0 octobre 2020 mon projet se r\u00e9sume surtout \u00e0 la recherche d&rsquo;un financement.&nbsp;<\/p>\n\n\n\n<p>Au bout de 13 mois, un accord de pr\u00eat est sign\u00e9 avec la Soci\u00e9t\u00e9 G\u00e9n\u00e9rale qui va m\u2019accompagner dans ce projet.&nbsp;<\/p>\n\n\n\n<p>Ensuite, c\u2019est la grande \u00e9tape de la construction de la p\u00e9niche. J\u2019ai fait appel \u00e0 l\u2019entreprise \u00ab\u00a0Laita Sailing\u00a0\u00bb, petit chantier navale familial \u00e0 Quimperl\u00e9, pour une construction sur mesure.&nbsp;<\/p>\n\n\n\n<p>La construction&nbsp;d\u00e9marre&nbsp;en janvier 2021 et va durer 10 mois.&nbsp;Pendant&nbsp;ce temps je trouve enfin le nom : \u00ab\u00a0La Nouvelle Lune\u00a0\u00bb.&nbsp;<\/p>\n\n\n\n<p>Ce nom signifie pour moi un nouveau d\u00e9part, le moment de commencer de nouveaux projets.<\/p>\n<\/div><\/div>\n\n\n\n<div class=\"wp-block-media-text has-media-on-the-right is-stacked-on-mobile\"><div class=\"wp-block-media-text__content\">\n<p>Le 8 d\u00e9cembre 2021, une premi\u00e8re partie de la construction est r\u00e9alis\u00e9e et le bateau est pr\u00eat pour le d\u00e9part du Finist\u00e8re vers l\u2019Ille et Vilaine. &nbsp;Transport\u00e9 par convoi exceptionnel sur la route, la p\u00e9niche La Nouvelle Lune, est ensuite mise \u00e0 l&rsquo;eau pour la premi\u00e8re fois.<\/p>\n\n\n\n<p>\u00c9motions fortes garanties&nbsp;!<\/p>\n<\/div><figure class=\"wp-block-media-text__media\"><img loading=\"lazy\" decoding=\"async\" width=\"1024\" height=\"1024\" src=\"https:\/\/dev.benbenben.fr\/nouvellelune\/wp-content\/uploads\/2024\/03\/bateau-deplacement-1024x1024.jpg\" alt=\"\" class=\"wp-image-171 size-full\" srcset=\"https:\/\/dev.benbenben.fr\/nouvellelune\/wp-content\/uploads\/2024\/03\/bateau-deplacement-1024x1024.jpg 1024w, https:\/\/dev.benbenben.fr\/nouvellelune\/wp-content\/uploads\/2024\/03\/bateau-deplacement-300x300.jpg 300w, https:\/\/dev.benbenben.fr\/nouvellelune\/wp-content\/uploads\/2024\/03\/bateau-deplacement-150x150.jpg 150w, https:\/\/dev.benbenben.fr\/nouvellelune\/wp-content\/uploads\/2024\/03\/bateau-deplacement-768x768.jpg 768w, https:\/\/dev.benbenben.fr\/nouvellelune\/wp-content\/uploads\/2024\/03\/bateau-deplacement.jpg 1080w\" sizes=\"auto, (max-width: 1024px) 100vw, 1024px\" \/><\/figure><\/div>\n\n\n\n<div class=\"wp-block-media-text is-stacked-on-mobile\"><figure class=\"wp-block-media-text__media\"><img loading=\"lazy\" decoding=\"async\" width=\"1024\" height=\"1024\" src=\"https:\/\/dev.benbenben.fr\/nouvellelune\/wp-content\/uploads\/2024\/03\/bateau-travaux-1024x1024.jpg\" alt=\"\" class=\"wp-image-172 size-full\" srcset=\"https:\/\/dev.benbenben.fr\/nouvellelune\/wp-content\/uploads\/2024\/03\/bateau-travaux-1024x1024.jpg 1024w, https:\/\/dev.benbenben.fr\/nouvellelune\/wp-content\/uploads\/2024\/03\/bateau-travaux-300x300.jpg 300w, https:\/\/dev.benbenben.fr\/nouvellelune\/wp-content\/uploads\/2024\/03\/bateau-travaux-150x150.jpg 150w, https:\/\/dev.benbenben.fr\/nouvellelune\/wp-content\/uploads\/2024\/03\/bateau-travaux-768x768.jpg 768w, https:\/\/dev.benbenben.fr\/nouvellelune\/wp-content\/uploads\/2024\/03\/bateau-travaux.jpg 1080w\" sizes=\"auto, (max-width: 1024px) 100vw, 1024px\" \/><\/figure><div class=\"wp-block-media-text__content\">\n<p>\u200b\u00c0 partir de l\u00e0, les travaux continuent : l&rsquo;agencement int\u00e9rieur dirig\u00e9 par Dr\u00f4le Doizo et r\u00e9alis\u00e9 par Etabli Breton. 5 mois de travaux : isolation, plomberie, \u00e9lectricit\u00e9, menuiserie, plancher, peinture. Suivant les conseils de mes artisans, je choisi des mat\u00e9riaux nobles : fermacell, laine de roche, plancher en bois fabriqu\u00e9&nbsp;en Bretagne.<\/p>\n\n\n\n<p>Au m\u00eame moment, je lance une campagne de crowdfunding. Pr\u00e8s de 200 personnes y participent et m&rsquo;aide \u00e0 financer le projet. Je les remercie du fond du c\u0153ur chaque jour!<\/p>\n<\/div><\/div>\n\n\n\n<div class=\"wp-block-media-text has-media-on-the-right is-stacked-on-mobile\"><div class=\"wp-block-media-text__content\">\n<p>Le 31 mars 2022, les \u00e9cluses ouvrent \u00e0 la navigation. Nous quittons l&rsquo;\u00e9cluse de Mons, pr\u00e8s de Rennes et nous naviguons jusqu&rsquo;au centre-ville &#8211; pour accoster la p\u00e9niche \u00e0 sa destination finale &#8211; quai d&rsquo;Ille et Rance.&nbsp;<\/p>\n\n\n\n<p>Nous entrons dans la phase de la fin des travaux, des derni\u00e8res retouches et de la d\u00e9coration.&nbsp;<\/p>\n\n\n\n<p>Puis la future \u00e9quipe des intervenants commence \u00e0 prendre forme !&nbsp;<\/p>\n<\/div><figure class=\"wp-block-media-text__media\"><img loading=\"lazy\" decoding=\"async\" width=\"1024\" height=\"1024\" src=\"https:\/\/dev.benbenben.fr\/nouvellelune\/wp-content\/uploads\/2024\/03\/bateau-ecluse-1024x1024.jpg\" alt=\"\" class=\"wp-image-173 size-full\" srcset=\"https:\/\/dev.benbenben.fr\/nouvellelune\/wp-content\/uploads\/2024\/03\/bateau-ecluse-1024x1024.jpg 1024w, https:\/\/dev.benbenben.fr\/nouvellelune\/wp-content\/uploads\/2024\/03\/bateau-ecluse-300x300.jpg 300w, https:\/\/dev.benbenben.fr\/nouvellelune\/wp-content\/uploads\/2024\/03\/bateau-ecluse-150x150.jpg 150w, https:\/\/dev.benbenben.fr\/nouvellelune\/wp-content\/uploads\/2024\/03\/bateau-ecluse-768x768.jpg 768w, https:\/\/dev.benbenben.fr\/nouvellelune\/wp-content\/uploads\/2024\/03\/bateau-ecluse.jpg 1080w\" sizes=\"auto, (max-width: 1024px) 100vw, 1024px\" \/><\/figure><\/div>\n\n\n\n<div class=\"wp-block-media-text is-stacked-on-mobile\"><figure class=\"wp-block-media-text__media\"><img loading=\"lazy\" decoding=\"async\" width=\"1024\" height=\"1024\" src=\"https:\/\/dev.benbenben.fr\/nouvellelune\/wp-content\/uploads\/2024\/03\/bateau-entree-1024x1024.jpg\" alt=\"\" class=\"wp-image-174 size-full\" srcset=\"https:\/\/dev.benbenben.fr\/nouvellelune\/wp-content\/uploads\/2024\/03\/bateau-entree-1024x1024.jpg 1024w, https:\/\/dev.benbenben.fr\/nouvellelune\/wp-content\/uploads\/2024\/03\/bateau-entree-300x300.jpg 300w, https:\/\/dev.benbenben.fr\/nouvellelune\/wp-content\/uploads\/2024\/03\/bateau-entree-150x150.jpg 150w, https:\/\/dev.benbenben.fr\/nouvellelune\/wp-content\/uploads\/2024\/03\/bateau-entree-768x768.jpg 768w, https:\/\/dev.benbenben.fr\/nouvellelune\/wp-content\/uploads\/2024\/03\/bateau-entree.jpg 1080w\" sizes=\"auto, (max-width: 1024px) 100vw, 1024px\" \/><\/figure><div class=\"wp-block-media-text__content\">\n<p>Au mois de mai 2022 la p\u00e9niche passe devant la commission de s\u00e9curit\u00e9.&nbsp;<\/p>\n\n\n\n<p>L&rsquo;avis favorable pour l&rsquo;ouverture arrive le 28 juin et j&rsquo;accueille mes \u00e9l\u00e8ves pour le premier cours de yoga le 29 juin 2022 &#8230; le jour de la nouvelle lune !<\/p>\n\n\n\n<p>Un jour tant attendu pour mes \u00e9l\u00e8ves et moi.<\/p>\n\n\n\n<p>D\u00e8s la fin de mois d&rsquo;ao\u00fbt 2022, d\u2019autres intervenants me rejoignent pour occuper les deux espaces de la salle de yoga et de la salle de soins.<\/p>\n\n\n\n<p>\u200bAujourd&rsquo;hui, nous sommes une cinquantaine d\u2019intervenants r\u00e9guliers et ponctuels, nous proposons des cours, des soins et des ateliers de qualit\u00e9.&nbsp;<\/p>\n\n\n\n<p>\u200bNous souhaitons faire des merveilles pour le mieux-\u00eatre des habitants de la ville de Rennes et celles et ceux de passage, avec respect et bienveillance. &nbsp; &nbsp;<\/p>\n<\/div><\/div>\n\n\n\n<p>\u200b &nbsp;<\/p>\n\n\n\n<p class=\"has-text-align-center\"><strong>\u200b\u200bPour plus d\u2019informations et de photos sur l\u2019\u00e9volution du projet&nbsp;:<\/strong><br><strong>rendez-vous sur <a href=\"https:\/\/www.instagram.com\/la_nouvelle_lune_yoga_et_soins\/\">instagram.com\/la_nouvelle_lune_yoga_et_soins<\/a><\/strong><\/p>\n\n\n\n<div style=\"height:100px\" aria-hidden=\"true\" class=\"wp-block-spacer\"><\/div>\n\n\n\n<h1 class=\"wp-block-heading has-text-align-center\">Remerciements&nbsp;<\/h1>\n\n\n\n<hr class=\"wp-block-separator has-alpha-channel-opacity\"\/>\n\n\n\n<p class=\"has-text-align-center\"><a href=\"https:\/\/laita-sailing.bzh\/\" target=\"_blank\" rel=\"noreferrer noopener\">La\u00efta Sailing<\/a>\u00a0 \u00e0 Quimperl\u00e9 &#8211; Construction bateau<br><a href=\"https:\/\/www.droledoizo.fr\/\" target=\"_blank\" rel=\"noreferrer noopener\">Drole Doizo<\/a> &#8211; St\u00e9phanie Marc &#8211; projet am\u00e9nagement int\u00e9rieur\u00a0<br><a href=\"https:\/\/www.instagram.com\/maison.latini\/\" target=\"_blank\" rel=\"noreferrer noopener\">Etabli Breton<\/a> &#8211; Christian, Damien, David &#8211; am\u00e9nagement int\u00e9rieur et tout!<br><a href=\"https:\/\/professionnels.sg.fr\/\" target=\"_blank\" rel=\"noreferrer noopener\">Soci\u00e9t\u00e9 G\u00e9n\u00e9rale<\/a> &#8211; banque<br>Philippe Gendre &#8211; conseil, r\u00e9daction dossier, soutien<br><a href=\"https:\/\/www.presol.org\/\" target=\"_blank\" rel=\"noreferrer noopener\">Pr\u00e9sol<\/a><br><a href=\"https:\/\/www.initiative-rennes.fr\/\" target=\"_blank\" rel=\"noreferrer noopener\">Initiative Rennes<\/a><br><a href=\"https:\/\/www.ccre35.bzh\/page\/834545-le-club\" target=\"_blank\" rel=\"noreferrer noopener\">CCRE 35<\/a>\u00a0<br><a href=\"https:\/\/yao.bzh\/\" target=\"_blank\" rel=\"noreferrer noopener\">YAO!<\/a><br><a href=\"https:\/\/metropole.rennes.fr\/\" target=\"_blank\" rel=\"noreferrer noopener\">La Ville de Rennes et Rennes M\u00e9tropole<\/a>, <a href=\"https:\/\/www.bretagne.bzh\/\" target=\"_blank\" rel=\"noreferrer noopener\">R\u00e9gion Bretagne<\/a><br><a href=\"https:\/\/www.colliance.fr\/\" target=\"_blank\" rel=\"noreferrer noopener\">Colliance<\/a> &#8211; expert comptable<br><a href=\"https:\/\/www.pouldu-naval-bateau.fr\/\" target=\"_blank\" rel=\"noreferrer noopener\">Pouldu Naval<\/a> Quimperl\u00e9 &#8211; grutage Quimperl\u00e9<br><a href=\"https:\/\/www.transports-capelle.fr\/\" target=\"_blank\" rel=\"noreferrer noopener\">Capelle Yachting<\/a> &#8211; transport en convoi Quimperl\u00e9 &#8211; Rennes<br><a href=\"https:\/\/www.jfblevage.fr\/\" target=\"_blank\" rel=\"noreferrer noopener\">JFB Levage<\/a> &#8211; grutage Rennes<br><a href=\"http:\/\/www.expertiseraymond.free.fr\/\" target=\"_blank\" rel=\"noreferrer noopener\">Hubert Raymond<\/a> &#8211; Fran\u00e7ois Rose Expertises -expert fluviale<br><a href=\"https:\/\/www.socotec.fr\/\" target=\"_blank\" rel=\"noreferrer noopener\">Socotec<\/a> &#8211; Assistance ouverture EFRP<br><a href=\"https:\/\/www.axa.fr\/\" target=\"_blank\" rel=\"noreferrer noopener\">Axa Assurance<\/a> &#8211; Thierry Gicquel &#8211; assurance professionnel + conseils\u00a0<br><a href=\"https:\/\/www.digitaleo.fr\/\" target=\"_blank\" rel=\"noreferrer noopener\">Digitaleo<\/a> &#8211; Jocelyn Denis &#8211; parrain\u00a0<br><a href=\"https:\/\/www.droledoizo.fr\/\" target=\"_blank\" rel=\"noreferrer noopener\">Drole Doizo<\/a> &#8211; St\u00e9phanie Marc &#8211; Logo(s)<br><a href=\"https:\/\/atlanticmarine.fr\/\" target=\"_blank\" rel=\"noreferrer noopener\">Atlantic Marine<\/a> &#8211; Passerelles\u00a0<br><a href=\"https:\/\/www.breticom.com\/\" target=\"_blank\" rel=\"noreferrer noopener\">Breticom<\/a> &#8211; Xavier<br><a href=\"https:\/\/r2s-incendie.fr\/\" target=\"_blank\" rel=\"noreferrer noopener\">Groupe R2S<\/a> &#8211; s\u00e9curit\u00e9 incendie<br><a href=\"https:\/\/www.courtana.fr\/\" target=\"_blank\" rel=\"noreferrer noopener\">Jonathan Touloumon<\/a> &#8211; assurance bateau<br>Aleksandra Gorzelany &#8211; communication et soutien<br>Ania Wicik &#8211; soutien, site internet + conseils<br>Vid\u00e9o crowdfunding &#8211; Johan Girard &#8211; The Real Anserindicus<br>Aide\/Peinture\/D\u00e9co: Britney, Ewa, Marjorie, Romain, Seb, Mika, Guiton, Didier, Toutou<br>Kseniya &amp; Sarah &#8211; photos<br><a href=\"https:\/\/kengo.bzh\/\" target=\"_blank\" rel=\"noreferrer noopener\">Kengo<\/a> &#8211; crowdfunding bretonne<br>200 personnes qui ont particip\u00e9 \u00e0 mon crowdfunding<br>Line &#8211; Community management<br><a href=\"https:\/\/abcopy-rennes.fr\/\" target=\"_blank\" rel=\"noreferrer noopener\">AB Copy<\/a> &#8211; impressions<\/p>\n","protected":false},"excerpt":{"rendered":"<p>Bonjour! &nbsp; Je suis Maja, la capitaine et la cr\u00e9atrice de&nbsp;\u00ab\u00a0La Nouvelle Lune YOGA &amp; SOINS\u00a0\u00bb.&nbsp; Ce bateau, pour moi, c\u2019est un r\u00eave qui s\u2019est r\u00e9alis\u00e9.&nbsp; L\u2019id\u00e9e d\u2019une p\u00e9niche yoga m\u2019est venue pour la premi\u00e8re fois en 2014 &#8211; l&rsquo;ann\u00e9e d&rsquo;ouverture du salon de coiffure sur l&rsquo;eau \u00ab Salon &lsquo;Mouch \u00bb install\u00e9 sur le quai [&hellip;]<\/p>\n","protected":false},"author":1,"featured_media":0,"parent":0,"menu_order":0,"comment_status":"closed","ping_status":"closed","template":"","meta":{"_acf_changed":false,"footnotes":""},"class_list":["post-16","page","type-page","status-publish","hentry"],"acf":[],"_links":{"self":[{"href":"https:\/\/dev.benbenben.fr\/nouvellelune\/wp-json\/wp\/v2\/pages\/16","targetHints":{"allow":["GET"]}}],"collection":[{"href":"https:\/\/dev.benbenben.fr\/nouvellelune\/wp-json\/wp\/v2\/pages"}],"about":[{"href":"https:\/\/dev.benbenben.fr\/nouvellelune\/wp-json\/wp\/v2\/types\/page"}],"author":[{"embeddable":true,"href":"https:\/\/dev.benbenben.fr\/nouvellelune\/wp-json\/wp\/v2\/users\/1"}],"replies":[{"embeddable":true,"href":"https:\/\/dev.benbenben.fr\/nouvellelune\/wp-json\/wp\/v2\/comments?post=16"}],"version-history":[{"count":12,"href":"https:\/\/dev.benbenben.fr\/nouvellelune\/wp-json\/wp\/v2\/pages\/16\/revisions"}],"predecessor-version":[{"id":339,"href":"https:\/\/dev.benbenben.fr\/nouvellelune\/wp-json\/wp\/v2\/pages\/16\/revisions\/339"}],"wp:attachment":[{"href":"https:\/\/dev.benbenben.fr\/nouvellelune\/wp-json\/wp\/v2\/media?parent=16"}],"curies":[{"name":"wp","href":"https:\/\/api.w.org\/{rel}","templated":true}]}}