{"id":188,"date":"2024-04-03T13:41:10","date_gmt":"2024-04-03T11:41:10","guid":{"rendered":"http:\/\/dev.benbenben.fr\/nouvellelune\/?page_id=188"},"modified":"2024-05-28T21:56:17","modified_gmt":"2024-05-28T19:56:17","slug":"location-yoga","status":"publish","type":"page","link":"https:\/\/dev.benbenben.fr\/nouvellelune\/location-yoga\/","title":{"rendered":"Location"},"content":{"rendered":"\n<div class=\"wp-block-media-text is-stacked-on-mobile\"><figure class=\"wp-block-media-text__media\"><img loading=\"lazy\" decoding=\"async\" width=\"1440\" height=\"1440\" src=\"https:\/\/dev.benbenben.fr\/nouvellelune\/wp-content\/uploads\/2024\/03\/salle-de-yoga.jpg\" alt=\"\" class=\"wp-image-148 size-full\" srcset=\"https:\/\/dev.benbenben.fr\/nouvellelune\/wp-content\/uploads\/2024\/03\/salle-de-yoga.jpg 1440w, https:\/\/dev.benbenben.fr\/nouvellelune\/wp-content\/uploads\/2024\/03\/salle-de-yoga-300x300.jpg 300w, https:\/\/dev.benbenben.fr\/nouvellelune\/wp-content\/uploads\/2024\/03\/salle-de-yoga-1024x1024.jpg 1024w, https:\/\/dev.benbenben.fr\/nouvellelune\/wp-content\/uploads\/2024\/03\/salle-de-yoga-150x150.jpg 150w, https:\/\/dev.benbenben.fr\/nouvellelune\/wp-content\/uploads\/2024\/03\/salle-de-yoga-768x768.jpg 768w\" sizes=\"auto, (max-width: 1440px) 100vw, 1440px\" \/><\/figure><div class=\"wp-block-media-text__content\">\n<p>Une superbe salle tr\u00e8s lumineuse de 38m2 avec une entr\u00e9e ind\u00e9pendante \u00e0 l&rsquo;arri\u00e8re du bateau.<br>La salle peut accueillir 11 \u00e9l\u00e8ves pour vos cours collectifs de yoga et jusqu&rsquo;\u00e0 20 personnes pour d&rsquo;autres \u00e9v\u00e8nements.&nbsp; La salle est aussi disponible \u00e0 la location en semaine et les weekends pour vos stages, ateliers, formations et autres \u00e9v\u00e8nements bien-\u00eatre.<\/p>\n\n\n\n<h2 class=\"wp-block-heading\"><strong>\u00c0 votre disposition sur place :<\/strong><\/h2>\n\n\n\n<ul class=\"wp-block-list\">\n<li>Bolsters<\/li>\n\n\n\n<li>Tapis<\/li>\n\n\n\n<li>Sangles<\/li>\n\n\n\n<li>Briques<\/li>\n\n\n\n<li>Enceinte bluetooth + chargeur<\/li>\n\n\n\n<li>Spray assainissant pour les tapis<\/li>\n\n\n\n<li>Tissu pour les tapis<\/li>\n<\/ul>\n\n\n\n<h2 class=\"wp-block-heading\"><strong>Tarif de location*<\/strong><\/h2>\n\n\n\n<p><strong>Tarif classique :<\/strong><br>1 heure par semaine > 25\u20ac TTC<br>4 heures par semaine ou cr\u00e9neau de 4h > 90\u20ac au lieu de 100\u20ac TTC<br>8 heures par semaine > 170\u20ac au lieu de 200\u20ac TTC<\/p>\n\n\n\n<p><strong>Tarif heures creuses : 6h-12h \/ 14h-17h<\/strong><br>1 heure par semaine > 18\u20ac TTC<br>4 heures par semaine > 60\u20ac TTC\u00a0<br>8 heures par semaine > 112\u20ac TTC<\/p>\n\n\n\n<p class=\"has-small-font-size\">* Afin de faciliter la gestion, les loyers sont liss\u00e9s sur l\u2019ann\u00e9e, du 1<sup>er<\/sup> septembre de l\u2019ann\u00e9e en cours au 31 ao\u00fbt de l\u2019ann\u00e9e suivante. Cela permet d\u2019avoir le m\u00eame loyer \u00e0 r\u00e9gler tous les mois et un \u00e9ch\u00e9ancier est envoy\u00e9 avant signature du contrat. L\u2019\u00e9quivalent de 6 semaines sur l\u2019ann\u00e9e ne sont pas factur\u00e9es, correspondant \u00e0 des temps de cong\u00e9s.<\/p>\n\n\n\n<p class=\"has-small-font-size\">Mise en place d\u2019un contrat de location de courte dur\u00e9e.<\/p>\n<\/div><\/div>\n","protected":false},"excerpt":{"rendered":"","protected":false},"author":1,"featured_media":0,"parent":0,"menu_order":0,"comment_status":"closed","ping_status":"closed","template":"","meta":{"_acf_changed":false,"footnotes":""},"class_list":["post-188","page","type-page","status-publish","hentry"],"acf":[],"_links":{"self":[{"href":"https:\/\/dev.benbenben.fr\/nouvellelune\/wp-json\/wp\/v2\/pages\/188","targetHints":{"allow":["GET"]}}],"collection":[{"href":"https:\/\/dev.benbenben.fr\/nouvellelune\/wp-json\/wp\/v2\/pages"}],"about":[{"href":"https:\/\/dev.benbenben.fr\/nouvellelune\/wp-json\/wp\/v2\/types\/page"}],"author":[{"embeddable":true,"href":"https:\/\/dev.benbenben.fr\/nouvellelune\/wp-json\/wp\/v2\/users\/1"}],"replies":[{"embeddable":true,"href":"https:\/\/dev.benbenben.fr\/nouvellelune\/wp-json\/wp\/v2\/comments?post=188"}],"version-history":[{"count":4,"href":"https:\/\/dev.benbenben.fr\/nouvellelune\/wp-json\/wp\/v2\/pages\/188\/revisions"}],"predecessor-version":[{"id":354,"href":"https:\/\/dev.benbenben.fr\/nouvellelune\/wp-json\/wp\/v2\/pages\/188\/revisions\/354"}],"wp:attachment":[{"href":"https:\/\/dev.benbenben.fr\/nouvellelune\/wp-json\/wp\/v2\/media?parent=188"}],"curies":[{"name":"wp","href":"https:\/\/api.w.org\/{rel}","templated":true}]}}