{"id":201,"date":"2024-04-03T13:54:19","date_gmt":"2024-04-03T11:54:19","guid":{"rendered":"https:\/\/dev.benbenben.fr\/nouvellelune\/?page_id=201"},"modified":"2024-04-19T11:54:52","modified_gmt":"2024-04-19T09:54:52","slug":"location-soins","status":"publish","type":"page","link":"https:\/\/dev.benbenben.fr\/nouvellelune\/location-soins\/","title":{"rendered":"Location"},"content":{"rendered":"\n<div class=\"wp-block-media-text is-stacked-on-mobile\"><figure class=\"wp-block-media-text__media\"><img loading=\"lazy\" decoding=\"async\" width=\"1024\" height=\"1024\" src=\"http:\/\/dev.benbenben.fr\/nouvellelune\/wp-content\/uploads\/2024\/04\/salle_de_soins_carre-1024x1024.jpg\" alt=\"\" class=\"wp-image-323 size-full\" srcset=\"https:\/\/dev.benbenben.fr\/nouvellelune\/wp-content\/uploads\/2024\/04\/salle_de_soins_carre-1024x1024.jpg 1024w, https:\/\/dev.benbenben.fr\/nouvellelune\/wp-content\/uploads\/2024\/04\/salle_de_soins_carre-300x300.jpg 300w, https:\/\/dev.benbenben.fr\/nouvellelune\/wp-content\/uploads\/2024\/04\/salle_de_soins_carre-150x150.jpg 150w, https:\/\/dev.benbenben.fr\/nouvellelune\/wp-content\/uploads\/2024\/04\/salle_de_soins_carre-768x768.jpg 768w, https:\/\/dev.benbenben.fr\/nouvellelune\/wp-content\/uploads\/2024\/04\/salle_de_soins_carre.jpg 1440w\" sizes=\"auto, (max-width: 1024px) 100vw, 1024px\" \/><\/figure><div class=\"wp-block-media-text__content\">\n<p>Une charmante pi\u00e8ce pour 2 &#8211; 3 personnes pour les th\u00e9rapies individuelles, massages, soins. Table de massage et futon de massage sont mis \u00e0 votre disposition. L&rsquo;entr\u00e9e ind\u00e9pendante se trouve \u00e0 l&rsquo;avant du bateau.&nbsp;<br><br><strong>Tarif de location*<\/strong> :<\/p>\n\n\n\n<ul class=\"wp-block-list\">\n<li>1 demi-journ\u00e9e par semaine &gt; 25\u20ac \/ Soit 100\u20ac par mois TTC<\/li>\n\n\n\n<li>1 journ\u00e9e par semaine &gt; 40\u20ac \/ Soit 160\u20ac par mois TTC<\/li>\n<\/ul>\n\n\n\n<p class=\"has-small-font-size\">* Afin de faciliter la gestion, les loyers sont liss\u00e9s sur l\u2019ann\u00e9e, du 1<sup>er<\/sup> septembre de l\u2019ann\u00e9e en cours au 31 ao\u00fbt de l\u2019ann\u00e9e suivante. Cela permet d\u2019avoir le m\u00eame loyer \u00e0 r\u00e9gler tous les mois et un \u00e9ch\u00e9ancier est envoy\u00e9 avant signature du contrat. L\u2019\u00e9quivalent de 6 semaines sur l\u2019ann\u00e9e ne sont pas factur\u00e9es, correspondant \u00e0 des temps de cong\u00e9s.<\/p>\n\n\n\n<p class=\"has-small-font-size\">Mise en place d\u2019un contrat de location de courte dur\u00e9e.<\/p>\n<\/div><\/div>\n","protected":false},"excerpt":{"rendered":"","protected":false},"author":1,"featured_media":0,"parent":0,"menu_order":0,"comment_status":"closed","ping_status":"closed","template":"","meta":{"_acf_changed":false,"footnotes":""},"class_list":["post-201","page","type-page","status-publish","hentry"],"acf":[],"_links":{"self":[{"href":"https:\/\/dev.benbenben.fr\/nouvellelune\/wp-json\/wp\/v2\/pages\/201","targetHints":{"allow":["GET"]}}],"collection":[{"href":"https:\/\/dev.benbenben.fr\/nouvellelune\/wp-json\/wp\/v2\/pages"}],"about":[{"href":"https:\/\/dev.benbenben.fr\/nouvellelune\/wp-json\/wp\/v2\/types\/page"}],"author":[{"embeddable":true,"href":"https:\/\/dev.benbenben.fr\/nouvellelune\/wp-json\/wp\/v2\/users\/1"}],"replies":[{"embeddable":true,"href":"https:\/\/dev.benbenben.fr\/nouvellelune\/wp-json\/wp\/v2\/comments?post=201"}],"version-history":[{"count":5,"href":"https:\/\/dev.benbenben.fr\/nouvellelune\/wp-json\/wp\/v2\/pages\/201\/revisions"}],"predecessor-version":[{"id":324,"href":"https:\/\/dev.benbenben.fr\/nouvellelune\/wp-json\/wp\/v2\/pages\/201\/revisions\/324"}],"wp:attachment":[{"href":"https:\/\/dev.benbenben.fr\/nouvellelune\/wp-json\/wp\/v2\/media?parent=201"}],"curies":[{"name":"wp","href":"https:\/\/api.w.org\/{rel}","templated":true}]}}