{"id":215,"date":"2024-04-03T14:20:17","date_gmt":"2024-04-03T12:20:17","guid":{"rendered":"https:\/\/dev.benbenben.fr\/nouvellelune\/?page_id=215"},"modified":"2024-05-28T21:59:58","modified_gmt":"2024-05-28T19:59:58","slug":"location-ateliers-stages","status":"publish","type":"page","link":"https:\/\/dev.benbenben.fr\/nouvellelune\/location-ateliers-stages\/","title":{"rendered":"Location"},"content":{"rendered":"\n<div class=\"wp-block-media-text is-stacked-on-mobile\"><figure class=\"wp-block-media-text__media\"><img loading=\"lazy\" decoding=\"async\" width=\"1024\" height=\"1024\" src=\"http:\/\/dev.benbenben.fr\/nouvellelune\/wp-content\/uploads\/2024\/05\/location-ateliers-stages-1024x1024.jpg\" alt=\"\" class=\"wp-image-347 size-full\" srcset=\"https:\/\/dev.benbenben.fr\/nouvellelune\/wp-content\/uploads\/2024\/05\/location-ateliers-stages-1024x1024.jpg 1024w, https:\/\/dev.benbenben.fr\/nouvellelune\/wp-content\/uploads\/2024\/05\/location-ateliers-stages-300x300.jpg 300w, https:\/\/dev.benbenben.fr\/nouvellelune\/wp-content\/uploads\/2024\/05\/location-ateliers-stages-150x150.jpg 150w, https:\/\/dev.benbenben.fr\/nouvellelune\/wp-content\/uploads\/2024\/05\/location-ateliers-stages-768x768.jpg 768w, https:\/\/dev.benbenben.fr\/nouvellelune\/wp-content\/uploads\/2024\/05\/location-ateliers-stages.jpg 1080w\" sizes=\"auto, (max-width: 1024px) 100vw, 1024px\" \/><\/figure><div class=\"wp-block-media-text__content\">\n<p>Une superbe salle tr\u00e8s lumineuse de 38m2 avec une entr\u00e9e ind\u00e9pendante \u00e0 l&rsquo;arri\u00e8re du bateau.<br>La salle peut accueillir 11 \u00e9l\u00e8ves pour vos cours collectifs de yoga et jusqu&rsquo;\u00e0 20 personnes pour d&rsquo;autres \u00e9v\u00e8nements.&nbsp; La salle est aussi disponible \u00e0 la location en semaine et les weekends pour vos stages, ateliers, formations et autres \u00e9v\u00e8nements bien-\u00eatre.<\/p>\n\n\n\n<h2 class=\"wp-block-heading\"><strong>\u00c0 votre disposition sur place :<\/strong><\/h2>\n\n\n\n<ul class=\"wp-block-list\">\n<li>Bolsters<\/li>\n\n\n\n<li>Tapis<\/li>\n\n\n\n<li>Sangles<\/li>\n\n\n\n<li>Briques<\/li>\n\n\n\n<li>Enceinte bluetooth + chargeur<\/li>\n\n\n\n<li>Spray assainissant pour les tapis<\/li>\n\n\n\n<li>Tissu pour les tapis<\/li>\n<\/ul>\n\n\n\n<h2 class=\"wp-block-heading\"><strong>Location<\/strong><\/h2>\n\n\n\n<p>Le vendredi soir \u00e0 partir de 19h30<br>Le samedi et dimanche entre 9h et 22h<\/p>\n\n\n\n<h2 class=\"wp-block-heading\"><strong>Tarif de location<\/strong>&nbsp;*<\/h2>\n\n\n\n<p>1 heure > 25\u20ac TTC<br>Cr\u00e9neau de 4h > 90\u20ac au lieu de 100\u20ac TTC<br>1 journ\u00e9e > 180\u20ac TTC<br>2 journ\u00e9es > 280\u20ac TTC<\/p>\n\n\n\n<p class=\"has-small-font-size\">*R\u00e8glement apr\u00e8s envoi de facture \u00e0 la fin du mois<br>Mise en place d\u2019un contrat de location de courte dur\u00e9e.<\/p>\n<\/div><\/div>\n","protected":false},"excerpt":{"rendered":"","protected":false},"author":1,"featured_media":0,"parent":0,"menu_order":0,"comment_status":"closed","ping_status":"closed","template":"","meta":{"_acf_changed":false,"footnotes":""},"class_list":["post-215","page","type-page","status-publish","hentry"],"acf":[],"_links":{"self":[{"href":"https:\/\/dev.benbenben.fr\/nouvellelune\/wp-json\/wp\/v2\/pages\/215","targetHints":{"allow":["GET"]}}],"collection":[{"href":"https:\/\/dev.benbenben.fr\/nouvellelune\/wp-json\/wp\/v2\/pages"}],"about":[{"href":"https:\/\/dev.benbenben.fr\/nouvellelune\/wp-json\/wp\/v2\/types\/page"}],"author":[{"embeddable":true,"href":"https:\/\/dev.benbenben.fr\/nouvellelune\/wp-json\/wp\/v2\/users\/1"}],"replies":[{"embeddable":true,"href":"https:\/\/dev.benbenben.fr\/nouvellelune\/wp-json\/wp\/v2\/comments?post=215"}],"version-history":[{"count":5,"href":"https:\/\/dev.benbenben.fr\/nouvellelune\/wp-json\/wp\/v2\/pages\/215\/revisions"}],"predecessor-version":[{"id":357,"href":"https:\/\/dev.benbenben.fr\/nouvellelune\/wp-json\/wp\/v2\/pages\/215\/revisions\/357"}],"wp:attachment":[{"href":"https:\/\/dev.benbenben.fr\/nouvellelune\/wp-json\/wp\/v2\/media?parent=215"}],"curies":[{"name":"wp","href":"https:\/\/api.w.org\/{rel}","templated":true}]}}