{"id":73,"date":"2024-02-19T12:01:14","date_gmt":"2024-02-19T11:01:14","guid":{"rendered":"https:\/\/dev.benbenben.fr\/nouvellelune\/?page_id=73"},"modified":"2024-04-19T12:02:03","modified_gmt":"2024-04-19T10:02:03","slug":"accueil","status":"publish","type":"page","link":"https:\/\/dev.benbenben.fr\/nouvellelune\/","title":{"rendered":"Accueil"},"content":{"rendered":"\n<div class=\"wp-block-media-text is-stacked-on-mobile\"><figure class=\"wp-block-media-text__media\"><img loading=\"lazy\" decoding=\"async\" width=\"810\" height=\"810\" src=\"https:\/\/dev.benbenben.fr\/nouvellelune\/wp-content\/uploads\/2024\/02\/nouvelle-lune-groupe.jpg\" alt=\"\" class=\"wp-image-76 size-full\" srcset=\"https:\/\/dev.benbenben.fr\/nouvellelune\/wp-content\/uploads\/2024\/02\/nouvelle-lune-groupe.jpg 810w, https:\/\/dev.benbenben.fr\/nouvellelune\/wp-content\/uploads\/2024\/02\/nouvelle-lune-groupe-300x300.jpg 300w, https:\/\/dev.benbenben.fr\/nouvellelune\/wp-content\/uploads\/2024\/02\/nouvelle-lune-groupe-150x150.jpg 150w, https:\/\/dev.benbenben.fr\/nouvellelune\/wp-content\/uploads\/2024\/02\/nouvelle-lune-groupe-768x768.jpg 768w\" sizes=\"auto, (max-width: 810px) 100vw, 810px\" \/><\/figure><div class=\"wp-block-media-text__content\">\n<p>La Nouvelle Lune est un espace de coworking et de pratique pour les professionnels du bien-\u00eatre et de l\u2019accompagnement\u2026 SUR L\u2019EAU&nbsp;!!<\/p>\n\n\n\n<p>Et oui, une p\u00e9niche situ\u00e9e au c\u0153ur de Rennes, qui en fait un lieu unique et con\u00e7u sur mesure en 2021.&nbsp;<\/p>\n\n\n\n<p>Un lieu convivial pour essayer et exp\u00e9rimenter diff\u00e9rentes pratiques de bien-\u00eatre : yoga, danse, massages, r\u00e9flexologie plantaire, sono th\u00e9rapie, sophrologie, naturopathie, soins \u00e9nerg\u00e9tiques, hypnose, bains sonores, breathwork et bien d&rsquo;autres activit\u00e9s.&nbsp;<\/p>\n\n\n\n<p>Il est aussi possible d\u2019y vivre une nouvelle exp\u00e9rience lors de stages et d&rsquo;ateliers propos\u00e9s ponctuellement ou encore pour la privatiser pour un ^temps bien \u00eatre &amp; partage lors d\u2019un EVJF ou d\u2019un anniversaire.<\/p>\n\n\n\n<p>Un endroit hors du commun, atypique, insolite, pour se retrouver, se ressourcer, un lieu de rencontre unique et de belles pratiques !<\/p>\n\n\n\n<p>Venez \u00e0 la rencontre des intervenants, et d\u00e9couvrez leurs pratiques et soins.&nbsp;<\/p>\n\n\n\n<p>Pour en savoir plus, contactez-nous ou contactez directement les intervenants&nbsp;!<\/p>\n\n\n\n<div style=\"height:50px\" aria-hidden=\"true\" class=\"wp-block-spacer\"><\/div>\n\n\n\n<div class=\"wp-block-buttons is-content-justification-center is-layout-flex wp-container-core-buttons-is-layout-16018d1d wp-block-buttons-is-layout-flex\">\n<div class=\"wp-block-button has-custom-font-size has-medium-font-size\"><a class=\"wp-block-button__link has-white-color has-text-color has-background has-link-color wp-element-button\" href=\"https:\/\/dev.benbenben.fr\/nouvellelune\/bateau\/\" style=\"background-color:#b48e45\">L&rsquo;histoire du bateau<\/a><\/div>\n<\/div>\n<\/div><\/div>\n","protected":false},"excerpt":{"rendered":"","protected":false},"author":1,"featured_media":0,"parent":0,"menu_order":0,"comment_status":"closed","ping_status":"closed","template":"","meta":{"_acf_changed":false,"footnotes":""},"class_list":["post-73","page","type-page","status-publish","hentry"],"acf":[],"_links":{"self":[{"href":"https:\/\/dev.benbenben.fr\/nouvellelune\/wp-json\/wp\/v2\/pages\/73","targetHints":{"allow":["GET"]}}],"collection":[{"href":"https:\/\/dev.benbenben.fr\/nouvellelune\/wp-json\/wp\/v2\/pages"}],"about":[{"href":"https:\/\/dev.benbenben.fr\/nouvellelune\/wp-json\/wp\/v2\/types\/page"}],"author":[{"embeddable":true,"href":"https:\/\/dev.benbenben.fr\/nouvellelune\/wp-json\/wp\/v2\/users\/1"}],"replies":[{"embeddable":true,"href":"https:\/\/dev.benbenben.fr\/nouvellelune\/wp-json\/wp\/v2\/comments?post=73"}],"version-history":[{"count":11,"href":"https:\/\/dev.benbenben.fr\/nouvellelune\/wp-json\/wp\/v2\/pages\/73\/revisions"}],"predecessor-version":[{"id":327,"href":"https:\/\/dev.benbenben.fr\/nouvellelune\/wp-json\/wp\/v2\/pages\/73\/revisions\/327"}],"wp:attachment":[{"href":"https:\/\/dev.benbenben.fr\/nouvellelune\/wp-json\/wp\/v2\/media?parent=73"}],"curies":[{"name":"wp","href":"https:\/\/api.w.org\/{rel}","templated":true}]}}