{"id":10,"date":"2018-03-29T17:44:33","date_gmt":"2018-03-29T15:44:33","guid":{"rendered":"http:\/\/dev.benbenben.fr\/ppdt\/?page_id=10"},"modified":"2023-01-12T14:49:38","modified_gmt":"2023-01-12T13:49:38","slug":"mariages","status":"publish","type":"page","link":"https:\/\/dev.benbenben.fr\/ppdt\/","title":{"rendered":"Mariages"},"content":{"rendered":"\n<div class=\"wp-block-columns is-layout-flex wp-container-core-columns-is-layout-9d6595d7 wp-block-columns-is-layout-flex\">\n<div class=\"wp-block-column has-white-background-color has-background is-layout-flow wp-block-column-is-layout-flow\">\n<h1 class=\"has-text-align-center wp-block-heading\">Mariages<\/h1>\n\n\n\n<h2 class=\"has-text-align-center wp-block-heading\">Parce que le jour le plus court existe, inventons l\u2019\u00e9ternel<\/h2>\n\n\n\n<p class=\"has-text-align-center\"><em>Wedding-planner et officiante de c\u00e9r\u00e9monie en Bretagne, Normandie et Pays de la Loire. Cr\u00e9ons vos beaux moments de la vie avec les plus beaux talents. Rigoureuse et cr\u00e9ative, positive et toujours \u00e0 l\u2019\u00e9coute, je vous accompagne dans votre projet avec le sourire, la bienveillance, l\u2019\u00e9nergie et l\u2019amour du savoir-faire et de la qualit\u00e9.<\/em><\/p>\n\n\n\n<p class=\"has-text-align-center\">Alexandra Vincens \u2014 Petits Points de Tout<\/p>\n<\/div>\n<\/div>\n\n\n\n<div style=\"height:50px\" aria-hidden=\"true\" class=\"wp-block-spacer\"><\/div>\n\n\n\n<hr class=\"wp-block-separator has-alpha-channel-opacity is-style-dots\"\/>\n\n\n\n<div style=\"height:50px\" aria-hidden=\"true\" class=\"wp-block-spacer\"><\/div>\n\n\n\n<div class=\"wp-block-media-text alignwide is-stacked-on-mobile is-vertically-aligned-center has-white-background-color has-background\"><figure class=\"wp-block-media-text__media\"><img loading=\"lazy\" decoding=\"async\" width=\"800\" height=\"800\" src=\"https:\/\/dev.benbenben.fr\/ppdt\/wp-content\/uploads\/2022\/11\/Mariage-Lanniron-Quimper-345-800x800.jpg\" alt=\"\" class=\"wp-image-1561 size-full\" srcset=\"https:\/\/dev.benbenben.fr\/ppdt\/wp-content\/uploads\/2022\/11\/Mariage-Lanniron-Quimper-345-800x800.jpg 800w, https:\/\/dev.benbenben.fr\/ppdt\/wp-content\/uploads\/2022\/11\/Mariage-Lanniron-Quimper-345-400x400.jpg 400w, https:\/\/dev.benbenben.fr\/ppdt\/wp-content\/uploads\/2022\/11\/Mariage-Lanniron-Quimper-345-150x150.jpg 150w, https:\/\/dev.benbenben.fr\/ppdt\/wp-content\/uploads\/2022\/11\/Mariage-Lanniron-Quimper-345-768x768.jpg 768w, https:\/\/dev.benbenben.fr\/ppdt\/wp-content\/uploads\/2022\/11\/Mariage-Lanniron-Quimper-345-50x50.jpg 50w, https:\/\/dev.benbenben.fr\/ppdt\/wp-content\/uploads\/2022\/11\/Mariage-Lanniron-Quimper-345.jpg 1080w\" sizes=\"auto, (max-width: 800px) 100vw, 800px\" \/><\/figure><div class=\"wp-block-media-text__content\">\n<h1 class=\"has-text-align-center wp-block-heading\">L&rsquo;organisation compl\u00e8te<\/h1>\n\n\n\n<hr class=\"wp-block-separator has-alpha-channel-opacity is-style-dots\"\/>\n\n\n\n<p>Alexandra Vincens, wedding planner et sc\u00e9nographe vous \u00e9coute et vous aide dans vos choix. <\/p>\n\n\n\n<p>Rigoureuse, elle vous recommande des professionnels locaux de confiance, elle compose avec \/ gr\u00e2ce \u00e0 vous un \u00e9v\u00e9nement joyeux et festif, un v\u00e9ritable moment de partage. <\/p>\n\n\n\n<p>Tout votre parcours avec elle est sans stress et les solutions sont toujours trouv\u00e9es ! <strong>Sa pr\u00e9sence de l&rsquo;installation la veille au rangement le lendemain <\/strong>est rassurante pour vous, pour vos proches mais aussi pour tous les professionnels qui s&rsquo;orienteront vers elle. <\/p>\n\n\n\n<p>Jamais vous ne serez questionn\u00e9s, sollicit\u00e9s et vous PROFITEZ!<\/p>\n\n\n\n<p><em>Chaque couple a des besoins diff\u00e9rents, en fonction de ceux-ci, et de votre budget, une formule  organisation compl\u00e8te ou partielle est conseill\u00e9e.<\/em><\/p>\n\n\n\n<p class=\"has-small-font-size\">Photographie \u00a9 SabrinaDupuys<\/p>\n<\/div><\/div>\n\n\n\n<div style=\"height:50px\" aria-hidden=\"true\" class=\"wp-block-spacer\"><\/div>\n\n\n\n<hr class=\"wp-block-separator has-alpha-channel-opacity is-style-dots\"\/>\n\n\n\n<div style=\"height:50px\" aria-hidden=\"true\" class=\"wp-block-spacer\"><\/div>\n\n\n\n<div class=\"wp-block-media-text alignwide has-media-on-the-right is-stacked-on-mobile has-white-background-color has-background\"><div class=\"wp-block-media-text__content\">\n<h1 class=\"has-text-align-center wp-block-heading\">La Coordination<\/h1>\n\n\n\n<hr class=\"wp-block-separator has-alpha-channel-opacity is-style-dots\"\/>\n\n\n\n<p>Nous vous \u00e9vitons les courses folles et les soir\u00e9es interminables devant votre ordinateur c\u2019est confortable non! <\/p>\n\n\n\n<p>Nous coordonnons en amont tous les prestataires, mais aussi vos proches. <\/p>\n\n\n\n<p>Nous planifions et anticipons pour ne rien laisser au hasard. <\/p>\n\n\n\n<p><em>Le jour J, nous sommes pr\u00e9sents. Vous vous laissez porter par nos pr\u00e9sences discr\u00e8tes, vous laissez place \u00e0 votre spontan\u00e9it\u00e9 et partagez cette belle journ\u00e9e avec vos proches.<\/em><\/p>\n<\/div><figure class=\"wp-block-media-text__media\"><img loading=\"lazy\" decoding=\"async\" width=\"800\" height=\"800\" src=\"https:\/\/dev.benbenben.fr\/ppdt\/wp-content\/uploads\/2022\/11\/Teasing-Mariage-NP-17-09-2022-4-800x800.jpg\" alt=\"\" class=\"wp-image-1562 size-full\" srcset=\"https:\/\/dev.benbenben.fr\/ppdt\/wp-content\/uploads\/2022\/11\/Teasing-Mariage-NP-17-09-2022-4-800x800.jpg 800w, https:\/\/dev.benbenben.fr\/ppdt\/wp-content\/uploads\/2022\/11\/Teasing-Mariage-NP-17-09-2022-4-400x400.jpg 400w, https:\/\/dev.benbenben.fr\/ppdt\/wp-content\/uploads\/2022\/11\/Teasing-Mariage-NP-17-09-2022-4-150x150.jpg 150w, https:\/\/dev.benbenben.fr\/ppdt\/wp-content\/uploads\/2022\/11\/Teasing-Mariage-NP-17-09-2022-4-768x768.jpg 768w, https:\/\/dev.benbenben.fr\/ppdt\/wp-content\/uploads\/2022\/11\/Teasing-Mariage-NP-17-09-2022-4-50x50.jpg 50w, https:\/\/dev.benbenben.fr\/ppdt\/wp-content\/uploads\/2022\/11\/Teasing-Mariage-NP-17-09-2022-4.jpg 1080w\" sizes=\"auto, (max-width: 800px) 100vw, 800px\" \/><\/figure><\/div>\n\n\n\n<div style=\"height:50px\" aria-hidden=\"true\" class=\"wp-block-spacer\"><\/div>\n\n\n\n<hr class=\"wp-block-separator has-alpha-channel-opacity is-style-dots\"\/>\n\n\n\n<div style=\"height:50px\" aria-hidden=\"true\" class=\"wp-block-spacer\"><\/div>\n\n\n\n<div class=\"wp-block-media-text alignwide is-stacked-on-mobile is-vertically-aligned-center has-white-background-color has-background\"><figure class=\"wp-block-media-text__media\"><img loading=\"lazy\" decoding=\"async\" width=\"800\" height=\"800\" src=\"https:\/\/dev.benbenben.fr\/ppdt\/wp-content\/uploads\/2022\/11\/SolveigandRonan_CindyIdir_680-1-1-800x800.jpg\" alt=\"\" class=\"wp-image-1563 size-full\" srcset=\"https:\/\/dev.benbenben.fr\/ppdt\/wp-content\/uploads\/2022\/11\/SolveigandRonan_CindyIdir_680-1-1-800x800.jpg 800w, https:\/\/dev.benbenben.fr\/ppdt\/wp-content\/uploads\/2022\/11\/SolveigandRonan_CindyIdir_680-1-1-400x400.jpg 400w, https:\/\/dev.benbenben.fr\/ppdt\/wp-content\/uploads\/2022\/11\/SolveigandRonan_CindyIdir_680-1-1-150x150.jpg 150w, https:\/\/dev.benbenben.fr\/ppdt\/wp-content\/uploads\/2022\/11\/SolveigandRonan_CindyIdir_680-1-1-768x768.jpg 768w, https:\/\/dev.benbenben.fr\/ppdt\/wp-content\/uploads\/2022\/11\/SolveigandRonan_CindyIdir_680-1-1-50x50.jpg 50w, https:\/\/dev.benbenben.fr\/ppdt\/wp-content\/uploads\/2022\/11\/SolveigandRonan_CindyIdir_680-1-1.jpg 1080w\" sizes=\"auto, (max-width: 800px) 100vw, 800px\" \/><\/figure><div class=\"wp-block-media-text__content\">\n<h1 class=\"has-text-align-center wp-block-heading\">Fugue amoureuse<\/h1>\n\n\n\n<hr class=\"wp-block-separator has-alpha-channel-opacity is-style-dots\"\/>\n\n\n\n<p>Votre mariage prend la forme qui vous ressemble. En amoureux avec votre officiante, en petit comit\u00e9 ( 4, 10, 20, 30 personnes) pour profiter pleinement de vos proches, tout est possible! <\/p>\n\n\n\n<p>Le lieu et votre \u00e9quipe seront adapt\u00e9s \u00e0 votre projet en amoureux, entre copains, avec vos parents. <\/p>\n\n\n\n<p>Inventez votre mariage, il sera toujours un moment inoubliable.<\/p>\n\n\n\n<p>Retrouvez un article d\u00e9di\u00e9 \u00e0 l&rsquo;Elopement sur mon blog !<\/p>\n\n\n\n<div style=\"height:20px\" aria-hidden=\"true\" class=\"wp-block-spacer\"><\/div>\n\n\n\n<div class=\"wp-block-buttons is-content-justification-center is-layout-flex wp-container-core-buttons-is-layout-16018d1d wp-block-buttons-is-layout-flex\">\n<div class=\"wp-block-button\"><a class=\"wp-block-button__link wp-element-button\" href=\"http:\/\/www.petitspointsdetout.fr\/2020\/11\/01\/elopement-mariage-en-fugue\/\" style=\"border-radius:0px\" target=\"_blank\" rel=\"noreferrer noopener\">Lire l&rsquo;article<\/a><\/div>\n<\/div>\n\n\n\n<div style=\"height:20px\" aria-hidden=\"true\" class=\"wp-block-spacer\"><\/div>\n\n\n\n<p class=\"has-small-font-size\">Photographie \u00a9 solveigetronan<\/p>\n<\/div><\/div>\n\n\n\n<div style=\"height:50px\" aria-hidden=\"true\" class=\"wp-block-spacer\"><\/div>\n\n\n\n<hr class=\"wp-block-separator has-alpha-channel-opacity is-style-dots\"\/>\n\n\n\n<div style=\"height:50px\" aria-hidden=\"true\" class=\"wp-block-spacer\"><\/div>\n\n\n\n<div class=\"wp-block-media-text alignwide has-media-on-the-right is-stacked-on-mobile has-white-background-color has-background\"><div class=\"wp-block-media-text__content\">\n<h1 class=\"has-text-align-center wp-block-heading\">Le Wedding Design<\/h1>\n\n\n\n<hr class=\"wp-block-separator has-alpha-channel-opacity is-style-dots\"\/>\n\n\n\n<p>\u00c0 l&rsquo;\u00e9coute, r\u00e9active, inventive, votre organisatrice met toute sa cr\u00e9ativit\u00e9 et toute son exp\u00e9rience dans la concr\u00e9tisation de vos envies. <\/p>\n\n\n\n<p>Votre th\u00e8me est d\u00e9clin\u00e9 en toute d\u00e9licatesse. Des mati\u00e8res, des teintes, des \u00e9l\u00e9ments d\u00e9coratifs chin\u00e9s et lou\u00e9s qui correspondent \u00e0 votre design. Des artisans aux philosophies de cr\u00e9ation sinc\u00e8res sauront ajouter leurs po\u00e9sies \u00e0 votre mariage. <\/p>\n\n\n\n<p><em>Et le petit + : un oeil et des conseils aff\u00fbt\u00e9s pour votre logistique! <\/em><\/p>\n<\/div><figure class=\"wp-block-media-text__media\"><img loading=\"lazy\" decoding=\"async\" width=\"800\" height=\"800\" src=\"https:\/\/dev.benbenben.fr\/ppdt\/wp-content\/uploads\/2022\/11\/Teasing-Mariage-NP-17-09-2022-6-800x800.jpg\" alt=\"\" class=\"wp-image-1564 size-full\" srcset=\"https:\/\/dev.benbenben.fr\/ppdt\/wp-content\/uploads\/2022\/11\/Teasing-Mariage-NP-17-09-2022-6-800x800.jpg 800w, https:\/\/dev.benbenben.fr\/ppdt\/wp-content\/uploads\/2022\/11\/Teasing-Mariage-NP-17-09-2022-6-400x400.jpg 400w, https:\/\/dev.benbenben.fr\/ppdt\/wp-content\/uploads\/2022\/11\/Teasing-Mariage-NP-17-09-2022-6-150x150.jpg 150w, https:\/\/dev.benbenben.fr\/ppdt\/wp-content\/uploads\/2022\/11\/Teasing-Mariage-NP-17-09-2022-6-768x768.jpg 768w, https:\/\/dev.benbenben.fr\/ppdt\/wp-content\/uploads\/2022\/11\/Teasing-Mariage-NP-17-09-2022-6-50x50.jpg 50w, https:\/\/dev.benbenben.fr\/ppdt\/wp-content\/uploads\/2022\/11\/Teasing-Mariage-NP-17-09-2022-6.jpg 1080w\" sizes=\"auto, (max-width: 800px) 100vw, 800px\" \/><\/figure><\/div>\n\n\n\n<div style=\"height:50px\" aria-hidden=\"true\" class=\"wp-block-spacer\"><\/div>\n\n\n\n<hr class=\"wp-block-separator has-alpha-channel-opacity is-style-dots\"\/>\n\n\n\n<div style=\"height:50px\" aria-hidden=\"true\" class=\"wp-block-spacer\"><\/div>\n\n\n\n<div class=\"wp-block-media-text alignwide has-media-on-the-right is-stacked-on-mobile has-white-background-color has-background\"><div class=\"wp-block-media-text__content\">\n<p class=\"has-text-align-center\"><strong>Film \u00e0 la une<\/strong> by Spoon-event<\/p>\n\n\n\n<p class=\"has-text-align-center\">M &amp; S &#8211; Romantisme et Fiesta<\/p>\n<\/div><figure class=\"wp-block-media-text__media\"><video controls src=\"http:\/\/www.petitspointsdetout.fr\/wp-content\/uploads\/2020\/10\/marion-samuel-highlights_HD.mp4\"><\/video><\/figure><\/div>\n\n\n\n<div style=\"height:50px\" aria-hidden=\"true\" class=\"wp-block-spacer\"><\/div>\n\n\n\n<hr class=\"wp-block-separator has-alpha-channel-opacity is-style-dots\"\/>\n\n\n\n<div style=\"height:50px\" aria-hidden=\"true\" class=\"wp-block-spacer\"><\/div>\n\n\n\n<p class=\"has-text-align-center has-medium-font-size\"><em>Discutons de votre projet autour d\u2019une tasse de th\u00e9 et de petites madeleines (maisons bien s\u00fbr) !<\/em><br><em>Le premier rendez-vous est gratuit et sans engagements.<\/em><\/p>\n\n\n\n<div style=\"height:50px\" aria-hidden=\"true\" class=\"wp-block-spacer\"><\/div>\n","protected":false},"excerpt":{"rendered":"<p>Mariages Parce que le jour le plus court existe, inventons l\u2019\u00e9ternel Wedding-planner et officiante de c\u00e9r\u00e9monie en Bretagne, Normandie et Pays de la Loire. Cr\u00e9ons vos beaux moments de la vie avec les plus beaux talents. Rigoureuse et cr\u00e9ative, positive et toujours \u00e0 l\u2019\u00e9coute, je vous accompagne dans votre projet avec le sourire, la bienveillance, [&hellip;]<\/p>\n","protected":false},"author":1,"featured_media":0,"parent":0,"menu_order":0,"comment_status":"closed","ping_status":"closed","template":"mariages.php","meta":{"footnotes":""},"class_list":["post-10","page","type-page","status-publish","hentry"],"_links":{"self":[{"href":"https:\/\/dev.benbenben.fr\/ppdt\/wp-json\/wp\/v2\/pages\/10","targetHints":{"allow":["GET"]}}],"collection":[{"href":"https:\/\/dev.benbenben.fr\/ppdt\/wp-json\/wp\/v2\/pages"}],"about":[{"href":"https:\/\/dev.benbenben.fr\/ppdt\/wp-json\/wp\/v2\/types\/page"}],"author":[{"embeddable":true,"href":"https:\/\/dev.benbenben.fr\/ppdt\/wp-json\/wp\/v2\/users\/1"}],"replies":[{"embeddable":true,"href":"https:\/\/dev.benbenben.fr\/ppdt\/wp-json\/wp\/v2\/comments?post=10"}],"version-history":[{"count":43,"href":"https:\/\/dev.benbenben.fr\/ppdt\/wp-json\/wp\/v2\/pages\/10\/revisions"}],"predecessor-version":[{"id":1632,"href":"https:\/\/dev.benbenben.fr\/ppdt\/wp-json\/wp\/v2\/pages\/10\/revisions\/1632"}],"wp:attachment":[{"href":"https:\/\/dev.benbenben.fr\/ppdt\/wp-json\/wp\/v2\/media?parent=10"}],"curies":[{"name":"wp","href":"https:\/\/api.w.org\/{rel}","templated":true}]}}