{"id":49,"date":"2018-04-23T15:37:58","date_gmt":"2018-04-23T13:37:58","guid":{"rendered":"http:\/\/dev.benbenben.fr\/ppdt\/?page_id=49"},"modified":"2023-01-06T10:40:20","modified_gmt":"2023-01-06T09:40:20","slug":"portrait","status":"publish","type":"page","link":"https:\/\/dev.benbenben.fr\/ppdt\/portrait\/","title":{"rendered":"Portrait"},"content":{"rendered":"\n<div class=\"wp-block-media-text alignwide is-stacked-on-mobile is-image-fill\"><figure class=\"wp-block-media-text__media\" style=\"background-image:url(http:\/\/www.petitspointsdetout.fr\/wp-content\/uploads\/2022\/10\/Mariage-ChloeGreg-247-533x800.jpeg);background-position:50% 50%\"><img decoding=\"async\" src=\"http:\/\/www.petitspointsdetout.fr\/wp-content\/uploads\/2022\/10\/Mariage-ChloeGreg-247-533x800.jpeg\" alt=\"\" class=\"wp-image-1522 size-full\"\/><\/figure><div class=\"wp-block-media-text__content\">\n<h1 class=\"has-text-align-center wp-block-heading\"><strong>Mon parcours professionnel<\/strong><\/h1>\n\n\n\n<hr class=\"wp-block-separator has-alpha-channel-opacity is-style-dots\"\/>\n\n\n\n<p>Depuis toujours passionn\u00e9e&nbsp;de cr\u00e9ations, je suis inventive, rigoureuse et&nbsp;positive. Designer&nbsp;d\u2019espace&nbsp;et directrice artistique, mon parcours professionnel m&rsquo;a toujours permis de r\u00e9aliser des projets d&rsquo;\u00e9quipe sur-mesure.<\/p>\n\n\n\n<p>Wedding-planner et Officiante de c\u00e9r\u00e9monie depuis 2018, mon m\u00e9tier n\u00e9cessite d\u2019\u00e9tablir une enti\u00e8re <strong>confiance entre moi et les futurs mari\u00e9s<\/strong>. Des mariages comme vous les aimez vous (m\u00eame si je ne peux pas m&#8217;emp\u00eacher de glisser des id\u00e9es plus contemporaines ou en tester nouvelles &#8211; qui fonctionnent!) <\/p>\n\n\n\n<p>Conteuse d\u2019une vie ou chef d&rsquo;orchestre de votre projet, je mets en mots des rencontres amoureuses uniques. <strong>Vous \u00eates l&rsquo;inspiration <\/strong>de votre mariage. Une histoire, des confidences, du quotidien, des regards complices, des caprices, des r\u00eaves, des gestes de tendresse, tout cela se d\u00e9voile pendant nos rendez-vous. Jusqu\u2019au jour \u00ab&nbsp;J&nbsp;\u00bb o\u00f9 les mots provoquent les rires, les pleurs, les \u00e9motions.<\/p>\n\n\n\n<p>Je suis attentive aux projets des futurs mari\u00e9s,<strong>&nbsp;exigeante envers moi-m\u00eame<\/strong> afin qu\u2019ils&nbsp;soient&nbsp;toujours \u00e0 l\u2019image de&nbsp;leurs envies. Mon regard affut\u00e9&nbsp;et complice, ainsi que&nbsp;<strong>nos&nbsp;\u00e9changes r\u00e9guliers<\/strong>,&nbsp;nous permettent de cr\u00e9er un mariage&nbsp;\u00e0 leur image,&nbsp;aux c\u00f4t\u00e9s&nbsp;de professionnels dont j&rsquo;admire le talent.&nbsp;<\/p>\n\n\n\n<p><strong>Mes points forts&nbsp;<\/strong>:&nbsp;r\u00e9activit\u00e9, organisation, logistique et souci du savoir-faire local,&nbsp;au service des couples.&nbsp;Tissant&nbsp;entre&nbsp;nous&nbsp;des&nbsp;liens&nbsp;de confiance, cr\u00e9er un mariage est&nbsp;pour moi&nbsp;<strong>un travail d\u2019\u00e9quipe<\/strong> <strong>dont vous \u00eates les initiateurs<\/strong>:&nbsp;une \u00e9quipe que je&nbsp;r\u00e9unis&nbsp;dans le&nbsp;respect des&nbsp;inspirations, des exigences et de l\u2019univers des couples que j\u2019accompagne.&nbsp;&nbsp;La qualit\u00e9 et la satisfaction sont essentielles pour les futurs mari\u00e9s et les partenaires impliqu\u00e9s dans&nbsp;chaque&nbsp;mariage.&nbsp;<\/p>\n\n\n\n<p><em>Photographie de @Marianne Bouchet lors du mariage de Chlo\u00e9 et Greg un beau mardi du mois de juillet 2022.<\/em><\/p>\n<\/div><\/div>\n\n\n\n<div style=\"height:40px\" aria-hidden=\"true\" class=\"wp-block-spacer\"><\/div>\n\n\n\n<div class=\"wp-block-columns is-layout-flex wp-container-core-columns-is-layout-9d6595d7 wp-block-columns-is-layout-flex\">\n<div class=\"wp-block-column is-layout-flow wp-block-column-is-layout-flow\">\n<p><strong>Je suis :<\/strong><\/p>\n\n\n\n<ul class=\"wp-block-list\">\n<li>R\u00e9active.<\/li>\n\n\n\n<li>Patiente.<\/li>\n\n\n\n<li>Imaginative.<\/li>\n\n\n\n<li>Joyeuse.<\/li>\n\n\n\n<li>A l&rsquo;\u00e9coute<\/li>\n<\/ul>\n<\/div>\n\n\n\n<div class=\"wp-block-column is-layout-flow wp-block-column-is-layout-flow\">\n<p><strong>Ce qui est important pour moi :<\/strong><\/p>\n\n\n\n<ul class=\"wp-block-list\">\n<li>Le respect de l\u2019humain<\/li>\n\n\n\n<li>Le perp\u00e9tuel \u00e9tat de d\u00e9couverte<\/li>\n\n\n\n<li>L\u2019amour pour &amp; par mes proches<\/li>\n\n\n\n<li>Le respect de l\u2019environnement<\/li>\n\n\n\n<li>La confiance de mes partenaires de vie et de travail<\/li>\n<\/ul>\n<\/div>\n\n\n\n<div class=\"wp-block-column is-layout-flow wp-block-column-is-layout-flow\">\n<p><strong>Mes comp\u00e9tences :<\/strong><\/p>\n\n\n\n<ul class=\"wp-block-list\">\n<li>Je suis \u00e0 l\u2019\u00e9coute et communicative<\/li>\n\n\n\n<li>Je sais animer une \u00e9quipe<\/li>\n\n\n\n<li>Je sais organiser et planifier des \u00e9v\u00e9nements tout terrain<\/li>\n\n\n\n<li>Je sais concevoir et construire des d\u00e9cors<\/li>\n\n\n\n<li>J\u2019adore cuisiner &amp; p\u00e2tisser<\/li>\n<\/ul>\n<\/div>\n<\/div>\n","protected":false},"excerpt":{"rendered":"<p>Je suis : Ce qui est important pour moi : Mes comp\u00e9tences :<\/p>\n","protected":false},"author":1,"featured_media":0,"parent":0,"menu_order":0,"comment_status":"closed","ping_status":"closed","template":"","meta":{"footnotes":""},"class_list":["post-49","page","type-page","status-publish","hentry"],"_links":{"self":[{"href":"https:\/\/dev.benbenben.fr\/ppdt\/wp-json\/wp\/v2\/pages\/49","targetHints":{"allow":["GET"]}}],"collection":[{"href":"https:\/\/dev.benbenben.fr\/ppdt\/wp-json\/wp\/v2\/pages"}],"about":[{"href":"https:\/\/dev.benbenben.fr\/ppdt\/wp-json\/wp\/v2\/types\/page"}],"author":[{"embeddable":true,"href":"https:\/\/dev.benbenben.fr\/ppdt\/wp-json\/wp\/v2\/users\/1"}],"replies":[{"embeddable":true,"href":"https:\/\/dev.benbenben.fr\/ppdt\/wp-json\/wp\/v2\/comments?post=49"}],"version-history":[{"count":4,"href":"https:\/\/dev.benbenben.fr\/ppdt\/wp-json\/wp\/v2\/pages\/49\/revisions"}],"predecessor-version":[{"id":1614,"href":"https:\/\/dev.benbenben.fr\/ppdt\/wp-json\/wp\/v2\/pages\/49\/revisions\/1614"}],"wp:attachment":[{"href":"https:\/\/dev.benbenben.fr\/ppdt\/wp-json\/wp\/v2\/media?parent=49"}],"curies":[{"name":"wp","href":"https:\/\/api.w.org\/{rel}","templated":true}]}}