{"id":562,"date":"2019-12-19T12:07:20","date_gmt":"2019-12-19T11:07:20","guid":{"rendered":"http:\/\/www.petitspointsdetout.fr\/?page_id=562"},"modified":"2019-12-19T12:07:20","modified_gmt":"2019-12-19T11:07:20","slug":"temoignages","status":"publish","type":"page","link":"https:\/\/dev.benbenben.fr\/ppdt\/temoignages\/","title":{"rendered":"T\u00e9moignages"},"content":{"rendered":"\n<iframe sandbox=\"allow-same-origin allow-scripts\" src=\"https:\/\/www.zankyou.fr\/iframe\/reviews-widget\/list-height\/500\/type\/list\/wervice\/632443\" frameborder=\"0\" style=\"height: 575px; width:100%;\"><\/iframe>\n\n\n\n<div style=\"height:50px\" aria-hidden=\"true\" class=\"wp-block-spacer\"><\/div>\n\n\n\n<blockquote class=\"wp-block-quote is-layout-flow wp-block-quote-is-layout-flow\"><p>\u00ab Exceptionnel ! Alexandra a fourni un travail extraordinaire. Organis\u00e9e, sensible, avec le sens du d\u00e9tail et capacit\u00e9 d\u2019adaptation&#8230; Elle a su tirer les ficelles d\u2019un mariage complexe en parfaite harmonie. Nous lui sommes infiniment redevables. Nos invit\u00e9s -pour lesquels une c\u00e9r\u00e9monie la\u00efque \u00e9tait une nouveaut\u00e9- nous ont tous indiqu\u00e9 combien ils avaient appr\u00e9ci\u00e9 la qualit\u00e9, la justesse et la sensibilit\u00e9 de la c\u00e9r\u00e9monie. Petit plus : Alexandra dispose d\u2019un r\u00e9seau \u00e9toff\u00e9 de prestataires, ce qui nous a permi d\u2019adapter la c\u00e9r\u00e9monie exactement comme nous l\u2019avions imagin\u00e9e. \u00bb<\/p><cite>S &amp; C venus des Etats Unis<\/cite><\/blockquote>\n\n\n\n<blockquote class=\"wp-block-quote is-layout-flow wp-block-quote-is-layout-flow\"><p>Ce mariage n\u2019aurait pas \u00e9t\u00e9 aussi r\u00e9ussi sans Alexandra\u2026 Je tiens donc \u00e0 te remercier pour ton professionnalisme, tes paroles rassurantes, tes petits coups de pression pour nous booster, ta discr\u00e9tion le jour J et ton organisation r\u00e9gl\u00e9e comme du papier \u00e0 musique\u2026<br>Merci d\u2019avoir su composer avec nos caract\u00e8res, nos exigences, et bien s\u00fbr avec notre sens aigu de la non organisation\u2026Toujours \u00e0 l\u2019\u00e9coute tu as su nous faire voyager et toucher \u00ab ce r\u00eave bleu \u00bb si cher \u00e0 notre c\u0153ur\u2026<br>La mise en sc\u00e8ne de la d\u00e9co \u00e9tait tout juste magique\u2026<br>Merci aussi pour cette magnifique c\u00e9r\u00e9monie que tu nous as fait vivre. C&rsquo;\u00e9tait rempli d&rsquo;\u00e9motions, des larmes, des rires. Tu as convaincu tout le monde ! Un moment parfait pass\u00e9 \u00e0 tes c\u00f4t\u00e9s.<br>Cette journ\u00e9e \u00e9tait tellement parfaite \u00e0 nos yeux, qu\u2019on aimerait fermer les yeux et revenir au 20 juillet !<br>\u00c9motions, tendresse, humour ont fait de ce mariage un pur instant de bonheur partag\u00e9 avec nos amis et notre famille.<\/p><cite>MA &amp; J<\/cite><\/blockquote>\n","protected":false},"excerpt":{"rendered":"<p>\u00ab Exceptionnel ! Alexandra a fourni un travail extraordinaire. Organis\u00e9e, sensible, avec le sens du d\u00e9tail et capacit\u00e9 d\u2019adaptation&#8230; Elle a su tirer les ficelles d\u2019un mariage complexe en parfaite harmonie. Nous lui sommes infiniment redevables. Nos invit\u00e9s -pour lesquels une c\u00e9r\u00e9monie la\u00efque \u00e9tait une nouveaut\u00e9- nous ont tous indiqu\u00e9 combien ils avaient appr\u00e9ci\u00e9 la [&hellip;]<\/p>\n","protected":false},"author":1,"featured_media":0,"parent":0,"menu_order":0,"comment_status":"closed","ping_status":"closed","template":"","meta":{"footnotes":""},"class_list":["post-562","page","type-page","status-publish","hentry"],"_links":{"self":[{"href":"https:\/\/dev.benbenben.fr\/ppdt\/wp-json\/wp\/v2\/pages\/562","targetHints":{"allow":["GET"]}}],"collection":[{"href":"https:\/\/dev.benbenben.fr\/ppdt\/wp-json\/wp\/v2\/pages"}],"about":[{"href":"https:\/\/dev.benbenben.fr\/ppdt\/wp-json\/wp\/v2\/types\/page"}],"author":[{"embeddable":true,"href":"https:\/\/dev.benbenben.fr\/ppdt\/wp-json\/wp\/v2\/users\/1"}],"replies":[{"embeddable":true,"href":"https:\/\/dev.benbenben.fr\/ppdt\/wp-json\/wp\/v2\/comments?post=562"}],"version-history":[{"count":0,"href":"https:\/\/dev.benbenben.fr\/ppdt\/wp-json\/wp\/v2\/pages\/562\/revisions"}],"wp:attachment":[{"href":"https:\/\/dev.benbenben.fr\/ppdt\/wp-json\/wp\/v2\/media?parent=562"}],"curies":[{"name":"wp","href":"https:\/\/api.w.org\/{rel}","templated":true}]}}