{"id":7,"date":"2018-03-29T17:43:19","date_gmt":"2018-03-29T15:43:19","guid":{"rendered":"http:\/\/dev.benbenben.fr\/ppdt\/?page_id=7"},"modified":"2023-01-10T14:32:22","modified_gmt":"2023-01-10T13:32:22","slug":"officiante-laique","status":"publish","type":"page","link":"https:\/\/dev.benbenben.fr\/ppdt\/officiante-laique\/","title":{"rendered":"Officiante la\u00efque"},"content":{"rendered":"\n<h1 class=\"has-text-align-center wp-block-heading\">Officiante la\u00efque<\/h1>\n\n\n\n<h2 class=\"has-text-align-center wp-block-heading\">L\u2019essentiel est de vous dire je t\u2019aime, l\u2019essentiel est de leur dire nous vous aimons.<\/h2>\n\n\n\n<p class=\"has-text-align-center\"><em>Les c\u00e9r\u00e9monies la\u00efques sont l\u2019occasion de raconter votre histoire d\u2019amour, votre histoire de parents, de confier vos r\u00eaves et valeurs \u00e0 vos proches. Nous cr\u00e9ons vos c\u00e9r\u00e9monies d\u2019engagement et vos c\u00e9r\u00e9monies de parrainage (bapt\u00eame des enfants)<\/em><\/p>\n\n\n\n<div style=\"height:50px\" aria-hidden=\"true\" class=\"wp-block-spacer\"><\/div>\n\n\n\n<hr class=\"wp-block-separator has-alpha-channel-opacity is-style-dots\"\/>\n\n\n\n<div style=\"height:50px\" aria-hidden=\"true\" class=\"wp-block-spacer\"><\/div>\n\n\n\n<div class=\"wp-block-media-text alignwide is-stacked-on-mobile has-white-background-color has-background\"><figure class=\"wp-block-media-text__media\"><img loading=\"lazy\" decoding=\"async\" width=\"662\" height=\"662\" src=\"https:\/\/dev.benbenben.fr\/ppdt\/wp-content\/uploads\/2022\/12\/preparation.jpg\" alt=\"\" class=\"wp-image-1603 size-full\" srcset=\"https:\/\/dev.benbenben.fr\/ppdt\/wp-content\/uploads\/2022\/12\/preparation.jpg 662w, https:\/\/dev.benbenben.fr\/ppdt\/wp-content\/uploads\/2022\/12\/preparation-400x400.jpg 400w, https:\/\/dev.benbenben.fr\/ppdt\/wp-content\/uploads\/2022\/12\/preparation-150x150.jpg 150w, https:\/\/dev.benbenben.fr\/ppdt\/wp-content\/uploads\/2022\/12\/preparation-50x50.jpg 50w\" sizes=\"auto, (max-width: 662px) 100vw, 662px\" \/><\/figure><div class=\"wp-block-media-text__content\">\n<h1 class=\"has-text-align-center wp-block-heading\">La pr\u00e9paration<\/h1>\n\n\n\n<hr class=\"wp-block-separator has-alpha-channel-opacity is-style-dots\"\/>\n\n\n\n<p>Nos rendez-vous sont l\u2019occasion des \u00e9changes et des d\u00e9couvertes. Nous tissons ensemble les liens, nous vous \u00e9coutons, nous rions et parfois pleurons. <\/p>\n\n\n\n<p>Vous nous racontez votre po\u00e9sie, m\u00eame la plus quotidienne, votre histoire, m\u00eame la plus simple, vos relations humaines et au monde, m\u00eame les plus \u00ab&nbsp;normales&nbsp;\u00bb comme le disent si bien les couples. <\/p>\n\n\n\n<p>Nous respectons vos convictions, vos choix, vos questionnements. L\u2019essentiel pour nous r\u00e9side dans la confiance que vous nous accordez. <\/p>\n\n\n\n<p>En chaque couple il y a un univers, une mythologie, des forces, offrez-nous cette chance de vous d\u00e9couvrir. <\/p>\n<\/div><\/div>\n\n\n\n<div style=\"height:50px\" aria-hidden=\"true\" class=\"wp-block-spacer\"><\/div>\n\n\n\n<hr class=\"wp-block-separator has-alpha-channel-opacity is-style-dots\"\/>\n\n\n\n<div style=\"height:50px\" aria-hidden=\"true\" class=\"wp-block-spacer\"><\/div>\n\n\n\n<div class=\"wp-block-media-text alignwide has-media-on-the-right is-stacked-on-mobile has-white-background-color has-background\"><div class=\"wp-block-media-text__content\">\n<h1 class=\"has-text-align-center wp-block-heading\">L\u2019\u00e9criture et la po\u00e9sie de votre c\u00e9r\u00e9monie<\/h1>\n\n\n\n<hr class=\"wp-block-separator has-alpha-channel-opacity is-style-dots\"\/>\n\n\n\n<p>Vous \u00eates votre c\u00e9r\u00e9monie&nbsp;! cette c\u00e9r\u00e9monie c\u00e9l\u00e8bre votre amour mais aussi le partage. <\/p>\n\n\n\n<p>F\u00eater votre union c\u2019est donner un sens \u00e0 vos actes et vivre pleinement avec vos po\u00e9sies. Toutes ces valeurs nous les retrouvons dans votre c\u00e9r\u00e9monie et bien plus encore!<\/p>\n\n\n\n<p> Elle est imagin\u00e9e pour vous, nous vous accompagnons, nous partageons avec vous nos astuces, nous cherchons l\u2019inspiration de votre rituel pour que sa symbolique renforce votre union, nous s\u00e9lectionnons vos musiques ensemble pour l\u2019harmonie. <\/p>\n\n\n\n<p>Chacune des c\u00e9r\u00e9monies a sa propre structure, sa dynamique et sa beaut\u00e9. Elle est \u00e9crite simplement pour vous avec sinc\u00e9rit\u00e9 et avec notre sensibilit\u00e9. <\/p>\n\n\n\n<p>Nous relisons les mots d\u2019amour des t\u00e9moins et proches en amont. Nous privil\u00e9gions l\u2019unit\u00e9 et la qualit\u00e9 mais jamais n\u2019enlevons la sinc\u00e9rit\u00e9 des \u00e9crits des t\u00e9moignages. Nous apportons notre aide en toute simplicit\u00e9 et respectons les plumes parfois impressionn\u00e9es par votre demande.<\/p>\n<\/div><figure class=\"wp-block-media-text__media\"><img loading=\"lazy\" decoding=\"async\" width=\"800\" height=\"800\" src=\"https:\/\/dev.benbenben.fr\/ppdt\/wp-content\/uploads\/2022\/12\/ecriture-800x800.jpg\" alt=\"\" class=\"wp-image-1605 size-full\" srcset=\"https:\/\/dev.benbenben.fr\/ppdt\/wp-content\/uploads\/2022\/12\/ecriture-800x800.jpg 800w, https:\/\/dev.benbenben.fr\/ppdt\/wp-content\/uploads\/2022\/12\/ecriture-400x400.jpg 400w, https:\/\/dev.benbenben.fr\/ppdt\/wp-content\/uploads\/2022\/12\/ecriture-150x150.jpg 150w, https:\/\/dev.benbenben.fr\/ppdt\/wp-content\/uploads\/2022\/12\/ecriture-768x768.jpg 768w, https:\/\/dev.benbenben.fr\/ppdt\/wp-content\/uploads\/2022\/12\/ecriture-50x50.jpg 50w, https:\/\/dev.benbenben.fr\/ppdt\/wp-content\/uploads\/2022\/12\/ecriture.jpg 1280w\" sizes=\"auto, (max-width: 800px) 100vw, 800px\" \/><\/figure><\/div>\n\n\n\n<div style=\"height:50px\" aria-hidden=\"true\" class=\"wp-block-spacer\"><\/div>\n\n\n\n<hr class=\"wp-block-separator has-alpha-channel-opacity is-style-dots\"\/>\n\n\n\n<div style=\"height:50px\" aria-hidden=\"true\" class=\"wp-block-spacer\"><\/div>\n\n\n\n<div class=\"wp-block-media-text alignwide is-stacked-on-mobile has-white-background-color has-background\"><figure class=\"wp-block-media-text__media\"><img loading=\"lazy\" decoding=\"async\" width=\"662\" height=\"662\" src=\"https:\/\/dev.benbenben.fr\/ppdt\/wp-content\/uploads\/2022\/12\/celebration.jpg\" alt=\"\" class=\"wp-image-1607 size-full\" srcset=\"https:\/\/dev.benbenben.fr\/ppdt\/wp-content\/uploads\/2022\/12\/celebration.jpg 662w, https:\/\/dev.benbenben.fr\/ppdt\/wp-content\/uploads\/2022\/12\/celebration-400x400.jpg 400w, https:\/\/dev.benbenben.fr\/ppdt\/wp-content\/uploads\/2022\/12\/celebration-150x150.jpg 150w, https:\/\/dev.benbenben.fr\/ppdt\/wp-content\/uploads\/2022\/12\/celebration-50x50.jpg 50w\" sizes=\"auto, (max-width: 662px) 100vw, 662px\" \/><\/figure><div class=\"wp-block-media-text__content\">\n<h1 class=\"has-text-align-center wp-block-heading\">La c\u00e9l\u00e9bration<\/h1>\n\n\n\n<hr class=\"wp-block-separator has-alpha-channel-opacity is-style-dots\"\/>\n\n\n\n<p>Le jour J laissez-vous porter par notre texte, les t\u00e9moignages, les musiques et par les \u00e9motions. <\/p>\n\n\n\n<p>Une c\u00e9r\u00e9monie la\u00efque est riche pour vous deux et pour vos proches. L\u2019\u00e9quilibre est toujours une priorit\u00e9&nbsp;: temps, t\u00e9moignages, familles ou amis, un moment d\u2019\u00e9coute et de partage suspendu. <\/p>\n\n\n\n<p>Nous transmettons \u00e0 vos proches votre complicit\u00e9, votre histoire d\u2019amour et vos liens d\u2019amiti\u00e9s.<\/p>\n\n\n\n<p>A chacun son moment frissons, rires ou larmes. <\/p>\n\n\n\n<p>De la premi\u00e8re note de musique au lanc\u00e9 festif des p\u00e9tales, nous coordonnons tous les moments forts, nous cr\u00e9ons cette c\u00e9r\u00e9monie unique.<\/p>\n<\/div><\/div>\n\n\n\n<div style=\"height:50px\" aria-hidden=\"true\" class=\"wp-block-spacer\"><\/div>\n\n\n\n<hr class=\"wp-block-separator has-alpha-channel-opacity is-style-dots\"\/>\n\n\n\n<div style=\"height:50px\" aria-hidden=\"true\" class=\"wp-block-spacer\"><\/div>\n\n\n\n<div class=\"wp-block-media-text alignwide has-media-on-the-right is-stacked-on-mobile has-white-background-color has-background\"><div class=\"wp-block-media-text__content\">\n<h1 class=\"has-text-align-center wp-block-heading\">La d\u00e9coration et les petit plus d\u2019une wedding-planner<\/h1>\n\n\n\n<hr class=\"wp-block-separator has-alpha-channel-opacity is-style-dots\"\/>\n\n\n\n<p>Un th\u00e9\u00e2tre de verdure, une tente nomade, de belles pierres ou les salons d\u2019un ch\u00e2teau, chaque c\u00e9r\u00e9monie la\u00efque est mise en sc\u00e8ne gr\u00e2ce \u00e0 notre ma\u00eetrise de l\u2019esth\u00e9tique, du design ou de la logistique.<\/p>\n\n\n\n<p>Nous vous conseillons, installons votre mobilier, nous vous recommandons des artisans sensibles et amoureux de leur m\u00e9tier. Des artisans \u00e0 qui nous transmettons votre univers, vos envies, votre th\u00e8me. <\/p>\n\n\n\n<p>Notre petit plus est notre exp\u00e9rience en d\u00e9coration et sc\u00e9nographie, nous vous aidons \u00e0 vous projeter au jour J, et tr\u00e8s vite, vous y voyez plus clair (dixit les mari\u00e9s accompagn\u00e9s par nos soins).<\/p>\n<\/div><figure class=\"wp-block-media-text__media\"><img loading=\"lazy\" decoding=\"async\" width=\"662\" height=\"661\" src=\"https:\/\/dev.benbenben.fr\/ppdt\/wp-content\/uploads\/2022\/12\/decoration.jpg\" alt=\"\" class=\"wp-image-1609 size-full\" srcset=\"https:\/\/dev.benbenben.fr\/ppdt\/wp-content\/uploads\/2022\/12\/decoration.jpg 662w, https:\/\/dev.benbenben.fr\/ppdt\/wp-content\/uploads\/2022\/12\/decoration-401x400.jpg 401w, https:\/\/dev.benbenben.fr\/ppdt\/wp-content\/uploads\/2022\/12\/decoration-150x150.jpg 150w, https:\/\/dev.benbenben.fr\/ppdt\/wp-content\/uploads\/2022\/12\/decoration-50x50.jpg 50w\" sizes=\"auto, (max-width: 662px) 100vw, 662px\" \/><\/figure><\/div>\n\n\n\n<div style=\"height:50px\" aria-hidden=\"true\" class=\"wp-block-spacer\"><\/div>\n","protected":false},"excerpt":{"rendered":"<p>Officiante la\u00efque L\u2019essentiel est de vous dire je t\u2019aime, l\u2019essentiel est de leur dire nous vous aimons. Les c\u00e9r\u00e9monies la\u00efques sont l\u2019occasion de raconter votre histoire d\u2019amour, votre histoire de parents, de confier vos r\u00eaves et valeurs \u00e0 vos proches. Nous cr\u00e9ons vos c\u00e9r\u00e9monies d\u2019engagement et vos c\u00e9r\u00e9monies de parrainage (bapt\u00eame des enfants)<\/p>\n","protected":false},"author":1,"featured_media":0,"parent":0,"menu_order":0,"comment_status":"closed","ping_status":"closed","template":"offices.php","meta":{"footnotes":""},"class_list":["post-7","page","type-page","status-publish","hentry"],"_links":{"self":[{"href":"https:\/\/dev.benbenben.fr\/ppdt\/wp-json\/wp\/v2\/pages\/7","targetHints":{"allow":["GET"]}}],"collection":[{"href":"https:\/\/dev.benbenben.fr\/ppdt\/wp-json\/wp\/v2\/pages"}],"about":[{"href":"https:\/\/dev.benbenben.fr\/ppdt\/wp-json\/wp\/v2\/types\/page"}],"author":[{"embeddable":true,"href":"https:\/\/dev.benbenben.fr\/ppdt\/wp-json\/wp\/v2\/users\/1"}],"replies":[{"embeddable":true,"href":"https:\/\/dev.benbenben.fr\/ppdt\/wp-json\/wp\/v2\/comments?post=7"}],"version-history":[{"count":9,"href":"https:\/\/dev.benbenben.fr\/ppdt\/wp-json\/wp\/v2\/pages\/7\/revisions"}],"predecessor-version":[{"id":1627,"href":"https:\/\/dev.benbenben.fr\/ppdt\/wp-json\/wp\/v2\/pages\/7\/revisions\/1627"}],"wp:attachment":[{"href":"https:\/\/dev.benbenben.fr\/ppdt\/wp-json\/wp\/v2\/media?parent=7"}],"curies":[{"name":"wp","href":"https:\/\/api.w.org\/{rel}","templated":true}]}}