{"id":11,"date":"2025-03-19T12:30:56","date_gmt":"2025-03-19T11:30:56","guid":{"rendered":"https:\/\/dev.benbenben.fr\/rebondissante\/?page_id=11"},"modified":"2025-03-19T12:30:56","modified_gmt":"2025-03-19T11:30:56","slug":"temoignages","status":"publish","type":"page","link":"https:\/\/dev.benbenben.fr\/rebondissante\/temoignages\/","title":{"rendered":"T\u00e9moignages"},"content":{"rendered":"\n<hr class=\"wp-block-separator has-css-opacity is-style-default\"\/>\n\n\n<div class=\"wp-block-image is-style-rounded\">\n<figure class=\"aligncenter size-large is-resized\"><img decoding=\"async\" src=\"https:\/\/s.w.org\/images\/core\/5.8\/portrait.jpg\" alt=\"Un portrait de profil d\u2019une femme portant un pull \u00e0 col roul\u00e9 ocre et un sac blanc. Elle regarde en l\u2019air et ferme les yeux.\" style=\"width:150px;height:150px\"\/><\/figure>\n<\/div>\n\n\n<blockquote class=\"wp-block-quote has-text-align-center is-style-large is-layout-flow wp-block-quote-is-layout-flow\">\n<p>\u00ab&nbsp;Contribuer me donne l\u2019impression d\u2019\u00eatre utile \u00e0 la plan\u00e8te&nbsp;\u00bb<\/p>\n<cite>\u2014 Anna Wong, <em>B\u00e9n\u00e9vole<\/em><\/cite><\/blockquote>\n\n\n\n<hr class=\"wp-block-separator has-css-opacity is-style-default\"\/>\n\n\n\n<p><\/p>\n","protected":false},"excerpt":{"rendered":"<p>\u00ab&nbsp;Contribuer me donne l\u2019impression d\u2019\u00eatre utile \u00e0 la plan\u00e8te&nbsp;\u00bb \u2014 Anna Wong, B\u00e9n\u00e9vole<\/p>\n","protected":false},"author":1,"featured_media":0,"parent":0,"menu_order":0,"comment_status":"closed","ping_status":"closed","template":"","meta":{"_uag_custom_page_level_css":"","footnotes":""},"class_list":["post-11","page","type-page","status-publish","hentry"],"yoast_head":"<!-- This site is optimized with the Yoast SEO plugin v26.6 - https:\/\/yoast.com\/wordpress\/plugins\/seo\/ -->\n<title>T\u00e9moignages - Rebondissante<\/title>\n<meta name=\"robots\" content=\"noindex, follow, max-snippet:-1, max-image-preview:large, max-video-preview:-1\" \/>\n<meta property=\"og:locale\" content=\"fr_FR\" \/>\n<meta property=\"og:type\" content=\"article\" \/>\n<meta property=\"og:title\" content=\"T\u00e9moignages - Rebondissante\" \/>\n<meta property=\"og:description\" content=\"\u00ab&nbsp;Contribuer me donne l\u2019impression d\u2019\u00eatre utile \u00e0 la plan\u00e8te&nbsp;\u00bb \u2014 Anna Wong, B\u00e9n\u00e9vole\" \/>\n<meta property=\"og:url\" content=\"https:\/\/dev.benbenben.fr\/rebondissante\/temoignages\/\" \/>\n<meta property=\"og:site_name\" content=\"Rebondissante\" \/>\n<meta property=\"og:image\" content=\"https:\/\/s.w.org\/images\/core\/5.8\/portrait.jpg\" \/>\n<meta name=\"twitter:card\" content=\"summary_large_image\" \/>\n<script type=\"application\/ld+json\" class=\"yoast-schema-graph\">{\"@context\":\"https:\/\/schema.org\",\"@graph\":[{\"@type\":\"WebPage\",\"@id\":\"https:\/\/dev.benbenben.fr\/rebondissante\/temoignages\/\",\"url\":\"https:\/\/dev.benbenben.fr\/rebondissante\/temoignages\/\",\"name\":\"T\u00e9moignages - Rebondissante\",\"isPartOf\":{\"@id\":\"https:\/\/dev.benbenben.fr\/rebondissante\/#website\"},\"primaryImageOfPage\":{\"@id\":\"https:\/\/dev.benbenben.fr\/rebondissante\/temoignages\/#primaryimage\"},\"image\":{\"@id\":\"https:\/\/dev.benbenben.fr\/rebondissante\/temoignages\/#primaryimage\"},\"thumbnailUrl\":\"https:\/\/s.w.org\/images\/core\/5.8\/portrait.jpg\",\"datePublished\":\"2025-03-19T11:30:56+00:00\",\"breadcrumb\":{\"@id\":\"https:\/\/dev.benbenben.fr\/rebondissante\/temoignages\/#breadcrumb\"},\"inLanguage\":\"fr-FR\",\"potentialAction\":[{\"@type\":\"ReadAction\",\"target\":[\"https:\/\/dev.benbenben.fr\/rebondissante\/temoignages\/\"]}]},{\"@type\":\"ImageObject\",\"inLanguage\":\"fr-FR\",\"@id\":\"https:\/\/dev.benbenben.fr\/rebondissante\/temoignages\/#primaryimage\",\"url\":\"https:\/\/s.w.org\/images\/core\/5.8\/portrait.jpg\",\"contentUrl\":\"https:\/\/s.w.org\/images\/core\/5.8\/portrait.jpg\"},{\"@type\":\"BreadcrumbList\",\"@id\":\"https:\/\/dev.benbenben.fr\/rebondissante\/temoignages\/#breadcrumb\",\"itemListElement\":[{\"@type\":\"ListItem\",\"position\":1,\"name\":\"Accueil\",\"item\":\"https:\/\/dev.benbenben.fr\/rebondissante\/\"},{\"@type\":\"ListItem\",\"position\":2,\"name\":\"T\u00e9moignages\"}]},{\"@type\":\"WebSite\",\"@id\":\"https:\/\/dev.benbenben.fr\/rebondissante\/#website\",\"url\":\"https:\/\/dev.benbenben.fr\/rebondissante\/\",\"name\":\"Rebondissante\",\"description\":\"\",\"potentialAction\":[{\"@type\":\"SearchAction\",\"target\":{\"@type\":\"EntryPoint\",\"urlTemplate\":\"https:\/\/dev.benbenben.fr\/rebondissante\/?s={search_term_string}\"},\"query-input\":{\"@type\":\"PropertyValueSpecification\",\"valueRequired\":true,\"valueName\":\"search_term_string\"}}],\"inLanguage\":\"fr-FR\"}]}<\/script>\n<!-- \/ Yoast SEO plugin. -->","yoast_head_json":{"title":"T\u00e9moignages - Rebondissante","robots":{"index":"noindex","follow":"follow","max-snippet":"max-snippet:-1","max-image-preview":"max-image-preview:large","max-video-preview":"max-video-preview:-1"},"og_locale":"fr_FR","og_type":"article","og_title":"T\u00e9moignages - Rebondissante","og_description":"\u00ab&nbsp;Contribuer me donne l\u2019impression d\u2019\u00eatre utile \u00e0 la plan\u00e8te&nbsp;\u00bb \u2014 Anna Wong, B\u00e9n\u00e9vole","og_url":"https:\/\/dev.benbenben.fr\/rebondissante\/temoignages\/","og_site_name":"Rebondissante","og_image":[{"url":"https:\/\/s.w.org\/images\/core\/5.8\/portrait.jpg","type":"","width":"","height":""}],"twitter_card":"summary_large_image","schema":{"@context":"https:\/\/schema.org","@graph":[{"@type":"WebPage","@id":"https:\/\/dev.benbenben.fr\/rebondissante\/temoignages\/","url":"https:\/\/dev.benbenben.fr\/rebondissante\/temoignages\/","name":"T\u00e9moignages - Rebondissante","isPartOf":{"@id":"https:\/\/dev.benbenben.fr\/rebondissante\/#website"},"primaryImageOfPage":{"@id":"https:\/\/dev.benbenben.fr\/rebondissante\/temoignages\/#primaryimage"},"image":{"@id":"https:\/\/dev.benbenben.fr\/rebondissante\/temoignages\/#primaryimage"},"thumbnailUrl":"https:\/\/s.w.org\/images\/core\/5.8\/portrait.jpg","datePublished":"2025-03-19T11:30:56+00:00","breadcrumb":{"@id":"https:\/\/dev.benbenben.fr\/rebondissante\/temoignages\/#breadcrumb"},"inLanguage":"fr-FR","potentialAction":[{"@type":"ReadAction","target":["https:\/\/dev.benbenben.fr\/rebondissante\/temoignages\/"]}]},{"@type":"ImageObject","inLanguage":"fr-FR","@id":"https:\/\/dev.benbenben.fr\/rebondissante\/temoignages\/#primaryimage","url":"https:\/\/s.w.org\/images\/core\/5.8\/portrait.jpg","contentUrl":"https:\/\/s.w.org\/images\/core\/5.8\/portrait.jpg"},{"@type":"BreadcrumbList","@id":"https:\/\/dev.benbenben.fr\/rebondissante\/temoignages\/#breadcrumb","itemListElement":[{"@type":"ListItem","position":1,"name":"Accueil","item":"https:\/\/dev.benbenben.fr\/rebondissante\/"},{"@type":"ListItem","position":2,"name":"T\u00e9moignages"}]},{"@type":"WebSite","@id":"https:\/\/dev.benbenben.fr\/rebondissante\/#website","url":"https:\/\/dev.benbenben.fr\/rebondissante\/","name":"Rebondissante","description":"","potentialAction":[{"@type":"SearchAction","target":{"@type":"EntryPoint","urlTemplate":"https:\/\/dev.benbenben.fr\/rebondissante\/?s={search_term_string}"},"query-input":{"@type":"PropertyValueSpecification","valueRequired":true,"valueName":"search_term_string"}}],"inLanguage":"fr-FR"}]}},"uagb_featured_image_src":{"full":false,"thumbnail":false,"medium":false,"medium_large":false,"large":false,"1536x1536":false,"2048x2048":false},"uagb_author_info":{"display_name":"admin","author_link":"https:\/\/dev.benbenben.fr\/rebondissante\/author\/admin\/"},"uagb_comment_info":0,"uagb_excerpt":"\u00ab&nbsp;Contribuer me donne l\u2019impression d\u2019\u00eatre utile \u00e0 la plan\u00e8te&nbsp;\u00bb \u2014 Anna Wong, B\u00e9n\u00e9vole","_links":{"self":[{"href":"https:\/\/dev.benbenben.fr\/rebondissante\/wp-json\/wp\/v2\/pages\/11","targetHints":{"allow":["GET"]}}],"collection":[{"href":"https:\/\/dev.benbenben.fr\/rebondissante\/wp-json\/wp\/v2\/pages"}],"about":[{"href":"https:\/\/dev.benbenben.fr\/rebondissante\/wp-json\/wp\/v2\/types\/page"}],"author":[{"embeddable":true,"href":"https:\/\/dev.benbenben.fr\/rebondissante\/wp-json\/wp\/v2\/users\/1"}],"replies":[{"embeddable":true,"href":"https:\/\/dev.benbenben.fr\/rebondissante\/wp-json\/wp\/v2\/comments?post=11"}],"version-history":[{"count":1,"href":"https:\/\/dev.benbenben.fr\/rebondissante\/wp-json\/wp\/v2\/pages\/11\/revisions"}],"predecessor-version":[{"id":12,"href":"https:\/\/dev.benbenben.fr\/rebondissante\/wp-json\/wp\/v2\/pages\/11\/revisions\/12"}],"wp:attachment":[{"href":"https:\/\/dev.benbenben.fr\/rebondissante\/wp-json\/wp\/v2\/media?parent=11"}],"curies":[{"name":"wp","href":"https:\/\/api.w.org\/{rel}","templated":true}]}}