{"id":8,"date":"2025-03-19T12:30:13","date_gmt":"2025-03-19T11:30:13","guid":{"rendered":"https:\/\/dev.benbenben.fr\/rebondissante\/?page_id=8"},"modified":"2025-03-19T12:30:13","modified_gmt":"2025-03-19T11:30:13","slug":"offres","status":"publish","type":"page","link":"https:\/\/dev.benbenben.fr\/rebondissante\/offres\/","title":{"rendered":"Offres"},"content":{"rendered":"\n<div class=\"wp-block-columns alignwide is-layout-flex wp-container-core-columns-is-layout-829b1d53 wp-block-columns-is-layout-flex\" style=\"margin-bottom:0\">\n<div class=\"wp-block-column has-text-color has-background has-link-color wp-elements-42f63ce42576ba813b790d8c1426ff41 is-layout-flow wp-block-column-is-layout-flow\" style=\"color:#000000;background-color:#ffe97d;padding-top:2em;padding-right:2em;padding-bottom:2em;padding-left:2em\">\n<h2 class=\"wp-block-heading\" id=\"single\" style=\"font-size:40px\"><strong>Individuel<\/strong><\/h2>\n\n\n\n<p class=\"has-normal-font-size\" style=\"line-height:1.5\"><strong>Contribuez \u00e0 notre communaut\u00e9 en pleine expansion.<\/strong> <\/p>\n\n\n\n<hr class=\"wp-block-separator has-text-color has-css-opacity has-background is-style-wide\" style=\"background-color:#000000;color:#000000\"\/>\n\n\n\n<ul class=\"wp-block-list has-normal-font-size\">\n<li>Entr\u00e9e libre et r\u00e9ductions r\u00e9serv\u00e9es aux membres pour un adulte<\/li>\n\n\n\n<li>Un billet gratuit par exposition temporaire<\/li>\n\n\n\n<li>Deux laissez-passer \u00e0 usage unique par an<\/li>\n<\/ul>\n\n\n\n<div class=\"wp-block-buttons alignfull is-horizontal is-content-justification-center is-layout-flex wp-container-core-buttons-is-layout-499968f5 wp-block-buttons-is-layout-flex\">\n<div class=\"wp-block-button has-custom-width wp-block-button__width-100\"><a class=\"wp-block-button__link has-white-color has-text-color has-background no-border-radius wp-element-button\" style=\"background-color:#000000\">$110 \/ an<\/a><\/div>\n<\/div>\n<\/div>\n\n\n\n<div class=\"wp-block-column has-text-color has-background has-link-color wp-elements-b6459272972f034547b4293248b9d919 is-layout-flow wp-block-column-is-layout-flow\" style=\"color:#000000;background-color:#d1d1e1;padding-top:2em;padding-right:2em;padding-bottom:2em;padding-left:2em\">\n<h2 class=\"wp-block-heading\" id=\"family\" style=\"font-size:40px\"><strong>Famille<\/strong><\/h2>\n\n\n\n<p class=\"has-normal-font-size\" style=\"line-height:1.5\"><strong>Soutenez les expositions sp\u00e9ciales.<\/strong><\/p>\n\n\n\n<hr class=\"wp-block-separator has-css-opacity is-style-wide\"\/>\n\n\n\n<ul class=\"wp-block-list has-normal-font-size\">\n<li>Entr\u00e9e libre et r\u00e9ductions r\u00e9serv\u00e9es aux membres pour deux adultes<\/li>\n\n\n\n<li>Quatre billets gratuits par exposition temporaire<\/li>\n\n\n\n<li>Quatre laissez-passer \u00e0 usage unique par an<\/li>\n<\/ul>\n\n\n\n<div class=\"wp-block-buttons alignfull is-horizontal is-content-justification-center is-layout-flex wp-container-core-buttons-is-layout-499968f5 wp-block-buttons-is-layout-flex\">\n<div class=\"wp-block-button has-custom-width wp-block-button__width-100 is-style-fill\"><a class=\"wp-block-button__link has-white-color has-text-color has-background no-border-radius wp-element-button\" style=\"background-color:#000000\">200\u20ac \/ an<\/a><\/div>\n<\/div>\n<\/div>\n\n\n\n<div class=\"wp-block-column has-text-color has-background has-link-color wp-elements-000851a30243a269d65d96f553349090 is-layout-flow wp-block-column-is-layout-flow\" style=\"color:#000000;background-color:#c0ebf1;padding-top:2em;padding-right:2em;padding-bottom:2em;padding-left:2em\">\n<h2 class=\"wp-block-heading\" id=\"patron\" style=\"font-size:40px\"><strong>M\u00e9c\u00e8ne<\/strong><\/h2>\n\n\n\n<p class=\"has-normal-font-size\"><strong>Soutenez-nous encore plus.<\/strong><\/p>\n\n\n\n<hr class=\"wp-block-separator has-css-opacity is-style-wide\"\/>\n\n\n\n<ul class=\"wp-block-list has-normal-font-size\">\n<li>Entr\u00e9e libre et r\u00e9ductions r\u00e9serv\u00e9es aux membres pour deux adultes<\/li>\n\n\n\n<li>Cinq billets gratuits par exposition temporaire<\/li>\n\n\n\n<li>Quatre laissez-passer \u00e0 usage unique par an<\/li>\n<\/ul>\n\n\n\n<div class=\"wp-block-buttons alignfull is-horizontal is-content-justification-center is-layout-flex wp-container-core-buttons-is-layout-499968f5 wp-block-buttons-is-layout-flex\">\n<div class=\"wp-block-button has-custom-width wp-block-button__width-100\"><a class=\"wp-block-button__link has-white-color has-text-color has-background no-border-radius wp-element-button\" style=\"background-color:#000000\">$400 \/ an<\/a><\/div>\n<\/div>\n<\/div>\n<\/div>\n","protected":false},"excerpt":{"rendered":"<p>Individuel Contribuez \u00e0 notre communaut\u00e9 en pleine expansion. Famille Soutenez les expositions sp\u00e9ciales. M\u00e9c\u00e8ne Soutenez-nous encore plus.<\/p>\n","protected":false},"author":1,"featured_media":0,"parent":0,"menu_order":0,"comment_status":"closed","ping_status":"closed","template":"","meta":{"_uag_custom_page_level_css":"","footnotes":""},"class_list":["post-8","page","type-page","status-publish","hentry"],"yoast_head":"<!-- This site is optimized with the Yoast SEO plugin v26.6 - https:\/\/yoast.com\/wordpress\/plugins\/seo\/ -->\n<title>Offres - Rebondissante<\/title>\n<meta name=\"robots\" content=\"noindex, follow, max-snippet:-1, max-image-preview:large, max-video-preview:-1\" \/>\n<meta property=\"og:locale\" content=\"fr_FR\" \/>\n<meta property=\"og:type\" content=\"article\" \/>\n<meta property=\"og:title\" content=\"Offres - Rebondissante\" \/>\n<meta property=\"og:description\" content=\"Individuel Contribuez \u00e0 notre communaut\u00e9 en pleine expansion. Famille Soutenez les expositions sp\u00e9ciales. M\u00e9c\u00e8ne Soutenez-nous encore plus.\" \/>\n<meta property=\"og:url\" content=\"https:\/\/dev.benbenben.fr\/rebondissante\/offres\/\" \/>\n<meta property=\"og:site_name\" content=\"Rebondissante\" \/>\n<meta name=\"twitter:card\" content=\"summary_large_image\" \/>\n<meta name=\"twitter:label1\" content=\"Dur\u00e9e de lecture estim\u00e9e\" \/>\n\t<meta name=\"twitter:data1\" content=\"1 minute\" \/>\n<script type=\"application\/ld+json\" class=\"yoast-schema-graph\">{\"@context\":\"https:\/\/schema.org\",\"@graph\":[{\"@type\":\"WebPage\",\"@id\":\"https:\/\/dev.benbenben.fr\/rebondissante\/offres\/\",\"url\":\"https:\/\/dev.benbenben.fr\/rebondissante\/offres\/\",\"name\":\"Offres - Rebondissante\",\"isPartOf\":{\"@id\":\"https:\/\/dev.benbenben.fr\/rebondissante\/#website\"},\"datePublished\":\"2025-03-19T11:30:13+00:00\",\"breadcrumb\":{\"@id\":\"https:\/\/dev.benbenben.fr\/rebondissante\/offres\/#breadcrumb\"},\"inLanguage\":\"fr-FR\",\"potentialAction\":[{\"@type\":\"ReadAction\",\"target\":[\"https:\/\/dev.benbenben.fr\/rebondissante\/offres\/\"]}]},{\"@type\":\"BreadcrumbList\",\"@id\":\"https:\/\/dev.benbenben.fr\/rebondissante\/offres\/#breadcrumb\",\"itemListElement\":[{\"@type\":\"ListItem\",\"position\":1,\"name\":\"Accueil\",\"item\":\"https:\/\/dev.benbenben.fr\/rebondissante\/\"},{\"@type\":\"ListItem\",\"position\":2,\"name\":\"Offres\"}]},{\"@type\":\"WebSite\",\"@id\":\"https:\/\/dev.benbenben.fr\/rebondissante\/#website\",\"url\":\"https:\/\/dev.benbenben.fr\/rebondissante\/\",\"name\":\"Rebondissante\",\"description\":\"\",\"potentialAction\":[{\"@type\":\"SearchAction\",\"target\":{\"@type\":\"EntryPoint\",\"urlTemplate\":\"https:\/\/dev.benbenben.fr\/rebondissante\/?s={search_term_string}\"},\"query-input\":{\"@type\":\"PropertyValueSpecification\",\"valueRequired\":true,\"valueName\":\"search_term_string\"}}],\"inLanguage\":\"fr-FR\"}]}<\/script>\n<!-- \/ Yoast SEO plugin. -->","yoast_head_json":{"title":"Offres - Rebondissante","robots":{"index":"noindex","follow":"follow","max-snippet":"max-snippet:-1","max-image-preview":"max-image-preview:large","max-video-preview":"max-video-preview:-1"},"og_locale":"fr_FR","og_type":"article","og_title":"Offres - Rebondissante","og_description":"Individuel Contribuez \u00e0 notre communaut\u00e9 en pleine expansion. Famille Soutenez les expositions sp\u00e9ciales. M\u00e9c\u00e8ne Soutenez-nous encore plus.","og_url":"https:\/\/dev.benbenben.fr\/rebondissante\/offres\/","og_site_name":"Rebondissante","twitter_card":"summary_large_image","twitter_misc":{"Dur\u00e9e de lecture estim\u00e9e":"1 minute"},"schema":{"@context":"https:\/\/schema.org","@graph":[{"@type":"WebPage","@id":"https:\/\/dev.benbenben.fr\/rebondissante\/offres\/","url":"https:\/\/dev.benbenben.fr\/rebondissante\/offres\/","name":"Offres - Rebondissante","isPartOf":{"@id":"https:\/\/dev.benbenben.fr\/rebondissante\/#website"},"datePublished":"2025-03-19T11:30:13+00:00","breadcrumb":{"@id":"https:\/\/dev.benbenben.fr\/rebondissante\/offres\/#breadcrumb"},"inLanguage":"fr-FR","potentialAction":[{"@type":"ReadAction","target":["https:\/\/dev.benbenben.fr\/rebondissante\/offres\/"]}]},{"@type":"BreadcrumbList","@id":"https:\/\/dev.benbenben.fr\/rebondissante\/offres\/#breadcrumb","itemListElement":[{"@type":"ListItem","position":1,"name":"Accueil","item":"https:\/\/dev.benbenben.fr\/rebondissante\/"},{"@type":"ListItem","position":2,"name":"Offres"}]},{"@type":"WebSite","@id":"https:\/\/dev.benbenben.fr\/rebondissante\/#website","url":"https:\/\/dev.benbenben.fr\/rebondissante\/","name":"Rebondissante","description":"","potentialAction":[{"@type":"SearchAction","target":{"@type":"EntryPoint","urlTemplate":"https:\/\/dev.benbenben.fr\/rebondissante\/?s={search_term_string}"},"query-input":{"@type":"PropertyValueSpecification","valueRequired":true,"valueName":"search_term_string"}}],"inLanguage":"fr-FR"}]}},"uagb_featured_image_src":{"full":false,"thumbnail":false,"medium":false,"medium_large":false,"large":false,"1536x1536":false,"2048x2048":false},"uagb_author_info":{"display_name":"admin","author_link":"https:\/\/dev.benbenben.fr\/rebondissante\/author\/admin\/"},"uagb_comment_info":0,"uagb_excerpt":"Individuel Contribuez \u00e0 notre communaut\u00e9 en pleine expansion. Famille Soutenez les expositions sp\u00e9ciales. M\u00e9c\u00e8ne Soutenez-nous encore plus.","_links":{"self":[{"href":"https:\/\/dev.benbenben.fr\/rebondissante\/wp-json\/wp\/v2\/pages\/8","targetHints":{"allow":["GET"]}}],"collection":[{"href":"https:\/\/dev.benbenben.fr\/rebondissante\/wp-json\/wp\/v2\/pages"}],"about":[{"href":"https:\/\/dev.benbenben.fr\/rebondissante\/wp-json\/wp\/v2\/types\/page"}],"author":[{"embeddable":true,"href":"https:\/\/dev.benbenben.fr\/rebondissante\/wp-json\/wp\/v2\/users\/1"}],"replies":[{"embeddable":true,"href":"https:\/\/dev.benbenben.fr\/rebondissante\/wp-json\/wp\/v2\/comments?post=8"}],"version-history":[{"count":1,"href":"https:\/\/dev.benbenben.fr\/rebondissante\/wp-json\/wp\/v2\/pages\/8\/revisions"}],"predecessor-version":[{"id":10,"href":"https:\/\/dev.benbenben.fr\/rebondissante\/wp-json\/wp\/v2\/pages\/8\/revisions\/10"}],"wp:attachment":[{"href":"https:\/\/dev.benbenben.fr\/rebondissante\/wp-json\/wp\/v2\/media?parent=8"}],"curies":[{"name":"wp","href":"https:\/\/api.w.org\/{rel}","templated":true}]}}